{"id":2612,"date":"2018-08-02T11:34:30","date_gmt":"2018-08-02T11:34:30","guid":{"rendered":"http:\/\/www.szikorarendezoiroda.hu\/szikora\/?page_id=2612"},"modified":"2018-08-03T05:44:35","modified_gmt":"2018-08-03T05:44:35","slug":"der-heni","status":"publish","type":"page","link":"http:\/\/www.szikorarendezoiroda.hu\/szikora\/tancdal-retro-pop\/der-heni\/","title":{"rendered":"D\u00e9r Heni"},"content":{"rendered":"<p>&nbsp;<\/p>\n<p>A Vajdas\u00e1gban sz\u00fcletett \u00e9nekesn\u0151 a Sugarloafban kezdte p\u00e1lyafut\u00e1s\u00e1t. 2013-ban kezdte el sz\u00f3l\u00f3karrierj\u00e9t.\u00a0 Els\u0151 albuma Intro c\u00edmen jelentmeg. Sl\u00e1gereit mai napig sz\u00edvesen j\u00e1tsz\u00e1k a r\u00e1di\u00f3k.<\/p>\n<p><a href=\"http:\/\/www.szikorarendezoiroda.hu\/szikora\/wp-content\/uploads\/2018\/08\/derheni_2018_007.jpg\"><img loading=\"lazy\" decoding=\"async\" class=\" size-full wp-image-2614 alignnone\" src=\"http:\/\/www.szikorarendezoiroda.hu\/szikora\/wp-content\/uploads\/2018\/08\/derheni_2018_007.jpg\" alt=\"derheni_2018_007\" width=\"506\" height=\"768\" srcset=\"http:\/\/www.szikorarendezoiroda.hu\/szikora\/wp-content\/uploads\/2018\/08\/derheni_2018_007.jpg 506w, http:\/\/www.szikorarendezoiroda.hu\/szikora\/wp-content\/uploads\/2018\/08\/derheni_2018_007-198x300.jpg 198w\" sizes=\"(max-width: 506px) 100vw, 506px\" \/><\/a><\/p>\n<p>&nbsp;<\/p>\n<p><iframe loading=\"lazy\" width=\"800\" height=\"450\" src=\"https:\/\/www.youtube.com\/embed\/9Fir_02MTlE?feature=oembed\" frameborder=\"0\" allow=\"autoplay; encrypted-media\" allowfullscreen><\/iframe><\/p>\n<p>&nbsp;<\/p>\n","protected":false},"excerpt":{"rendered":"<p>&nbsp; A Vajdas\u00e1gban sz\u00fcletett \u00e9nekesn\u0151 a Sugarloafban kezdte p\u00e1lyafut\u00e1s\u00e1t. 2013-ban kezdte el sz\u00f3l\u00f3karrierj\u00e9t.\u00a0 Els\u0151 albuma Intro c\u00edmen jelentmeg. Sl\u00e1gereit mai napig sz\u00edvesen j\u00e1tsz\u00e1k a r\u00e1di\u00f3k. &nbsp; &nbsp;<\/p>\n","protected":false},"author":1,"featured_media":2613,"parent":20,"menu_order":0,"comment_status":"open","ping_status":"open","template":"","meta":{"footnotes":""},"aioseo_notices":[],"_links":{"self":[{"href":"http:\/\/www.szikorarendezoiroda.hu\/szikora\/wp-json\/wp\/v2\/pages\/2612"}],"collection":[{"href":"http:\/\/www.szikorarendezoiroda.hu\/szikora\/wp-json\/wp\/v2\/pages"}],"about":[{"href":"http:\/\/www.szikorarendezoiroda.hu\/szikora\/wp-json\/wp\/v2\/types\/page"}],"author":[{"embeddable":true,"href":"http:\/\/www.szikorarendezoiroda.hu\/szikora\/wp-json\/wp\/v2\/users\/1"}],"replies":[{"embeddable":true,"href":"http:\/\/www.szikorarendezoiroda.hu\/szikora\/wp-json\/wp\/v2\/comments?post=2612"}],"version-history":[{"count":2,"href":"http:\/\/www.szikorarendezoiroda.hu\/szikora\/wp-json\/wp\/v2\/pages\/2612\/revisions"}],"predecessor-version":[{"id":2841,"href":"http:\/\/www.szikorarendezoiroda.hu\/szikora\/wp-json\/wp\/v2\/pages\/2612\/revisions\/2841"}],"up":[{"embeddable":true,"href":"http:\/\/www.szikorarendezoiroda.hu\/szikora\/wp-json\/wp\/v2\/pages\/20"}],"wp:featuredmedia":[{"embeddable":true,"href":"http:\/\/www.szikorarendezoiroda.hu\/szikora\/wp-json\/wp\/v2\/media\/2613"}],"wp:attachment":[{"href":"http:\/\/www.szikorarendezoiroda.hu\/szikora\/wp-json\/wp\/v2\/media?parent=2612"}],"curies":[{"name":"wp","href":"https:\/\/api.w.org\/{rel}","templated":true}]}}