{"id":2551,"date":"2018-07-24T15:43:02","date_gmt":"2018-07-24T15:43:02","guid":{"rendered":"http:\/\/www.szikorarendezoiroda.hu\/szikora\/?page_id=2551"},"modified":"2018-08-03T05:47:05","modified_gmt":"2018-08-03T05:47:05","slug":"kiraly-eszter","status":"publish","type":"page","link":"http:\/\/www.szikorarendezoiroda.hu\/szikora\/podium-vers-szinmuveszek\/kiraly-eszter\/","title":{"rendered":"Kir\u00e1ly Eszter"},"content":{"rendered":"<p>&nbsp;<\/p>\n<p>Kir\u00e1ly Eszter \u00edr\u00f3 , \u00fajs\u00e1g\u00edr\u00f3, a \u201e Meddig tart a kapcsolatunk..\u201d c\u00edm\u0171 \u00f6nismereti , \u00f6nseg\u00edt\u0151 k\u00f6nyv szerz\u0151je.<\/p>\n<p>\u00cdr\u00f3 \u2013 olvas\u00f3 tal\u00e1lkoz\u00f3in kend\u0151zetlen \u0151szintes\u00e9ggel besz\u00e9l a modern p\u00e1rkapcsolati probl\u00e9 m\u00e1kr\u00f3l \u00e9s seg\u00edt megtanulni\u00a0 \u201e n\u0151\u00fcl \u201e ,\u00a0 hogy tiszta \u00f6nbecs\u00fcl\u00e9ssel viselhess\u00fck n\u0151iess\u00e9g\u00fcnket \u00e9s \u00e9rzelme-\u00a0 inket.<\/p>\n<p>K\u00f6nyvei a helysz\u00ednen dedik\u00e1lva megv\u00e1s\u00e1rolhat\u00f3k.<\/p>\n<p>&nbsp;<\/p>\n","protected":false},"excerpt":{"rendered":"<p>&nbsp; Kir\u00e1ly Eszter \u00edr\u00f3 , \u00fajs\u00e1g\u00edr\u00f3, a \u201e Meddig tart a kapcsolatunk..\u201d c\u00edm\u0171 \u00f6nismereti , \u00f6nseg\u00edt\u0151 k\u00f6nyv szerz\u0151je. \u00cdr\u00f3 \u2013 olvas\u00f3 tal\u00e1lkoz\u00f3in kend\u0151zetlen \u0151szintes\u00e9ggel besz\u00e9l a modern p\u00e1rkapcsolati probl\u00e9 m\u00e1kr\u00f3l <a class=\"more-link\" href=\"http:\/\/www.szikorarendezoiroda.hu\/szikora\/podium-vers-szinmuveszek\/kiraly-eszter\/\">A folytat&aacute;s olvas&aacute;sa &rarr;<\/a><\/p>\n","protected":false},"author":1,"featured_media":2552,"parent":2,"menu_order":0,"comment_status":"open","ping_status":"open","template":"","meta":{"footnotes":""},"aioseo_notices":[],"_links":{"self":[{"href":"http:\/\/www.szikorarendezoiroda.hu\/szikora\/wp-json\/wp\/v2\/pages\/2551"}],"collection":[{"href":"http:\/\/www.szikorarendezoiroda.hu\/szikora\/wp-json\/wp\/v2\/pages"}],"about":[{"href":"http:\/\/www.szikorarendezoiroda.hu\/szikora\/wp-json\/wp\/v2\/types\/page"}],"author":[{"embeddable":true,"href":"http:\/\/www.szikorarendezoiroda.hu\/szikora\/wp-json\/wp\/v2\/users\/1"}],"replies":[{"embeddable":true,"href":"http:\/\/www.szikorarendezoiroda.hu\/szikora\/wp-json\/wp\/v2\/comments?post=2551"}],"version-history":[{"count":3,"href":"http:\/\/www.szikorarendezoiroda.hu\/szikora\/wp-json\/wp\/v2\/pages\/2551\/revisions"}],"predecessor-version":[{"id":2844,"href":"http:\/\/www.szikorarendezoiroda.hu\/szikora\/wp-json\/wp\/v2\/pages\/2551\/revisions\/2844"}],"up":[{"embeddable":true,"href":"http:\/\/www.szikorarendezoiroda.hu\/szikora\/wp-json\/wp\/v2\/pages\/2"}],"wp:featuredmedia":[{"embeddable":true,"href":"http:\/\/www.szikorarendezoiroda.hu\/szikora\/wp-json\/wp\/v2\/media\/2552"}],"wp:attachment":[{"href":"http:\/\/www.szikorarendezoiroda.hu\/szikora\/wp-json\/wp\/v2\/media?parent=2551"}],"curies":[{"name":"wp","href":"https:\/\/api.w.org\/{rel}","templated":true}]}}