{"id":2531,"date":"2018-07-24T15:28:45","date_gmt":"2018-07-24T15:28:45","guid":{"rendered":"http:\/\/www.szikorarendezoiroda.hu\/szikora\/?page_id=2531"},"modified":"2018-08-05T14:27:17","modified_gmt":"2018-08-05T14:27:17","slug":"club-54-mamma-mia","status":"publish","type":"page","link":"http:\/\/www.szikorarendezoiroda.hu\/szikora\/tancdal-retro-pop\/club-54-mamma-mia\/","title":{"rendered":"Club 54 &#038; Mamma Mia"},"content":{"rendered":"<p>&nbsp;<\/p>\n<p>A zenekar v\u00e1ltozatlan, eredeti fel\u00e1ll\u00e1sban dolgozik tov\u00e1bb, Gallusz Nikolett a Mad\u00e1ch sz\u00ednh\u00e1z m\u0171v\u00e9szn\u0151je \u00e9s a Mamma Mia c. musical f\u0151szerepl\u0151je, N\u00e9meth G\u00e1bor \u201eN\u00c9MO&#8221;\u00a0 \u00e9s Juh\u00e1sz Attila\u00a0 \u201eJACK&#8221; .<\/p>\n<p>Reperto\u00e1rukon a n\u00e9pszer\u0171 sl\u00e1gerek mellett az ABBA egy\u00fcttes number one dalai is felcsend\u00fclnek.<\/p>\n<p>&nbsp;<\/p>\n<p><iframe loading=\"lazy\" width=\"800\" height=\"450\" src=\"https:\/\/www.youtube.com\/embed\/SmPKOtt5-SY?feature=oembed\" frameborder=\"0\" allow=\"autoplay; encrypted-media\" allowfullscreen><\/iframe><\/p>\n<p>&nbsp;<\/p>\n","protected":false},"excerpt":{"rendered":"<p>&nbsp; A zenekar v\u00e1ltozatlan, eredeti fel\u00e1ll\u00e1sban dolgozik tov\u00e1bb, Gallusz Nikolett a Mad\u00e1ch sz\u00ednh\u00e1z m\u0171v\u00e9szn\u0151je \u00e9s a Mamma Mia c. musical f\u0151szerepl\u0151je, N\u00e9meth G\u00e1bor \u201eN\u00c9MO&#8221;\u00a0 \u00e9s Juh\u00e1sz Attila\u00a0 \u201eJACK&#8221; . Reperto\u00e1rukon <a class=\"more-link\" href=\"http:\/\/www.szikorarendezoiroda.hu\/szikora\/tancdal-retro-pop\/club-54-mamma-mia\/\">A folytat&aacute;s olvas&aacute;sa &rarr;<\/a><\/p>\n","protected":false},"author":1,"featured_media":2532,"parent":20,"menu_order":0,"comment_status":"open","ping_status":"open","template":"","meta":{"footnotes":""},"aioseo_notices":[],"_links":{"self":[{"href":"http:\/\/www.szikorarendezoiroda.hu\/szikora\/wp-json\/wp\/v2\/pages\/2531"}],"collection":[{"href":"http:\/\/www.szikorarendezoiroda.hu\/szikora\/wp-json\/wp\/v2\/pages"}],"about":[{"href":"http:\/\/www.szikorarendezoiroda.hu\/szikora\/wp-json\/wp\/v2\/types\/page"}],"author":[{"embeddable":true,"href":"http:\/\/www.szikorarendezoiroda.hu\/szikora\/wp-json\/wp\/v2\/users\/1"}],"replies":[{"embeddable":true,"href":"http:\/\/www.szikorarendezoiroda.hu\/szikora\/wp-json\/wp\/v2\/comments?post=2531"}],"version-history":[{"count":4,"href":"http:\/\/www.szikorarendezoiroda.hu\/szikora\/wp-json\/wp\/v2\/pages\/2531\/revisions"}],"predecessor-version":[{"id":3233,"href":"http:\/\/www.szikorarendezoiroda.hu\/szikora\/wp-json\/wp\/v2\/pages\/2531\/revisions\/3233"}],"up":[{"embeddable":true,"href":"http:\/\/www.szikorarendezoiroda.hu\/szikora\/wp-json\/wp\/v2\/pages\/20"}],"wp:featuredmedia":[{"embeddable":true,"href":"http:\/\/www.szikorarendezoiroda.hu\/szikora\/wp-json\/wp\/v2\/media\/2532"}],"wp:attachment":[{"href":"http:\/\/www.szikorarendezoiroda.hu\/szikora\/wp-json\/wp\/v2\/media?parent=2531"}],"curies":[{"name":"wp","href":"https:\/\/api.w.org\/{rel}","templated":true}]}}