{"id":2259,"date":"2016-06-01T07:25:40","date_gmt":"2016-06-01T07:25:40","guid":{"rendered":"http:\/\/www.szikorarendezoiroda.hu\/szikora\/?page_id=2259"},"modified":"2018-08-03T04:17:20","modified_gmt":"2018-08-03T04:17:20","slug":"unique","status":"publish","type":"page","link":"http:\/\/www.szikorarendezoiroda.hu\/szikora\/tancdal-retro-pop\/unique\/","title":{"rendered":"UNIQUE"},"content":{"rendered":"<p><span style=\"font-family: Arial,Helvetica,sans-serif; font-size: 12pt;\">A magyar k\u00f6nny\u0171zenei \u00e9let megker\u00fclhetetlen \u00e9s az egyik\u00a0 legegyedibb hangz\u00e1svil\u00e1ggal b\u00edr\u00f3 \u2013 imm\u00e1r 15 \u00e9ve\u00a0 az \u00e9lvonalban l\u00e9tez\u0151 \u2013 popzenei form\u00e1ci\u00f3ja, sz\u00e1mos zenei elismer\u00e9s tulajdonosa.\u00a0<\/span><\/p>\n<p>&nbsp;<\/p>\n<p><span style=\"font-family: Arial,Helvetica,sans-serif; font-size: 12pt;\"> A csapat olyan sl\u00e1gereket tudhat mag\u00e1\u00e9nak, mint <em>Mi van a nevedben\u2026?,\u00a0 Csillagtenger\u2026,\u00a0 Angyal\u2026,\u00a0 Mozaik \u2026,\u00a0 Ugye mindig itt leszel\u2026?\u00a0 Hiszed vagy sem\u2026<\/em>\u00a0\u00a0\u00a0 <\/span><\/p>\n<p><span style=\"font-family: Arial,Helvetica,sans-serif; font-size: 12pt;\">V\u00f6lgyesi Gabriella a tri\u00f3 \u00e9nekesn\u0151je a magyar zenei- \u00e9s k\u00f6z\u00e9let \u00e1lland\u00f3 szerepl\u0151je \u00e9s egyik legszubjekt\u00edvebb egy\u00e9nis\u00e9ge , aki muzikalit\u00e1s\u00e1t sz\u00fcleit\u0151l \u00f6r\u00f6k\u00f6lte .\u00a0\u00a0\u00a0\u00a0\u00a0\u00a0 <\/span><\/p>\n<p><span style=\"font-family: Arial,Helvetica,sans-serif; font-size: 12pt;\">\u00c9desapja zenekar\u00e1nak fell\u00e9p\u00e9sei alkalm\u00e1val m\u00e1r eg\u00e9sz fiatalon sz\u00ednpadra l\u00e9pett.\u00a0\u00a0 A Unique fell\u00e9p\u00e9sein a fiatalabb \u00e9s id\u0151sebb gener\u00e1ci\u00f3nak egyar\u00e1nt tartalmas , min\u0151s\u00e9gi \u00e9s sz\u00f3rakoztat\u00f3 programot ny\u00fajt.\u00a0 <\/span><\/p>\n<p><span style=\"font-family: Arial,Helvetica,sans-serif; font-size: 12pt;\">Leg\u00fajabb\u00a0 daluk az RTL Klub\u00a0 Hungarys Got Talent c\u00edm\u0171 m\u0171sor\u00e1nak extra produkci\u00f3jak\u00e9nt deb\u00fct\u00e1lt.<\/span><\/p>\n<p>&nbsp;<\/p>\n<p><iframe loading=\"lazy\" width=\"800\" height=\"450\" src=\"https:\/\/www.youtube.com\/embed\/UnTQZDya8s4?feature=oembed\" frameborder=\"0\" allowfullscreen><\/iframe><\/p>\n<p>&nbsp;<\/p>\n<div style=\"clear: both; display: block; text-align:center; margin-left: auto; margin-right: auto;\"><img loading=\"lazy\" decoding=\"async\" src=\"http:\/\/www.szikorarendezoiroda.hu\/szikora\/wp-content\/plugins\/contact-form-lite\/inc\/images\/ajax-loader.gif\" width=\"32\" height=\"32\"\/><\/div>\n","protected":false},"excerpt":{"rendered":"<p>A magyar k\u00f6nny\u0171zenei \u00e9let megker\u00fclhetetlen \u00e9s az egyik\u00a0 legegyedibb hangz\u00e1svil\u00e1ggal b\u00edr\u00f3 \u2013 imm\u00e1r 15 \u00e9ve\u00a0 az \u00e9lvonalban l\u00e9tez\u0151 \u2013 popzenei form\u00e1ci\u00f3ja, sz\u00e1mos zenei elismer\u00e9s tulajdonosa.\u00a0 &nbsp; A csapat olyan sl\u00e1gereket <a class=\"more-link\" href=\"http:\/\/www.szikorarendezoiroda.hu\/szikora\/tancdal-retro-pop\/unique\/\">A folytat&aacute;s olvas&aacute;sa &rarr;<\/a><\/p>\n","protected":false},"author":1,"featured_media":2252,"parent":20,"menu_order":0,"comment_status":"open","ping_status":"open","template":"","meta":{"footnotes":""},"aioseo_notices":[],"_links":{"self":[{"href":"http:\/\/www.szikorarendezoiroda.hu\/szikora\/wp-json\/wp\/v2\/pages\/2259"}],"collection":[{"href":"http:\/\/www.szikorarendezoiroda.hu\/szikora\/wp-json\/wp\/v2\/pages"}],"about":[{"href":"http:\/\/www.szikorarendezoiroda.hu\/szikora\/wp-json\/wp\/v2\/types\/page"}],"author":[{"embeddable":true,"href":"http:\/\/www.szikorarendezoiroda.hu\/szikora\/wp-json\/wp\/v2\/users\/1"}],"replies":[{"embeddable":true,"href":"http:\/\/www.szikorarendezoiroda.hu\/szikora\/wp-json\/wp\/v2\/comments?post=2259"}],"version-history":[{"count":2,"href":"http:\/\/www.szikorarendezoiroda.hu\/szikora\/wp-json\/wp\/v2\/pages\/2259\/revisions"}],"predecessor-version":[{"id":2768,"href":"http:\/\/www.szikorarendezoiroda.hu\/szikora\/wp-json\/wp\/v2\/pages\/2259\/revisions\/2768"}],"up":[{"embeddable":true,"href":"http:\/\/www.szikorarendezoiroda.hu\/szikora\/wp-json\/wp\/v2\/pages\/20"}],"wp:featuredmedia":[{"embeddable":true,"href":"http:\/\/www.szikorarendezoiroda.hu\/szikora\/wp-json\/wp\/v2\/media\/2252"}],"wp:attachment":[{"href":"http:\/\/www.szikorarendezoiroda.hu\/szikora\/wp-json\/wp\/v2\/media?parent=2259"}],"curies":[{"name":"wp","href":"https:\/\/api.w.org\/{rel}","templated":true}]}}