{"id":2084,"date":"2015-06-08T08:25:31","date_gmt":"2015-06-08T08:25:31","guid":{"rendered":"http:\/\/www.szikorarendezoiroda.hu\/szikora\/?page_id=2084"},"modified":"2018-08-05T08:14:39","modified_gmt":"2018-08-05T08:14:39","slug":"bodri-es-a-miskakancso","status":"publish","type":"page","link":"http:\/\/www.szikorarendezoiroda.hu\/szikora\/magyarnota-mulatos\/bodri-es-a-miskakancso\/","title":{"rendered":"Bodri \u00e9s a Miskakancs\u00f3"},"content":{"rendered":"<p><span style=\"font-family: Georgia,Palatino; font-size: 12pt;\">Hangz\u00e1svil\u00e1guk egyed\u00fcl\u00e1ll\u00f3 , ugyanis a hagyom\u00e1nyos , kiv\u00e1l\u00f3 magyar n\u00e9pdalokat , n\u00f3t\u00e1kat dolgozt\u00e1k fel professzion\u00e1lis \u00e9s egyedi zenekari hangszerel\u00e9ssel. F\u00e9lplaybackes \u00e9s zenekari fel\u00e1ll\u00e1sban is v\u00e1llalnak fell\u00e9p\u00e9seket. A zenekar hivatalos partnere a Sl\u00e1gerTV.<\/span><\/p>\n<p><iframe loading=\"lazy\" width=\"800\" height=\"450\" src=\"https:\/\/www.youtube.com\/embed\/Owk3ZueX-h4?feature=oembed\" frameborder=\"0\" allowfullscreen><\/iframe><\/p>\n","protected":false},"excerpt":{"rendered":"<p>Hangz\u00e1svil\u00e1guk egyed\u00fcl\u00e1ll\u00f3 , ugyanis a hagyom\u00e1nyos , kiv\u00e1l\u00f3 magyar n\u00e9pdalokat , n\u00f3t\u00e1kat dolgozt\u00e1k fel professzion\u00e1lis \u00e9s egyedi zenekari hangszerel\u00e9ssel. F\u00e9lplaybackes \u00e9s zenekari fel\u00e1ll\u00e1sban is v\u00e1llalnak fell\u00e9p\u00e9seket. A zenekar hivatalos partnere <a class=\"more-link\" href=\"http:\/\/www.szikorarendezoiroda.hu\/szikora\/magyarnota-mulatos\/bodri-es-a-miskakancso\/\">A folytat&aacute;s olvas&aacute;sa &rarr;<\/a><\/p>\n","protected":false},"author":1,"featured_media":3208,"parent":31,"menu_order":0,"comment_status":"open","ping_status":"open","template":"","meta":{"footnotes":""},"aioseo_notices":[],"_links":{"self":[{"href":"http:\/\/www.szikorarendezoiroda.hu\/szikora\/wp-json\/wp\/v2\/pages\/2084"}],"collection":[{"href":"http:\/\/www.szikorarendezoiroda.hu\/szikora\/wp-json\/wp\/v2\/pages"}],"about":[{"href":"http:\/\/www.szikorarendezoiroda.hu\/szikora\/wp-json\/wp\/v2\/types\/page"}],"author":[{"embeddable":true,"href":"http:\/\/www.szikorarendezoiroda.hu\/szikora\/wp-json\/wp\/v2\/users\/1"}],"replies":[{"embeddable":true,"href":"http:\/\/www.szikorarendezoiroda.hu\/szikora\/wp-json\/wp\/v2\/comments?post=2084"}],"version-history":[{"count":1,"href":"http:\/\/www.szikorarendezoiroda.hu\/szikora\/wp-json\/wp\/v2\/pages\/2084\/revisions"}],"predecessor-version":[{"id":2085,"href":"http:\/\/www.szikorarendezoiroda.hu\/szikora\/wp-json\/wp\/v2\/pages\/2084\/revisions\/2085"}],"up":[{"embeddable":true,"href":"http:\/\/www.szikorarendezoiroda.hu\/szikora\/wp-json\/wp\/v2\/pages\/31"}],"wp:featuredmedia":[{"embeddable":true,"href":"http:\/\/www.szikorarendezoiroda.hu\/szikora\/wp-json\/wp\/v2\/media\/3208"}],"wp:attachment":[{"href":"http:\/\/www.szikorarendezoiroda.hu\/szikora\/wp-json\/wp\/v2\/media?parent=2084"}],"curies":[{"name":"wp","href":"https:\/\/api.w.org\/{rel}","templated":true}]}}