{"id":1801,"date":"2015-06-04T06:37:25","date_gmt":"2015-06-04T06:37:25","guid":{"rendered":"http:\/\/www.szikorarendezoiroda.hu\/szikora\/?page_id=1801"},"modified":"2018-08-05T07:58:51","modified_gmt":"2018-08-05T07:58:51","slug":"mario","status":"publish","type":"page","link":"http:\/\/www.szikorarendezoiroda.hu\/szikora\/magyarnota-mulatos\/mario\/","title":{"rendered":"M\u00c1RI\u00d3"},"content":{"rendered":"<p><span style=\"font-size: 12pt; font-family: Georgia,Palatino;\">2001 \u2013 ben szinte berobbant a k\u00f6ztudatba \u201e M\u00e1ri\u00f3 a Harmonik\u00e1s \u201e cs\u00edkos p\u00f3l\u00f3j\u00e1val ami r\u00f6gt\u00f6n v\u00e9djegy\u00e9v\u00e9 is v\u00e1lt. \u00d6t \u00e9ves volt , mikor megkapta els\u0151 harmonik\u00e1j\u00e1t . J\u00f3 volt a hangszerv\u00e1laszt\u00e1s mert azonnal kit\u00fcnt vonz\u00f3d\u00e1sa a zene ir\u00e1nt \u00e9s hogy ez a vonz\u00f3d\u00e1s tehets\u00e9ggel \u00e9s szorgalommal is p\u00e1rosult. Hangszer\u00e9vel az\u00f3ta m\u0171faja egyik legn\u00e9pszer\u00fcbb el\u0151ad\u00f3ja . Els\u0151 lemez\u00e9nek c\u00edme is mi m\u00e1s lehetett volna mint a \u201e Harmo- nik\u00e1s \u201e Az elhangz\u00f3 dalok romantikusak , m\u00e9ly \u00e9rzelmeket t\u00fckr\u00f6z\u0151ek \u00e9s ezekhez a kellemes hang \u00e9s kedves egy\u00e9nis\u00e9g &#8211; melyb\u0151l sug\u00e1rzik a szeretet &#8211; azonnal a k\u00f6z\u00f6ns\u00e9g rajong\u00e1s\u00e1t v\u00e1ltotta ki. Eladott lemeze- inek sz\u00e1ma el\u00e9rte az \u00f6tsz\u00e1zezret . Mind ezekre a koron\u00e1t 2006 \u2013 ban egy hatalmas siker\u0171 megakoncert tette fel. Kar\u00e1csonyi koncertje az \u00fcnnep k\u00f6zeledt\u00e9vel mindig maradand\u00f3 \u00e9lm\u00e9nyt ny\u00fajt eleganci\u00e1j\u00e1val , harm\u00f3ni\u00e1- j\u00e1val , val\u00f3di felk\u00e9sz\u00edt\u00e9se a l\u00e9leknek a szeretet \u00fcnnep\u00e9re.<\/span><\/p>\n<p><span style=\"font-size: 12pt; font-family: Georgia,Palatino;\">M\u00e1ri\u00f3 fell\u00e9p\u00e9se megrendelhet\u0151 sz\u00f3l\u00f3 fell\u00e9p\u00e9sk\u00e9nt \u00e9s koncertk\u00e9nt is az info@szikorarendezoiroda.hu email c\u00edmen illetve a 06.30.250.68.58 \u2013 as mobilon is.<\/span><\/p>\n<p>&nbsp;<\/p>\n<p>&nbsp;<\/p>\n<p><iframe loading=\"lazy\" width=\"800\" height=\"450\" src=\"https:\/\/www.youtube.com\/embed\/t9D-O0wejn8?feature=oembed\" frameborder=\"0\" allowfullscreen><\/iframe><\/p>\n<p>&nbsp;<\/p>\n","protected":false},"excerpt":{"rendered":"<p>2001 \u2013 ben szinte berobbant a k\u00f6ztudatba \u201e M\u00e1ri\u00f3 a Harmonik\u00e1s \u201e cs\u00edkos p\u00f3l\u00f3j\u00e1val ami r\u00f6gt\u00f6n v\u00e9djegy\u00e9v\u00e9 is v\u00e1lt. \u00d6t \u00e9ves volt , mikor megkapta els\u0151 harmonik\u00e1j\u00e1t . J\u00f3 volt <a class=\"more-link\" href=\"http:\/\/www.szikorarendezoiroda.hu\/szikora\/magyarnota-mulatos\/mario\/\">A folytat&aacute;s olvas&aacute;sa &rarr;<\/a><\/p>\n","protected":false},"author":1,"featured_media":3191,"parent":31,"menu_order":0,"comment_status":"open","ping_status":"open","template":"","meta":{"footnotes":""},"aioseo_notices":[],"_links":{"self":[{"href":"http:\/\/www.szikorarendezoiroda.hu\/szikora\/wp-json\/wp\/v2\/pages\/1801"}],"collection":[{"href":"http:\/\/www.szikorarendezoiroda.hu\/szikora\/wp-json\/wp\/v2\/pages"}],"about":[{"href":"http:\/\/www.szikorarendezoiroda.hu\/szikora\/wp-json\/wp\/v2\/types\/page"}],"author":[{"embeddable":true,"href":"http:\/\/www.szikorarendezoiroda.hu\/szikora\/wp-json\/wp\/v2\/users\/1"}],"replies":[{"embeddable":true,"href":"http:\/\/www.szikorarendezoiroda.hu\/szikora\/wp-json\/wp\/v2\/comments?post=1801"}],"version-history":[{"count":4,"href":"http:\/\/www.szikorarendezoiroda.hu\/szikora\/wp-json\/wp\/v2\/pages\/1801\/revisions"}],"predecessor-version":[{"id":2363,"href":"http:\/\/www.szikorarendezoiroda.hu\/szikora\/wp-json\/wp\/v2\/pages\/1801\/revisions\/2363"}],"up":[{"embeddable":true,"href":"http:\/\/www.szikorarendezoiroda.hu\/szikora\/wp-json\/wp\/v2\/pages\/31"}],"wp:featuredmedia":[{"embeddable":true,"href":"http:\/\/www.szikorarendezoiroda.hu\/szikora\/wp-json\/wp\/v2\/media\/3191"}],"wp:attachment":[{"href":"http:\/\/www.szikorarendezoiroda.hu\/szikora\/wp-json\/wp\/v2\/media?parent=1801"}],"curies":[{"name":"wp","href":"https:\/\/api.w.org\/{rel}","templated":true}]}}