{"id":1767,"date":"2015-06-04T06:25:16","date_gmt":"2015-06-04T06:25:16","guid":{"rendered":"http:\/\/www.szikorarendezoiroda.hu\/szikora\/?page_id=1767"},"modified":"2018-08-05T07:48:18","modified_gmt":"2018-08-05T07:48:18","slug":"hatvani-kiss-gyongyi","status":"publish","type":"page","link":"http:\/\/www.szikorarendezoiroda.hu\/szikora\/magyarnota-mulatos\/hatvani-kiss-gyongyi\/","title":{"rendered":"Magyar R\u00f3zsa"},"content":{"rendered":"<p>Magyar R\u00f3zsa nagysz\u00fcleinek k\u00f6sz\u00f6nhet\u0151en m\u00e1r gyermekkor\u00e1ban kapcsolatba ker\u00fclt magyar tradicion\u00e1lis n\u00e9pdalokkal, cs\u00e1rd\u00e1sokkal, operett sl\u00e1gerekkel.\u00a0 A ny\u00e1ri id\u0151szakokat f\u0151k\u00e9nt vid\u00e9ki rokonain\u00e1l t\u00f6lt\u00f6tte, ahol szinte mindennaposak voltak a csal\u00e1di, bar\u00e1ti \u00f6sszej\u00f6vetelek, esem\u00e9nyek.\u00a0 Ilyen alkalmakkor f\u0151k\u00e9nt a sz\u00e1jhagyom\u00e1ny \u00fatj\u00e1n terjed\u0151 dalok, sl\u00e1gerek biztos\u00edtott\u00e1k a t\u00e1rsas\u00e1g sz\u00e1m\u00e1ra a j\u00f3kedvet. Elmond\u00e1sa szerint olyan nagy hat\u00e1st gyakoroltak r\u00e1 ezek az vigass\u00e1gok, hogy eld\u00f6nt\u00f6tte szeretne min\u00e9l t\u00f6bb ilyen dalt megtanulni, s majd egyszer feln\u0151ttk\u00e9nt nagysz\u00ednpadokon el\u0151adni, sz\u00f3rakoztatni a k\u00f6z\u00f6ns\u00e9get.<\/p>\n<p>2009-ben val\u00f3sult meg gyermekkori \u00e1lma, amikor sz\u00f3l\u00f3\u00e9nekesk\u00e9nt els\u0151 alkalommal l\u00e9pett sz\u00ednpadra.<\/p>\n<p>2010. \u00e1prilis 7-\u00e9n megjelent els\u0151, egyben bemutatkoz\u00f3 nagylemeze, melyre a sokak sz\u00e1m\u00e1ra k\u00f6zismert \u00e9s kedvelt dalok mellett vadonat\u00faj szerzem\u00e9nyek is felker\u00fcltek. Magyar R\u00f3zsa nem csak sz\u00edv\u00e9ben \u00e9s dalaiban \u0151rzi \u00e9s adja tov\u00e1bb a magyar n\u00e9pi hagyom\u00e1nyokat, hanem sz\u00ednpadi megjelen\u00e9s\u00e9vel is al\u00e1t\u00e1masztja el\u0151ad\u00f3i \u00fczenet\u00e9t.<\/p>\n<p>Ezt k\u00f6vet\u0151en m\u00e9g 2 nagylemeze jelent meg, \u201eTiszta sz\u00edvvel\u2026\u201d \u00e9s \u201eDalok Erdej\u00e9ben\u201d c\u00edmekkel. Az ut\u00f3bbi 2015 december\u00e9ben. Mindemellett pedig naponta l\u00e1that\u00f3 a Muzsika TV \u2013 K\u00edv\u00e1ns\u00e1gpercek c\u00edm\u0171 m\u0171sor\u00e1nak h\u00e1ziasszonyak\u00e9nt.<\/p>\n<p>&nbsp;<\/p>\n<p><iframe loading=\"lazy\" width=\"800\" height=\"450\" src=\"https:\/\/www.youtube.com\/embed\/Hd0WDPwUFXw?feature=oembed\" frameborder=\"0\" allowfullscreen><\/iframe><\/p>\n","protected":false},"excerpt":{"rendered":"<p>Magyar R\u00f3zsa nagysz\u00fcleinek k\u00f6sz\u00f6nhet\u0151en m\u00e1r gyermekkor\u00e1ban kapcsolatba ker\u00fclt magyar tradicion\u00e1lis n\u00e9pdalokkal, cs\u00e1rd\u00e1sokkal, operett sl\u00e1gerekkel.\u00a0 A ny\u00e1ri id\u0151szakokat f\u0151k\u00e9nt vid\u00e9ki rokonain\u00e1l t\u00f6lt\u00f6tte, ahol szinte mindennaposak voltak a csal\u00e1di, bar\u00e1ti \u00f6sszej\u00f6vetelek, esem\u00e9nyek.\u00a0 <a class=\"more-link\" href=\"http:\/\/www.szikorarendezoiroda.hu\/szikora\/magyarnota-mulatos\/hatvani-kiss-gyongyi\/\">A folytat&aacute;s olvas&aacute;sa &rarr;<\/a><\/p>\n","protected":false},"author":1,"featured_media":3175,"parent":31,"menu_order":0,"comment_status":"open","ping_status":"open","template":"","meta":{"footnotes":""},"aioseo_notices":[],"_links":{"self":[{"href":"http:\/\/www.szikorarendezoiroda.hu\/szikora\/wp-json\/wp\/v2\/pages\/1767"}],"collection":[{"href":"http:\/\/www.szikorarendezoiroda.hu\/szikora\/wp-json\/wp\/v2\/pages"}],"about":[{"href":"http:\/\/www.szikorarendezoiroda.hu\/szikora\/wp-json\/wp\/v2\/types\/page"}],"author":[{"embeddable":true,"href":"http:\/\/www.szikorarendezoiroda.hu\/szikora\/wp-json\/wp\/v2\/users\/1"}],"replies":[{"embeddable":true,"href":"http:\/\/www.szikorarendezoiroda.hu\/szikora\/wp-json\/wp\/v2\/comments?post=1767"}],"version-history":[{"count":3,"href":"http:\/\/www.szikorarendezoiroda.hu\/szikora\/wp-json\/wp\/v2\/pages\/1767\/revisions"}],"predecessor-version":[{"id":2192,"href":"http:\/\/www.szikorarendezoiroda.hu\/szikora\/wp-json\/wp\/v2\/pages\/1767\/revisions\/2192"}],"up":[{"embeddable":true,"href":"http:\/\/www.szikorarendezoiroda.hu\/szikora\/wp-json\/wp\/v2\/pages\/31"}],"wp:featuredmedia":[{"embeddable":true,"href":"http:\/\/www.szikorarendezoiroda.hu\/szikora\/wp-json\/wp\/v2\/media\/3175"}],"wp:attachment":[{"href":"http:\/\/www.szikorarendezoiroda.hu\/szikora\/wp-json\/wp\/v2\/media?parent=1767"}],"curies":[{"name":"wp","href":"https:\/\/api.w.org\/{rel}","templated":true}]}}