{"id":1697,"date":"2015-06-03T07:48:27","date_gmt":"2015-06-03T07:48:27","guid":{"rendered":"http:\/\/www.szikorarendezoiroda.hu\/szikora\/?page_id=1697"},"modified":"2018-08-03T03:44:36","modified_gmt":"2018-08-03T03:44:36","slug":"four-fathers","status":"publish","type":"page","link":"http:\/\/www.szikorarendezoiroda.hu\/szikora\/tancdal-retro-pop\/four-fathers\/","title":{"rendered":"FOUR FATHERS"},"content":{"rendered":"<p>&nbsp;<\/p>\n<p><span style=\"font-family: Arial,Helvetica,sans-serif;\">Az \u00e9nekegy\u00fcttes 1995-ben alakult a jelen form\u00e1ci\u00f3 17 \u00e9ves , 1999-\u00f3ta \u00e9nekelnek egy\u00fctt.\u00a0\u00a0\u00a0\u00a0\u00a0\u00a0\u00a0<\/span><\/p>\n<p><span style=\"font-family: Arial,Helvetica,sans-serif;\"> Reperto\u00e1rjukon a 20-as, 30-as \u00e9vek amerikai zen\u00e9je,\u00a0 magyar \u00e9s vil\u00e1gsl\u00e1gerek\u00a0 feldolgoz\u00e1sai valamint spiritu\u00e1l\u00e9k szerepelnek.\u00a0 <\/span><\/p>\n<p><span style=\"font-family: Arial,Helvetica,sans-serif;\">Hangulatos, sok humorral f\u0171szerezett m\u0171sorukkal \u00e9s t\u00f6bb mint ezer fell\u00e9p\u00e9ssel a h\u00e1tuk m\u00f6g\u00f6tt bizton mondhatj\u00e1k, hogy minden koroszt\u00e1lynak \u00f6nfeledt sz\u00f3rakoz\u00e1st ny\u00fajtanak.\u00a0 \u00c9nekeltek m\u00e1r haj\u00f3n, sz\u00e1llod\u00e1ban, \u00e9tteremben, f\u00fcrd\u0151ben, templomban, cseppk\u0151barlangban, b\u00f6rt\u00f6nben, de \u00e9nekeltek az Operah\u00e1zban \u00e9s az Orsz\u00e1gh\u00e1zban is.\u00a0\u00a0 <\/span><\/p>\n<p><span style=\"font-family: Arial,Helvetica,sans-serif;\">Sokoldal\u00fas\u00e1guknak k\u00f6sz\u00f6nhet\u0151en kit\u0171n\u0151 sz\u00ednfoltjai\u00a0 falunapoknak, fesztiv\u00e1loknak de fogad\u00e1soknak \u00e9s protokollrendezv\u00e9nyeknek is.\u00a0 \u00a0\u00a0<\/span><\/p>\n<p><span style=\"font-family: Arial,Helvetica,sans-serif;\">A Four Fathers \u00e9nekegy\u00fcttes m\u0171sora megrendelhet\u0151 az <a href=\"mailto:info@szikorarendezoiroda.hu\">info@szikorarendezoiroda.hu<\/a> email c\u00edmen vagy a 06. 30.250.68.58 \u2013 as telefonsz\u00e1mo<\/span>n .<\/p>\n<p><span style=\"font-family: Georgia,Palatino; font-size: 12pt;\">\u00a0<\/span><\/p>\n<p><iframe loading=\"lazy\" width=\"800\" height=\"600\" src=\"https:\/\/www.youtube.com\/embed\/bR2YmVyFHF0?feature=oembed\" frameborder=\"0\" allowfullscreen><\/iframe><\/p>\n<p>&nbsp;<\/p>\n<div style=\"clear: both; display: block; text-align:center; margin-left: auto; margin-right: auto;\"><img loading=\"lazy\" decoding=\"async\" src=\"http:\/\/www.szikorarendezoiroda.hu\/szikora\/wp-content\/plugins\/contact-form-lite\/inc\/images\/ajax-loader.gif\" width=\"32\" height=\"32\"\/><\/div>\n","protected":false},"excerpt":{"rendered":"<p>&nbsp; Az \u00e9nekegy\u00fcttes 1995-ben alakult a jelen form\u00e1ci\u00f3 17 \u00e9ves , 1999-\u00f3ta \u00e9nekelnek egy\u00fctt.\u00a0\u00a0\u00a0\u00a0\u00a0\u00a0\u00a0 Reperto\u00e1rjukon a 20-as, 30-as \u00e9vek amerikai zen\u00e9je,\u00a0 magyar \u00e9s vil\u00e1gsl\u00e1gerek\u00a0 feldolgoz\u00e1sai valamint spiritu\u00e1l\u00e9k szerepelnek.\u00a0 Hangulatos, sok <a class=\"more-link\" href=\"http:\/\/www.szikorarendezoiroda.hu\/szikora\/tancdal-retro-pop\/four-fathers\/\">A folytat&aacute;s olvas&aacute;sa &rarr;<\/a><\/p>\n","protected":false},"author":1,"featured_media":2278,"parent":20,"menu_order":0,"comment_status":"open","ping_status":"open","template":"","meta":{"footnotes":""},"aioseo_notices":[],"_links":{"self":[{"href":"http:\/\/www.szikorarendezoiroda.hu\/szikora\/wp-json\/wp\/v2\/pages\/1697"}],"collection":[{"href":"http:\/\/www.szikorarendezoiroda.hu\/szikora\/wp-json\/wp\/v2\/pages"}],"about":[{"href":"http:\/\/www.szikorarendezoiroda.hu\/szikora\/wp-json\/wp\/v2\/types\/page"}],"author":[{"embeddable":true,"href":"http:\/\/www.szikorarendezoiroda.hu\/szikora\/wp-json\/wp\/v2\/users\/1"}],"replies":[{"embeddable":true,"href":"http:\/\/www.szikorarendezoiroda.hu\/szikora\/wp-json\/wp\/v2\/comments?post=1697"}],"version-history":[{"count":5,"href":"http:\/\/www.szikorarendezoiroda.hu\/szikora\/wp-json\/wp\/v2\/pages\/1697\/revisions"}],"predecessor-version":[{"id":2705,"href":"http:\/\/www.szikorarendezoiroda.hu\/szikora\/wp-json\/wp\/v2\/pages\/1697\/revisions\/2705"}],"up":[{"embeddable":true,"href":"http:\/\/www.szikorarendezoiroda.hu\/szikora\/wp-json\/wp\/v2\/pages\/20"}],"wp:featuredmedia":[{"embeddable":true,"href":"http:\/\/www.szikorarendezoiroda.hu\/szikora\/wp-json\/wp\/v2\/media\/2278"}],"wp:attachment":[{"href":"http:\/\/www.szikorarendezoiroda.hu\/szikora\/wp-json\/wp\/v2\/media?parent=1697"}],"curies":[{"name":"wp","href":"https:\/\/api.w.org\/{rel}","templated":true}]}}