{"id":1687,"date":"2015-06-03T07:40:37","date_gmt":"2015-06-03T07:40:37","guid":{"rendered":"http:\/\/www.szikorarendezoiroda.hu\/szikora\/?page_id=1687"},"modified":"2018-08-03T04:07:57","modified_gmt":"2018-08-03T04:07:57","slug":"wolf-kati","status":"publish","type":"page","link":"http:\/\/www.szikorarendezoiroda.hu\/szikora\/tancdal-retro-pop\/wolf-kati\/","title":{"rendered":"WOLF KATI"},"content":{"rendered":"<p>&nbsp;<\/p>\n<p><span style=\"font-family: Georgia,Palatino; font-size: 12pt;\">Az X-faktorban el\u00e9rt sikerei ut\u00e1n &#8216;Szerelem, mi\u00e9rt m\u00falsz?&#8221; c\u00edm\u0171 dal\u00e1val eljutott az Eur\u00f3v\u00edzi\u00f3s Dalfesztiv\u00e1l verseny\u00e9re is. Hosszabb k\u00fclf\u00f6ldi tart\u00f3zkod\u00e1s ut\u00e1n most haza\u00e9rkezett a M\u0171v\u00e9szn\u0151, \u00e9s ism\u00e9t v\u00e1llal fell\u00e9p\u00e9seket.<\/span><\/p>\n<p><iframe loading=\"lazy\" width=\"800\" height=\"450\" src=\"https:\/\/www.youtube.com\/embed\/WWErs1AzSCw?feature=oembed\" frameborder=\"0\" allowfullscreen><\/iframe><\/p>\n","protected":false},"excerpt":{"rendered":"<p>&nbsp; Az X-faktorban el\u00e9rt sikerei ut\u00e1n &#8216;Szerelem, mi\u00e9rt m\u00falsz?&#8221; c\u00edm\u0171 dal\u00e1val eljutott az Eur\u00f3v\u00edzi\u00f3s Dalfesztiv\u00e1l verseny\u00e9re is. Hosszabb k\u00fclf\u00f6ldi tart\u00f3zkod\u00e1s ut\u00e1n most haza\u00e9rkezett a M\u0171v\u00e9szn\u0151, \u00e9s ism\u00e9t v\u00e1llal fell\u00e9p\u00e9seket.<\/p>\n","protected":false},"author":1,"featured_media":1688,"parent":20,"menu_order":0,"comment_status":"open","ping_status":"open","template":"","meta":{"footnotes":""},"aioseo_notices":[],"_links":{"self":[{"href":"http:\/\/www.szikorarendezoiroda.hu\/szikora\/wp-json\/wp\/v2\/pages\/1687"}],"collection":[{"href":"http:\/\/www.szikorarendezoiroda.hu\/szikora\/wp-json\/wp\/v2\/pages"}],"about":[{"href":"http:\/\/www.szikorarendezoiroda.hu\/szikora\/wp-json\/wp\/v2\/types\/page"}],"author":[{"embeddable":true,"href":"http:\/\/www.szikorarendezoiroda.hu\/szikora\/wp-json\/wp\/v2\/users\/1"}],"replies":[{"embeddable":true,"href":"http:\/\/www.szikorarendezoiroda.hu\/szikora\/wp-json\/wp\/v2\/comments?post=1687"}],"version-history":[{"count":2,"href":"http:\/\/www.szikorarendezoiroda.hu\/szikora\/wp-json\/wp\/v2\/pages\/1687\/revisions"}],"predecessor-version":[{"id":2752,"href":"http:\/\/www.szikorarendezoiroda.hu\/szikora\/wp-json\/wp\/v2\/pages\/1687\/revisions\/2752"}],"up":[{"embeddable":true,"href":"http:\/\/www.szikorarendezoiroda.hu\/szikora\/wp-json\/wp\/v2\/pages\/20"}],"wp:featuredmedia":[{"embeddable":true,"href":"http:\/\/www.szikorarendezoiroda.hu\/szikora\/wp-json\/wp\/v2\/media\/1688"}],"wp:attachment":[{"href":"http:\/\/www.szikorarendezoiroda.hu\/szikora\/wp-json\/wp\/v2\/media?parent=1687"}],"curies":[{"name":"wp","href":"https:\/\/api.w.org\/{rel}","templated":true}]}}