{"id":1684,"date":"2015-06-03T07:39:12","date_gmt":"2015-06-03T07:39:12","guid":{"rendered":"http:\/\/www.szikorarendezoiroda.hu\/szikora\/?page_id=1684"},"modified":"2018-08-03T04:07:35","modified_gmt":"2018-08-03T04:07:35","slug":"vastag-csaba-vastag-tamas","status":"publish","type":"page","link":"http:\/\/www.szikorarendezoiroda.hu\/szikora\/tancdal-retro-pop\/vastag-csaba-vastag-tamas\/","title":{"rendered":"VASTAG CSABA  &#8211; VASTAG TAM\u00c1S"},"content":{"rendered":"<p>&nbsp;<\/p>\n<p><span style=\"font-family: Georgia,Palatino; font-size: 12pt;\">K\u00e9t kit\u0171n\u0151 \u00e9nekes, akik nemcsak tehets\u00e9g\u00fcket bizony\u00edtott\u00e1k, hanem egym\u00e1s ir\u00e1nti testv\u00e9ri szeretet\u00fcket is. Ak\u00e1r egy\u00fctt, ak\u00e1r k\u00fcl\u00f6n &#8211; k\u00fcl\u00f6n is, de \u00f3ri\u00e1si sikerrel teljes\u00edtik a felk\u00e9r\u00e9seket.<\/span><\/p>\n<p><iframe loading=\"lazy\" width=\"800\" height=\"450\" src=\"https:\/\/www.youtube.com\/embed\/7vafd1Ho3kc?feature=oembed\" frameborder=\"0\" allowfullscreen><\/iframe><\/p>\n","protected":false},"excerpt":{"rendered":"<p>&nbsp; K\u00e9t kit\u0171n\u0151 \u00e9nekes, akik nemcsak tehets\u00e9g\u00fcket bizony\u00edtott\u00e1k, hanem egym\u00e1s ir\u00e1nti testv\u00e9ri szeretet\u00fcket is. Ak\u00e1r egy\u00fctt, ak\u00e1r k\u00fcl\u00f6n &#8211; k\u00fcl\u00f6n is, de \u00f3ri\u00e1si sikerrel teljes\u00edtik a felk\u00e9r\u00e9seket.<\/p>\n","protected":false},"author":1,"featured_media":1685,"parent":20,"menu_order":0,"comment_status":"open","ping_status":"open","template":"","meta":{"footnotes":""},"aioseo_notices":[],"_links":{"self":[{"href":"http:\/\/www.szikorarendezoiroda.hu\/szikora\/wp-json\/wp\/v2\/pages\/1684"}],"collection":[{"href":"http:\/\/www.szikorarendezoiroda.hu\/szikora\/wp-json\/wp\/v2\/pages"}],"about":[{"href":"http:\/\/www.szikorarendezoiroda.hu\/szikora\/wp-json\/wp\/v2\/types\/page"}],"author":[{"embeddable":true,"href":"http:\/\/www.szikorarendezoiroda.hu\/szikora\/wp-json\/wp\/v2\/users\/1"}],"replies":[{"embeddable":true,"href":"http:\/\/www.szikorarendezoiroda.hu\/szikora\/wp-json\/wp\/v2\/comments?post=1684"}],"version-history":[{"count":2,"href":"http:\/\/www.szikorarendezoiroda.hu\/szikora\/wp-json\/wp\/v2\/pages\/1684\/revisions"}],"predecessor-version":[{"id":2750,"href":"http:\/\/www.szikorarendezoiroda.hu\/szikora\/wp-json\/wp\/v2\/pages\/1684\/revisions\/2750"}],"up":[{"embeddable":true,"href":"http:\/\/www.szikorarendezoiroda.hu\/szikora\/wp-json\/wp\/v2\/pages\/20"}],"wp:featuredmedia":[{"embeddable":true,"href":"http:\/\/www.szikorarendezoiroda.hu\/szikora\/wp-json\/wp\/v2\/media\/1685"}],"wp:attachment":[{"href":"http:\/\/www.szikorarendezoiroda.hu\/szikora\/wp-json\/wp\/v2\/media?parent=1684"}],"curies":[{"name":"wp","href":"https:\/\/api.w.org\/{rel}","templated":true}]}}