{"id":1663,"date":"2015-06-03T07:31:41","date_gmt":"2015-06-03T07:31:41","guid":{"rendered":"http:\/\/www.szikorarendezoiroda.hu\/szikora\/?page_id=1663"},"modified":"2019-07-29T18:26:41","modified_gmt":"2019-07-29T18:26:41","slug":"szikora-robert-es-az-r-go-gidak","status":"publish","type":"page","link":"http:\/\/www.szikorarendezoiroda.hu\/szikora\/tancdal-retro-pop\/szikora-robert-es-az-r-go-gidak\/","title":{"rendered":"SZIKORA R\u00d3BERT \u00c9S AZ R-Go GID\u00c1K"},"content":{"rendered":"<p>&nbsp;<\/p>\n<p><span style=\"font-family: Georgia,Palatino; font-size: 12pt;\">Amat\u0151r zenekarok dobosak\u00e9nt kezdte p\u00e1lyafut\u00e1s\u00e1t, m\u00edgnem egyszer csak el\u00e9rkezett a nagy lehet\u0151s\u00e9g \u00e9s a Hung\u00e1ria zenekar dobosa lett. Innen kiv\u00e1lva alak\u00edtotta meg zenekar\u00e1t az R-Go-t, melynek m\u00e1ra m\u00e1r v\u00e9djegy\u00e9v\u00e9 v\u00e1l\u00f3 \u00e1lland\u00f3 tagjai lettek a mindig gy\u00f6ny\u00f6r\u0171 \u00e9s kit\u0171n\u0151en t\u00e1ncol\u00f3 Gid\u00e1k. CD alapos \u00e9s \u00e9l\u0151zenekaros fell\u00e9p\u00e9seiket mindig teljes odaad\u00e1ssal,1000 fokon teljes\u00edtik.<\/span><\/p>\n<p><iframe loading=\"lazy\" width=\"800\" height=\"450\" src=\"https:\/\/www.youtube.com\/embed\/wNYQPC4QhPc?feature=oembed\" frameborder=\"0\" allowfullscreen><\/iframe><\/p>\n","protected":false},"excerpt":{"rendered":"<p>&nbsp; Amat\u0151r zenekarok dobosak\u00e9nt kezdte p\u00e1lyafut\u00e1s\u00e1t, m\u00edgnem egyszer csak el\u00e9rkezett a nagy lehet\u0151s\u00e9g \u00e9s a Hung\u00e1ria zenekar dobosa lett. Innen kiv\u00e1lva alak\u00edtotta meg zenekar\u00e1t az R-Go-t, melynek m\u00e1ra m\u00e1r v\u00e9djegy\u00e9v\u00e9 <a class=\"more-link\" href=\"http:\/\/www.szikorarendezoiroda.hu\/szikora\/tancdal-retro-pop\/szikora-robert-es-az-r-go-gidak\/\">A folytat&aacute;s olvas&aacute;sa &rarr;<\/a><\/p>\n","protected":false},"author":1,"featured_media":3268,"parent":20,"menu_order":0,"comment_status":"open","ping_status":"open","template":"","meta":{"footnotes":""},"aioseo_notices":[],"_links":{"self":[{"href":"http:\/\/www.szikorarendezoiroda.hu\/szikora\/wp-json\/wp\/v2\/pages\/1663"}],"collection":[{"href":"http:\/\/www.szikorarendezoiroda.hu\/szikora\/wp-json\/wp\/v2\/pages"}],"about":[{"href":"http:\/\/www.szikorarendezoiroda.hu\/szikora\/wp-json\/wp\/v2\/types\/page"}],"author":[{"embeddable":true,"href":"http:\/\/www.szikorarendezoiroda.hu\/szikora\/wp-json\/wp\/v2\/users\/1"}],"replies":[{"embeddable":true,"href":"http:\/\/www.szikorarendezoiroda.hu\/szikora\/wp-json\/wp\/v2\/comments?post=1663"}],"version-history":[{"count":2,"href":"http:\/\/www.szikorarendezoiroda.hu\/szikora\/wp-json\/wp\/v2\/pages\/1663\/revisions"}],"predecessor-version":[{"id":2742,"href":"http:\/\/www.szikorarendezoiroda.hu\/szikora\/wp-json\/wp\/v2\/pages\/1663\/revisions\/2742"}],"up":[{"embeddable":true,"href":"http:\/\/www.szikorarendezoiroda.hu\/szikora\/wp-json\/wp\/v2\/pages\/20"}],"wp:featuredmedia":[{"embeddable":true,"href":"http:\/\/www.szikorarendezoiroda.hu\/szikora\/wp-json\/wp\/v2\/media\/3268"}],"wp:attachment":[{"href":"http:\/\/www.szikorarendezoiroda.hu\/szikora\/wp-json\/wp\/v2\/media?parent=1663"}],"curies":[{"name":"wp","href":"https:\/\/api.w.org\/{rel}","templated":true}]}}