{"id":1654,"date":"2015-06-03T07:26:16","date_gmt":"2015-06-03T07:26:16","guid":{"rendered":"http:\/\/www.szikorarendezoiroda.hu\/szikora\/?page_id=1654"},"modified":"2018-08-03T04:03:11","modified_gmt":"2018-08-03T04:03:11","slug":"szandi","status":"publish","type":"page","link":"http:\/\/www.szikorarendezoiroda.hu\/szikora\/tancdal-retro-pop\/szandi\/","title":{"rendered":"SZANDI"},"content":{"rendered":"<p>&nbsp;<\/p>\n<p><span style=\"font-family: Georgia,Palatino; font-size: 12pt;\">Minden id\u0151k legfiatalabb magyar \u201eTini-Szt\u00e1rja\u201d. Nev\u00e9hez sz\u00e1mtalan sl\u00e1ger, d\u00edjak, kit\u00fcntet\u00e9sek kapcsol\u00f3dnak. Gyerekm\u0171sora is rendelhet\u0151.<\/span><\/p>\n<p><iframe loading=\"lazy\" width=\"800\" height=\"450\" src=\"https:\/\/www.youtube.com\/embed\/Wv_1SVy1Zgk?feature=oembed\" frameborder=\"0\" allowfullscreen><\/iframe><\/p>\n","protected":false},"excerpt":{"rendered":"<p>&nbsp; Minden id\u0151k legfiatalabb magyar \u201eTini-Szt\u00e1rja\u201d. Nev\u00e9hez sz\u00e1mtalan sl\u00e1ger, d\u00edjak, kit\u00fcntet\u00e9sek kapcsol\u00f3dnak. Gyerekm\u0171sora is rendelhet\u0151.<\/p>\n","protected":false},"author":1,"featured_media":1655,"parent":20,"menu_order":0,"comment_status":"open","ping_status":"open","template":"","meta":{"footnotes":""},"aioseo_notices":[],"_links":{"self":[{"href":"http:\/\/www.szikorarendezoiroda.hu\/szikora\/wp-json\/wp\/v2\/pages\/1654"}],"collection":[{"href":"http:\/\/www.szikorarendezoiroda.hu\/szikora\/wp-json\/wp\/v2\/pages"}],"about":[{"href":"http:\/\/www.szikorarendezoiroda.hu\/szikora\/wp-json\/wp\/v2\/types\/page"}],"author":[{"embeddable":true,"href":"http:\/\/www.szikorarendezoiroda.hu\/szikora\/wp-json\/wp\/v2\/users\/1"}],"replies":[{"embeddable":true,"href":"http:\/\/www.szikorarendezoiroda.hu\/szikora\/wp-json\/wp\/v2\/comments?post=1654"}],"version-history":[{"count":2,"href":"http:\/\/www.szikorarendezoiroda.hu\/szikora\/wp-json\/wp\/v2\/pages\/1654\/revisions"}],"predecessor-version":[{"id":2740,"href":"http:\/\/www.szikorarendezoiroda.hu\/szikora\/wp-json\/wp\/v2\/pages\/1654\/revisions\/2740"}],"up":[{"embeddable":true,"href":"http:\/\/www.szikorarendezoiroda.hu\/szikora\/wp-json\/wp\/v2\/pages\/20"}],"wp:featuredmedia":[{"embeddable":true,"href":"http:\/\/www.szikorarendezoiroda.hu\/szikora\/wp-json\/wp\/v2\/media\/1655"}],"wp:attachment":[{"href":"http:\/\/www.szikorarendezoiroda.hu\/szikora\/wp-json\/wp\/v2\/media?parent=1654"}],"curies":[{"name":"wp","href":"https:\/\/api.w.org\/{rel}","templated":true}]}}