{"id":1651,"date":"2015-06-03T07:22:13","date_gmt":"2015-06-03T07:22:13","guid":{"rendered":"http:\/\/www.szikorarendezoiroda.hu\/szikora\/?page_id=1651"},"modified":"2018-08-03T04:02:23","modified_gmt":"2018-08-03T04:02:23","slug":"szabo-leslie","status":"publish","type":"page","link":"http:\/\/www.szikorarendezoiroda.hu\/szikora\/tancdal-retro-pop\/szabo-leslie\/","title":{"rendered":"SZAB\u00d3 LESLIE"},"content":{"rendered":"<p>&nbsp;<\/p>\n<p><span style=\"font-family: Georgia,Palatino; font-size: 12pt;\">Git\u00e1ros, \u00e9nekes, sz\u00f6veg\u00edr\u00f3, zeneszerz\u0151. Fell\u00e9p\u00e9si form\u00e1ci\u00f3 sz\u00f3l\u00f3 saj\u00e1t git\u00e1rk\u00eds\u00e9rettel, vagy h\u00e1rom illetve hat-nyolc f\u0151s zenekarral.<\/span><\/p>\n<p><iframe loading=\"lazy\" width=\"800\" height=\"600\" src=\"https:\/\/www.youtube.com\/embed\/O7Vz2uEmXQg?feature=oembed\" frameborder=\"0\" allowfullscreen><\/iframe><\/p>\n","protected":false},"excerpt":{"rendered":"<p>&nbsp; Git\u00e1ros, \u00e9nekes, sz\u00f6veg\u00edr\u00f3, zeneszerz\u0151. Fell\u00e9p\u00e9si form\u00e1ci\u00f3 sz\u00f3l\u00f3 saj\u00e1t git\u00e1rk\u00eds\u00e9rettel, vagy h\u00e1rom illetve hat-nyolc f\u0151s zenekarral.<\/p>\n","protected":false},"author":1,"featured_media":1652,"parent":20,"menu_order":0,"comment_status":"open","ping_status":"open","template":"","meta":{"footnotes":""},"aioseo_notices":[],"_links":{"self":[{"href":"http:\/\/www.szikorarendezoiroda.hu\/szikora\/wp-json\/wp\/v2\/pages\/1651"}],"collection":[{"href":"http:\/\/www.szikorarendezoiroda.hu\/szikora\/wp-json\/wp\/v2\/pages"}],"about":[{"href":"http:\/\/www.szikorarendezoiroda.hu\/szikora\/wp-json\/wp\/v2\/types\/page"}],"author":[{"embeddable":true,"href":"http:\/\/www.szikorarendezoiroda.hu\/szikora\/wp-json\/wp\/v2\/users\/1"}],"replies":[{"embeddable":true,"href":"http:\/\/www.szikorarendezoiroda.hu\/szikora\/wp-json\/wp\/v2\/comments?post=1651"}],"version-history":[{"count":2,"href":"http:\/\/www.szikorarendezoiroda.hu\/szikora\/wp-json\/wp\/v2\/pages\/1651\/revisions"}],"predecessor-version":[{"id":2738,"href":"http:\/\/www.szikorarendezoiroda.hu\/szikora\/wp-json\/wp\/v2\/pages\/1651\/revisions\/2738"}],"up":[{"embeddable":true,"href":"http:\/\/www.szikorarendezoiroda.hu\/szikora\/wp-json\/wp\/v2\/pages\/20"}],"wp:featuredmedia":[{"embeddable":true,"href":"http:\/\/www.szikorarendezoiroda.hu\/szikora\/wp-json\/wp\/v2\/media\/1652"}],"wp:attachment":[{"href":"http:\/\/www.szikorarendezoiroda.hu\/szikora\/wp-json\/wp\/v2\/media?parent=1651"}],"curies":[{"name":"wp","href":"https:\/\/api.w.org\/{rel}","templated":true}]}}