{"id":1648,"date":"2015-06-03T07:20:57","date_gmt":"2015-06-03T07:20:57","guid":{"rendered":"http:\/\/www.szikorarendezoiroda.hu\/szikora\/?page_id=1648"},"modified":"2018-08-03T04:01:04","modified_gmt":"2018-08-03T04:01:04","slug":"solymos-toni","status":"publish","type":"page","link":"http:\/\/www.szikorarendezoiroda.hu\/szikora\/tancdal-retro-pop\/solymos-toni\/","title":{"rendered":"SOLYMOS T\u00d3NI"},"content":{"rendered":"<p>&nbsp;<\/p>\n<p>Volt egyszer egy legend\u00e1s zenekar az Express. Volt annak egy remek\u00fcl t\u00e1ncol\u00f3 git\u00e1ros-\u00e9nekese Solymos T\u00f3ni. A zenekar ma m\u00e1r nem koncertezik, de \u00e9nekes\u00fck sz\u00f3l\u00f3ban vagy k\u00e9t zen\u00e9szt\u00e1rs\u00e1val ma is szinpadon van \u00e9s \u201eDalol a j\u00f3 harmonika&#8221;.<\/p>\n<p><iframe loading=\"lazy\" width=\"800\" height=\"600\" src=\"https:\/\/www.youtube.com\/embed\/9txgq2Iaals?feature=oembed\" frameborder=\"0\" allowfullscreen><\/iframe><\/p>\n","protected":false},"excerpt":{"rendered":"<p>&nbsp; Volt egyszer egy legend\u00e1s zenekar az Express. Volt annak egy remek\u00fcl t\u00e1ncol\u00f3 git\u00e1ros-\u00e9nekese Solymos T\u00f3ni. A zenekar ma m\u00e1r nem koncertezik, de \u00e9nekes\u00fck sz\u00f3l\u00f3ban vagy k\u00e9t zen\u00e9szt\u00e1rs\u00e1val ma is <a class=\"more-link\" href=\"http:\/\/www.szikorarendezoiroda.hu\/szikora\/tancdal-retro-pop\/solymos-toni\/\">A folytat&aacute;s olvas&aacute;sa &rarr;<\/a><\/p>\n","protected":false},"author":1,"featured_media":1649,"parent":20,"menu_order":0,"comment_status":"open","ping_status":"open","template":"","meta":{"footnotes":""},"aioseo_notices":[],"_links":{"self":[{"href":"http:\/\/www.szikorarendezoiroda.hu\/szikora\/wp-json\/wp\/v2\/pages\/1648"}],"collection":[{"href":"http:\/\/www.szikorarendezoiroda.hu\/szikora\/wp-json\/wp\/v2\/pages"}],"about":[{"href":"http:\/\/www.szikorarendezoiroda.hu\/szikora\/wp-json\/wp\/v2\/types\/page"}],"author":[{"embeddable":true,"href":"http:\/\/www.szikorarendezoiroda.hu\/szikora\/wp-json\/wp\/v2\/users\/1"}],"replies":[{"embeddable":true,"href":"http:\/\/www.szikorarendezoiroda.hu\/szikora\/wp-json\/wp\/v2\/comments?post=1648"}],"version-history":[{"count":2,"href":"http:\/\/www.szikorarendezoiroda.hu\/szikora\/wp-json\/wp\/v2\/pages\/1648\/revisions"}],"predecessor-version":[{"id":2735,"href":"http:\/\/www.szikorarendezoiroda.hu\/szikora\/wp-json\/wp\/v2\/pages\/1648\/revisions\/2735"}],"up":[{"embeddable":true,"href":"http:\/\/www.szikorarendezoiroda.hu\/szikora\/wp-json\/wp\/v2\/pages\/20"}],"wp:featuredmedia":[{"embeddable":true,"href":"http:\/\/www.szikorarendezoiroda.hu\/szikora\/wp-json\/wp\/v2\/media\/1649"}],"wp:attachment":[{"href":"http:\/\/www.szikorarendezoiroda.hu\/szikora\/wp-json\/wp\/v2\/media?parent=1648"}],"curies":[{"name":"wp","href":"https:\/\/api.w.org\/{rel}","templated":true}]}}