{"id":1645,"date":"2015-06-03T07:19:46","date_gmt":"2015-06-03T07:19:46","guid":{"rendered":"http:\/\/www.szikorarendezoiroda.hu\/szikora\/?page_id=1645"},"modified":"2018-08-03T04:00:55","modified_gmt":"2018-08-03T04:00:55","slug":"soltesz-rezso","status":"publish","type":"page","link":"http:\/\/www.szikorarendezoiroda.hu\/szikora\/tancdal-retro-pop\/soltesz-rezso\/","title":{"rendered":"SOLT\u00c9SZ REZS\u0150"},"content":{"rendered":"<p>&nbsp;<\/p>\n<p><span style=\"font-family: Georgia,Palatino; font-size: 12pt;\">\u0150 is a t\u00e1cdalfesztiv\u00e1losok nagy gener\u00e1ci\u00f3j\u00e1hoz tartozik. \u00daj sl\u00e1gerei is a r\u00e9gi sl\u00e1gert k\u00f6vetik: \u201eSz\u00f3ljon hangosan az \u00e9nek\u201d.<\/span><\/p>\n<p><iframe loading=\"lazy\" width=\"800\" height=\"600\" src=\"https:\/\/www.youtube.com\/embed\/4I-SsWq9dFg?feature=oembed\" frameborder=\"0\" allowfullscreen><\/iframe><\/p>\n","protected":false},"excerpt":{"rendered":"<p>&nbsp; \u0150 is a t\u00e1cdalfesztiv\u00e1losok nagy gener\u00e1ci\u00f3j\u00e1hoz tartozik. \u00daj sl\u00e1gerei is a r\u00e9gi sl\u00e1gert k\u00f6vetik: \u201eSz\u00f3ljon hangosan az \u00e9nek\u201d.<\/p>\n","protected":false},"author":1,"featured_media":1646,"parent":20,"menu_order":0,"comment_status":"open","ping_status":"open","template":"","meta":{"footnotes":""},"aioseo_notices":[],"_links":{"self":[{"href":"http:\/\/www.szikorarendezoiroda.hu\/szikora\/wp-json\/wp\/v2\/pages\/1645"}],"collection":[{"href":"http:\/\/www.szikorarendezoiroda.hu\/szikora\/wp-json\/wp\/v2\/pages"}],"about":[{"href":"http:\/\/www.szikorarendezoiroda.hu\/szikora\/wp-json\/wp\/v2\/types\/page"}],"author":[{"embeddable":true,"href":"http:\/\/www.szikorarendezoiroda.hu\/szikora\/wp-json\/wp\/v2\/users\/1"}],"replies":[{"embeddable":true,"href":"http:\/\/www.szikorarendezoiroda.hu\/szikora\/wp-json\/wp\/v2\/comments?post=1645"}],"version-history":[{"count":2,"href":"http:\/\/www.szikorarendezoiroda.hu\/szikora\/wp-json\/wp\/v2\/pages\/1645\/revisions"}],"predecessor-version":[{"id":2734,"href":"http:\/\/www.szikorarendezoiroda.hu\/szikora\/wp-json\/wp\/v2\/pages\/1645\/revisions\/2734"}],"up":[{"embeddable":true,"href":"http:\/\/www.szikorarendezoiroda.hu\/szikora\/wp-json\/wp\/v2\/pages\/20"}],"wp:featuredmedia":[{"embeddable":true,"href":"http:\/\/www.szikorarendezoiroda.hu\/szikora\/wp-json\/wp\/v2\/media\/1646"}],"wp:attachment":[{"href":"http:\/\/www.szikorarendezoiroda.hu\/szikora\/wp-json\/wp\/v2\/media?parent=1645"}],"curies":[{"name":"wp","href":"https:\/\/api.w.org\/{rel}","templated":true}]}}