{"id":1635,"date":"2015-06-03T07:11:01","date_gmt":"2015-06-03T07:11:01","guid":{"rendered":"http:\/\/www.szikorarendezoiroda.hu\/szikora\/?page_id=1635"},"modified":"2018-08-03T03:59:18","modified_gmt":"2018-08-03T03:59:18","slug":"poor-peter","status":"publish","type":"page","link":"http:\/\/www.szikorarendezoiroda.hu\/szikora\/tancdal-retro-pop\/poor-peter\/","title":{"rendered":"PO\u00d3R P\u00c9TER"},"content":{"rendered":"<p>&nbsp;<\/p>\n<p><span style=\"font-family: Georgia,Palatino; font-size: 12pt;\">\u201eAjjaj fekete vonat\u201d, Piros tulip\u00e1n\u201d \u00e9s sok-sok olasz sl\u00e1ger magyar tolm\u00e1csol\u00f3ja, aki ma is ugyan\u00fagy \u00e9nekel, mint p\u00e1ly\u00e1ja kezdet\u00e9n. CD alapos fell\u00e9p\u00e9seit a k\u00f6z\u00f6ns\u00e9g nosztalgi\u00e1val hallgatja. Fiatal \u00e9s igen tehets\u00e9ges koll\u00e9gan\u0151j\u00e9vel MOLN\u00c1R ORSOLY\u00c1VAL 60-70 perces, humort sem n\u00e9lk\u00fcl\u00f6z\u0151 programmal v\u00e1llalnak felk\u00e9r\u00e9st.<\/span><\/p>\n<p><iframe loading=\"lazy\" width=\"800\" height=\"600\" src=\"https:\/\/www.youtube.com\/embed\/-C6uFgPxEos?feature=oembed\" frameborder=\"0\" allowfullscreen><\/iframe><\/p>\n","protected":false},"excerpt":{"rendered":"<p>&nbsp; \u201eAjjaj fekete vonat\u201d, Piros tulip\u00e1n\u201d \u00e9s sok-sok olasz sl\u00e1ger magyar tolm\u00e1csol\u00f3ja, aki ma is ugyan\u00fagy \u00e9nekel, mint p\u00e1ly\u00e1ja kezdet\u00e9n. CD alapos fell\u00e9p\u00e9seit a k\u00f6z\u00f6ns\u00e9g nosztalgi\u00e1val hallgatja. Fiatal \u00e9s igen <a class=\"more-link\" href=\"http:\/\/www.szikorarendezoiroda.hu\/szikora\/tancdal-retro-pop\/poor-peter\/\">A folytat&aacute;s olvas&aacute;sa &rarr;<\/a><\/p>\n","protected":false},"author":1,"featured_media":1636,"parent":20,"menu_order":0,"comment_status":"open","ping_status":"open","template":"","meta":{"footnotes":""},"aioseo_notices":[],"_links":{"self":[{"href":"http:\/\/www.szikorarendezoiroda.hu\/szikora\/wp-json\/wp\/v2\/pages\/1635"}],"collection":[{"href":"http:\/\/www.szikorarendezoiroda.hu\/szikora\/wp-json\/wp\/v2\/pages"}],"about":[{"href":"http:\/\/www.szikorarendezoiroda.hu\/szikora\/wp-json\/wp\/v2\/types\/page"}],"author":[{"embeddable":true,"href":"http:\/\/www.szikorarendezoiroda.hu\/szikora\/wp-json\/wp\/v2\/users\/1"}],"replies":[{"embeddable":true,"href":"http:\/\/www.szikorarendezoiroda.hu\/szikora\/wp-json\/wp\/v2\/comments?post=1635"}],"version-history":[{"count":2,"href":"http:\/\/www.szikorarendezoiroda.hu\/szikora\/wp-json\/wp\/v2\/pages\/1635\/revisions"}],"predecessor-version":[{"id":2730,"href":"http:\/\/www.szikorarendezoiroda.hu\/szikora\/wp-json\/wp\/v2\/pages\/1635\/revisions\/2730"}],"up":[{"embeddable":true,"href":"http:\/\/www.szikorarendezoiroda.hu\/szikora\/wp-json\/wp\/v2\/pages\/20"}],"wp:featuredmedia":[{"embeddable":true,"href":"http:\/\/www.szikorarendezoiroda.hu\/szikora\/wp-json\/wp\/v2\/media\/1636"}],"wp:attachment":[{"href":"http:\/\/www.szikorarendezoiroda.hu\/szikora\/wp-json\/wp\/v2\/media?parent=1635"}],"curies":[{"name":"wp","href":"https:\/\/api.w.org\/{rel}","templated":true}]}}