{"id":1625,"date":"2015-06-03T07:04:17","date_gmt":"2015-06-03T07:04:17","guid":{"rendered":"http:\/\/www.szikorarendezoiroda.hu\/szikora\/?page_id=1625"},"modified":"2018-08-03T03:57:21","modified_gmt":"2018-08-03T03:57:21","slug":"pataki-attila","status":"publish","type":"page","link":"http:\/\/www.szikorarendezoiroda.hu\/szikora\/tancdal-retro-pop\/pataki-attila\/","title":{"rendered":"PATAKI ATTILA"},"content":{"rendered":"<p>&nbsp;<\/p>\n<p><span style=\"font-family: Georgia,Palatino; font-size: 12pt;\">\u0150 volt az els\u0151 olyan m\u0171v\u00e9sz, aki bebizony\u00edtotta, hogy tehets\u00e9ggel, szorgalommal \u00e9s kitart\u00e1ssal vid\u00e9kr\u0151l -Miskolcr\u00f3l- is be lehet robbanni a k\u00f6nny\u0171zenei \u00e9letbe, nemcsak a f\u0151v\u00e1rosb\u00f3l. Megtartva ezeket a jellemz\u0151ket, most is ott van az \u00e9lvonalban sz\u00f3l\u00f3ban is \u00e9s zenekar\u00e1val az Edd\u00e1val is.<\/span><\/p>\n<p><iframe loading=\"lazy\" width=\"800\" height=\"450\" src=\"https:\/\/www.youtube.com\/embed\/TsmrbeJgsc0?feature=oembed\" frameborder=\"0\" allowfullscreen><\/iframe><\/p>\n<p>&nbsp;<\/p>\n","protected":false},"excerpt":{"rendered":"<p>&nbsp; \u0150 volt az els\u0151 olyan m\u0171v\u00e9sz, aki bebizony\u00edtotta, hogy tehets\u00e9ggel, szorgalommal \u00e9s kitart\u00e1ssal vid\u00e9kr\u0151l -Miskolcr\u00f3l- is be lehet robbanni a k\u00f6nny\u0171zenei \u00e9letbe, nemcsak a f\u0151v\u00e1rosb\u00f3l. Megtartva ezeket a jellemz\u0151ket, <a class=\"more-link\" href=\"http:\/\/www.szikorarendezoiroda.hu\/szikora\/tancdal-retro-pop\/pataki-attila\/\">A folytat&aacute;s olvas&aacute;sa &rarr;<\/a><\/p>\n","protected":false},"author":1,"featured_media":1627,"parent":20,"menu_order":0,"comment_status":"open","ping_status":"open","template":"","meta":{"footnotes":""},"aioseo_notices":[],"_links":{"self":[{"href":"http:\/\/www.szikorarendezoiroda.hu\/szikora\/wp-json\/wp\/v2\/pages\/1625"}],"collection":[{"href":"http:\/\/www.szikorarendezoiroda.hu\/szikora\/wp-json\/wp\/v2\/pages"}],"about":[{"href":"http:\/\/www.szikorarendezoiroda.hu\/szikora\/wp-json\/wp\/v2\/types\/page"}],"author":[{"embeddable":true,"href":"http:\/\/www.szikorarendezoiroda.hu\/szikora\/wp-json\/wp\/v2\/users\/1"}],"replies":[{"embeddable":true,"href":"http:\/\/www.szikorarendezoiroda.hu\/szikora\/wp-json\/wp\/v2\/comments?post=1625"}],"version-history":[{"count":2,"href":"http:\/\/www.szikorarendezoiroda.hu\/szikora\/wp-json\/wp\/v2\/pages\/1625\/revisions"}],"predecessor-version":[{"id":2727,"href":"http:\/\/www.szikorarendezoiroda.hu\/szikora\/wp-json\/wp\/v2\/pages\/1625\/revisions\/2727"}],"up":[{"embeddable":true,"href":"http:\/\/www.szikorarendezoiroda.hu\/szikora\/wp-json\/wp\/v2\/pages\/20"}],"wp:featuredmedia":[{"embeddable":true,"href":"http:\/\/www.szikorarendezoiroda.hu\/szikora\/wp-json\/wp\/v2\/media\/1627"}],"wp:attachment":[{"href":"http:\/\/www.szikorarendezoiroda.hu\/szikora\/wp-json\/wp\/v2\/media?parent=1625"}],"curies":[{"name":"wp","href":"https:\/\/api.w.org\/{rel}","templated":true}]}}