{"id":1622,"date":"2015-06-03T07:00:55","date_gmt":"2015-06-03T07:00:55","guid":{"rendered":"http:\/\/www.szikorarendezoiroda.hu\/szikora\/?page_id=1622"},"modified":"2018-08-03T03:56:06","modified_gmt":"2018-08-03T03:56:06","slug":"nyari-aliz-es-nyari-edit","status":"publish","type":"page","link":"http:\/\/www.szikorarendezoiroda.hu\/szikora\/tancdal-retro-pop\/nyari-aliz-es-nyari-edit\/","title":{"rendered":"NY\u00c1RI ALIZ \u00c9S NY\u00c1RI EDIT"},"content":{"rendered":"<p>&nbsp;<\/p>\n<p><span style=\"font-family: Georgia,Palatino; font-size: 12pt;\">K\u00e9t remek hang \u00e9s k\u00e9t gy\u00f6ny\u00f6r\u0171 \u00e9nekesn\u0151 a vil\u00e1g legszebb \u00e9s legjobb sl\u00e1gereivel. A program megrendelhet\u0151 \u00c9desapjuk, a kit\u0171n\u0151 zongoram\u0171v\u00e9sz Ny\u00e1ri K\u00e1roly k\u00f6zrem\u0171k\u00f6d\u00e9s\u00e9vel is.<\/span><\/p>\n<p><iframe loading=\"lazy\" width=\"800\" height=\"450\" src=\"https:\/\/www.youtube.com\/embed\/QdMQboJVIWE?feature=oembed\" frameborder=\"0\" allowfullscreen><\/iframe><\/p>\n","protected":false},"excerpt":{"rendered":"<p>&nbsp; K\u00e9t remek hang \u00e9s k\u00e9t gy\u00f6ny\u00f6r\u0171 \u00e9nekesn\u0151 a vil\u00e1g legszebb \u00e9s legjobb sl\u00e1gereivel. A program megrendelhet\u0151 \u00c9desapjuk, a kit\u0171n\u0151 zongoram\u0171v\u00e9sz Ny\u00e1ri K\u00e1roly k\u00f6zrem\u0171k\u00f6d\u00e9s\u00e9vel is.<\/p>\n","protected":false},"author":1,"featured_media":1623,"parent":20,"menu_order":0,"comment_status":"open","ping_status":"open","template":"","meta":{"footnotes":""},"aioseo_notices":[],"_links":{"self":[{"href":"http:\/\/www.szikorarendezoiroda.hu\/szikora\/wp-json\/wp\/v2\/pages\/1622"}],"collection":[{"href":"http:\/\/www.szikorarendezoiroda.hu\/szikora\/wp-json\/wp\/v2\/pages"}],"about":[{"href":"http:\/\/www.szikorarendezoiroda.hu\/szikora\/wp-json\/wp\/v2\/types\/page"}],"author":[{"embeddable":true,"href":"http:\/\/www.szikorarendezoiroda.hu\/szikora\/wp-json\/wp\/v2\/users\/1"}],"replies":[{"embeddable":true,"href":"http:\/\/www.szikorarendezoiroda.hu\/szikora\/wp-json\/wp\/v2\/comments?post=1622"}],"version-history":[{"count":2,"href":"http:\/\/www.szikorarendezoiroda.hu\/szikora\/wp-json\/wp\/v2\/pages\/1622\/revisions"}],"predecessor-version":[{"id":2724,"href":"http:\/\/www.szikorarendezoiroda.hu\/szikora\/wp-json\/wp\/v2\/pages\/1622\/revisions\/2724"}],"up":[{"embeddable":true,"href":"http:\/\/www.szikorarendezoiroda.hu\/szikora\/wp-json\/wp\/v2\/pages\/20"}],"wp:featuredmedia":[{"embeddable":true,"href":"http:\/\/www.szikorarendezoiroda.hu\/szikora\/wp-json\/wp\/v2\/media\/1623"}],"wp:attachment":[{"href":"http:\/\/www.szikorarendezoiroda.hu\/szikora\/wp-json\/wp\/v2\/media?parent=1622"}],"curies":[{"name":"wp","href":"https:\/\/api.w.org\/{rel}","templated":true}]}}