{"id":1613,"date":"2015-06-03T06:56:52","date_gmt":"2015-06-03T06:56:52","guid":{"rendered":"http:\/\/www.szikorarendezoiroda.hu\/szikora\/?page_id=1613"},"modified":"2018-08-03T03:55:00","modified_gmt":"2018-08-03T03:55:00","slug":"meszaros-janos-elek","status":"publish","type":"page","link":"http:\/\/www.szikorarendezoiroda.hu\/szikora\/tancdal-retro-pop\/meszaros-janos-elek\/","title":{"rendered":"M\u00c9SZ\u00c1ROS J\u00c1NOS ELEK"},"content":{"rendered":"<p>&nbsp;<\/p>\n<p>A 2012-es Csillag Sz\u00fcletik gy\u0151ztese, aki operar\u00e9szleteket, operettek \u00e9s n\u00f3t\u00e1kat egyar\u00e1nt szerepeltet m\u0171sor\u00e1n sikeresen \u00e1thidalva a m\u0171fajok k\u00f6z\u00f6tti k\u00fcl\u00f6nbs\u00e9geket.<\/p>\n<p><iframe loading=\"lazy\" width=\"800\" height=\"450\" src=\"https:\/\/www.youtube.com\/embed\/videoseries?list=PLzt_AFWGadWkB5siyit5SSCyPmSGcSBQD\" frameborder=\"0\" allowfullscreen><\/iframe><\/p>\n","protected":false},"excerpt":{"rendered":"<p>&nbsp; A 2012-es Csillag Sz\u00fcletik gy\u0151ztese, aki operar\u00e9szleteket, operettek \u00e9s n\u00f3t\u00e1kat egyar\u00e1nt szerepeltet m\u0171sor\u00e1n sikeresen \u00e1thidalva a m\u0171fajok k\u00f6z\u00f6tti k\u00fcl\u00f6nbs\u00e9geket.<\/p>\n","protected":false},"author":1,"featured_media":1614,"parent":20,"menu_order":0,"comment_status":"open","ping_status":"open","template":"","meta":{"footnotes":""},"aioseo_notices":[],"_links":{"self":[{"href":"http:\/\/www.szikorarendezoiroda.hu\/szikora\/wp-json\/wp\/v2\/pages\/1613"}],"collection":[{"href":"http:\/\/www.szikorarendezoiroda.hu\/szikora\/wp-json\/wp\/v2\/pages"}],"about":[{"href":"http:\/\/www.szikorarendezoiroda.hu\/szikora\/wp-json\/wp\/v2\/types\/page"}],"author":[{"embeddable":true,"href":"http:\/\/www.szikorarendezoiroda.hu\/szikora\/wp-json\/wp\/v2\/users\/1"}],"replies":[{"embeddable":true,"href":"http:\/\/www.szikorarendezoiroda.hu\/szikora\/wp-json\/wp\/v2\/comments?post=1613"}],"version-history":[{"count":2,"href":"http:\/\/www.szikorarendezoiroda.hu\/szikora\/wp-json\/wp\/v2\/pages\/1613\/revisions"}],"predecessor-version":[{"id":2720,"href":"http:\/\/www.szikorarendezoiroda.hu\/szikora\/wp-json\/wp\/v2\/pages\/1613\/revisions\/2720"}],"up":[{"embeddable":true,"href":"http:\/\/www.szikorarendezoiroda.hu\/szikora\/wp-json\/wp\/v2\/pages\/20"}],"wp:featuredmedia":[{"embeddable":true,"href":"http:\/\/www.szikorarendezoiroda.hu\/szikora\/wp-json\/wp\/v2\/media\/1614"}],"wp:attachment":[{"href":"http:\/\/www.szikorarendezoiroda.hu\/szikora\/wp-json\/wp\/v2\/media?parent=1613"}],"curies":[{"name":"wp","href":"https:\/\/api.w.org\/{rel}","templated":true}]}}