{"id":1604,"date":"2015-06-03T06:53:17","date_gmt":"2015-06-03T06:53:17","guid":{"rendered":"http:\/\/www.szikorarendezoiroda.hu\/szikora\/?page_id=1604"},"modified":"2018-08-03T03:52:40","modified_gmt":"2018-08-03T03:52:40","slug":"majsai-gabor","status":"publish","type":"page","link":"http:\/\/www.szikorarendezoiroda.hu\/szikora\/tancdal-retro-pop\/majsai-gabor\/","title":{"rendered":"MAJSAI G\u00c1BOR"},"content":{"rendered":"<p>&nbsp;<\/p>\n<p><span style=\"font-family: Georgia,Palatino; font-size: 12pt;\">Tal\u00e1n a legtal\u00e1l\u00f3bb ismertet\u0151je az, hogy \u201eTom Jones magyar hangja\u201d, aki fantasztikusan \u00e9nekli a vil\u00e1gszt\u00e1r dalait \u00e9s m\u00e9gis meg\u0151rzi saj\u00e1t egy\u00e9nis\u00e9g\u00e9t. Sz\u00f3l\u00f3ban is, zenekar\u00e1val is \u00e9lm\u00e9ny a fell\u00e9p\u00e9s.<\/span><\/p>\n<p><iframe loading=\"lazy\" width=\"800\" height=\"600\" src=\"https:\/\/www.youtube.com\/embed\/xqJlvzbFgQk?feature=oembed\" frameborder=\"0\" allowfullscreen><\/iframe><\/p>\n","protected":false},"excerpt":{"rendered":"<p>&nbsp; Tal\u00e1n a legtal\u00e1l\u00f3bb ismertet\u0151je az, hogy \u201eTom Jones magyar hangja\u201d, aki fantasztikusan \u00e9nekli a vil\u00e1gszt\u00e1r dalait \u00e9s m\u00e9gis meg\u0151rzi saj\u00e1t egy\u00e9nis\u00e9g\u00e9t. Sz\u00f3l\u00f3ban is, zenekar\u00e1val is \u00e9lm\u00e9ny a fell\u00e9p\u00e9s.<\/p>\n","protected":false},"author":1,"featured_media":1605,"parent":20,"menu_order":0,"comment_status":"open","ping_status":"open","template":"","meta":{"footnotes":""},"aioseo_notices":[],"_links":{"self":[{"href":"http:\/\/www.szikorarendezoiroda.hu\/szikora\/wp-json\/wp\/v2\/pages\/1604"}],"collection":[{"href":"http:\/\/www.szikorarendezoiroda.hu\/szikora\/wp-json\/wp\/v2\/pages"}],"about":[{"href":"http:\/\/www.szikorarendezoiroda.hu\/szikora\/wp-json\/wp\/v2\/types\/page"}],"author":[{"embeddable":true,"href":"http:\/\/www.szikorarendezoiroda.hu\/szikora\/wp-json\/wp\/v2\/users\/1"}],"replies":[{"embeddable":true,"href":"http:\/\/www.szikorarendezoiroda.hu\/szikora\/wp-json\/wp\/v2\/comments?post=1604"}],"version-history":[{"count":3,"href":"http:\/\/www.szikorarendezoiroda.hu\/szikora\/wp-json\/wp\/v2\/pages\/1604\/revisions"}],"predecessor-version":[{"id":2718,"href":"http:\/\/www.szikorarendezoiroda.hu\/szikora\/wp-json\/wp\/v2\/pages\/1604\/revisions\/2718"}],"up":[{"embeddable":true,"href":"http:\/\/www.szikorarendezoiroda.hu\/szikora\/wp-json\/wp\/v2\/pages\/20"}],"wp:featuredmedia":[{"embeddable":true,"href":"http:\/\/www.szikorarendezoiroda.hu\/szikora\/wp-json\/wp\/v2\/media\/1605"}],"wp:attachment":[{"href":"http:\/\/www.szikorarendezoiroda.hu\/szikora\/wp-json\/wp\/v2\/media?parent=1604"}],"curies":[{"name":"wp","href":"https:\/\/api.w.org\/{rel}","templated":true}]}}