{"id":1598,"date":"2015-06-03T06:51:01","date_gmt":"2015-06-03T06:51:01","guid":{"rendered":"http:\/\/www.szikorarendezoiroda.hu\/szikora\/?page_id=1598"},"modified":"2018-08-03T03:50:15","modified_gmt":"2018-08-03T03:50:15","slug":"kokeny-attila","status":"publish","type":"page","link":"http:\/\/www.szikorarendezoiroda.hu\/szikora\/tancdal-retro-pop\/kokeny-attila\/","title":{"rendered":"K\u00d6K\u00c9NY ATTILA"},"content":{"rendered":"<p>&nbsp;<\/p>\n<p><span style=\"font-family: Georgia,Palatino; font-size: 12pt;\">A Megaszt\u00e1r 5 f\u00e9rfi gy\u0151ztese, a TV2 kiemelt arca, a vil\u00e1gh\u00edr\u0171 opera\u00e9nekesn\u0151, Mikl\u00f3sa Erika \u00e1lland\u00f3 partnere. 2013-ban megnyerte a Nagy Duett vet\u00e9lked\u0151t, ahol partnere Cseke Katinka volt. Felk\u00e9r\u00e9sre k\u00f6z\u00f6sen is v\u00e1llalnak fell\u00e9p\u00e9st.<\/span><\/p>\n<p><iframe loading=\"lazy\" width=\"800\" height=\"450\" src=\"https:\/\/www.youtube.com\/embed\/4CxF5DQRs7o?feature=oembed\" frameborder=\"0\" allowfullscreen><\/iframe><\/p>\n","protected":false},"excerpt":{"rendered":"<p>&nbsp; A Megaszt\u00e1r 5 f\u00e9rfi gy\u0151ztese, a TV2 kiemelt arca, a vil\u00e1gh\u00edr\u0171 opera\u00e9nekesn\u0151, Mikl\u00f3sa Erika \u00e1lland\u00f3 partnere. 2013-ban megnyerte a Nagy Duett vet\u00e9lked\u0151t, ahol partnere Cseke Katinka volt. Felk\u00e9r\u00e9sre k\u00f6z\u00f6sen <a class=\"more-link\" href=\"http:\/\/www.szikorarendezoiroda.hu\/szikora\/tancdal-retro-pop\/kokeny-attila\/\">A folytat&aacute;s olvas&aacute;sa &rarr;<\/a><\/p>\n","protected":false},"author":1,"featured_media":1599,"parent":20,"menu_order":0,"comment_status":"open","ping_status":"open","template":"","meta":{"footnotes":""},"aioseo_notices":[],"_links":{"self":[{"href":"http:\/\/www.szikorarendezoiroda.hu\/szikora\/wp-json\/wp\/v2\/pages\/1598"}],"collection":[{"href":"http:\/\/www.szikorarendezoiroda.hu\/szikora\/wp-json\/wp\/v2\/pages"}],"about":[{"href":"http:\/\/www.szikorarendezoiroda.hu\/szikora\/wp-json\/wp\/v2\/types\/page"}],"author":[{"embeddable":true,"href":"http:\/\/www.szikorarendezoiroda.hu\/szikora\/wp-json\/wp\/v2\/users\/1"}],"replies":[{"embeddable":true,"href":"http:\/\/www.szikorarendezoiroda.hu\/szikora\/wp-json\/wp\/v2\/comments?post=1598"}],"version-history":[{"count":3,"href":"http:\/\/www.szikorarendezoiroda.hu\/szikora\/wp-json\/wp\/v2\/pages\/1598\/revisions"}],"predecessor-version":[{"id":2712,"href":"http:\/\/www.szikorarendezoiroda.hu\/szikora\/wp-json\/wp\/v2\/pages\/1598\/revisions\/2712"}],"up":[{"embeddable":true,"href":"http:\/\/www.szikorarendezoiroda.hu\/szikora\/wp-json\/wp\/v2\/pages\/20"}],"wp:featuredmedia":[{"embeddable":true,"href":"http:\/\/www.szikorarendezoiroda.hu\/szikora\/wp-json\/wp\/v2\/media\/1599"}],"wp:attachment":[{"href":"http:\/\/www.szikorarendezoiroda.hu\/szikora\/wp-json\/wp\/v2\/media?parent=1598"}],"curies":[{"name":"wp","href":"https:\/\/api.w.org\/{rel}","templated":true}]}}