{"id":1579,"date":"2015-06-03T06:41:04","date_gmt":"2015-06-03T06:41:04","guid":{"rendered":"http:\/\/www.szikorarendezoiroda.hu\/szikora\/?page_id=1579"},"modified":"2018-08-03T03:48:36","modified_gmt":"2018-08-03T03:48:36","slug":"kallay-saunders","status":"publish","type":"page","link":"http:\/\/www.szikorarendezoiroda.hu\/szikora\/tancdal-retro-pop\/kallay-saunders\/","title":{"rendered":"K\u00c1LLAY SAUNDERS"},"content":{"rendered":"<p>&nbsp;<\/p>\n<p><span style=\"color: #333333; font-family: Georgia,Palatino; font-size: 12pt;\">2013 kedvence.\u00a0H\u00e1rom \u00e9v alatt 5 toplist\u00e1s dala jelent meg, r\u00f6videsen j\u00f6n\u00a0els\u0151 nagylemeze. CD alapos fell\u00e9p\u00e9se \u00e9s \u00e9l\u0151 koncertje egyar\u00e1nt nagy siker.<\/span><\/p>\n<p><iframe loading=\"lazy\" width=\"800\" height=\"450\" src=\"https:\/\/www.youtube.com\/embed\/9gvI_AMjX2o?feature=oembed\" frameborder=\"0\" allow=\"autoplay; encrypted-media\" allowfullscreen><\/iframe><\/p>\n","protected":false},"excerpt":{"rendered":"<p>&nbsp; 2013 kedvence.\u00a0H\u00e1rom \u00e9v alatt 5 toplist\u00e1s dala jelent meg, r\u00f6videsen j\u00f6n\u00a0els\u0151 nagylemeze. CD alapos fell\u00e9p\u00e9se \u00e9s \u00e9l\u0151 koncertje egyar\u00e1nt nagy siker.<\/p>\n","protected":false},"author":1,"featured_media":1580,"parent":20,"menu_order":0,"comment_status":"open","ping_status":"open","template":"","meta":{"footnotes":""},"aioseo_notices":[],"_links":{"self":[{"href":"http:\/\/www.szikorarendezoiroda.hu\/szikora\/wp-json\/wp\/v2\/pages\/1579"}],"collection":[{"href":"http:\/\/www.szikorarendezoiroda.hu\/szikora\/wp-json\/wp\/v2\/pages"}],"about":[{"href":"http:\/\/www.szikorarendezoiroda.hu\/szikora\/wp-json\/wp\/v2\/types\/page"}],"author":[{"embeddable":true,"href":"http:\/\/www.szikorarendezoiroda.hu\/szikora\/wp-json\/wp\/v2\/users\/1"}],"replies":[{"embeddable":true,"href":"http:\/\/www.szikorarendezoiroda.hu\/szikora\/wp-json\/wp\/v2\/comments?post=1579"}],"version-history":[{"count":3,"href":"http:\/\/www.szikorarendezoiroda.hu\/szikora\/wp-json\/wp\/v2\/pages\/1579\/revisions"}],"predecessor-version":[{"id":2708,"href":"http:\/\/www.szikorarendezoiroda.hu\/szikora\/wp-json\/wp\/v2\/pages\/1579\/revisions\/2708"}],"up":[{"embeddable":true,"href":"http:\/\/www.szikorarendezoiroda.hu\/szikora\/wp-json\/wp\/v2\/pages\/20"}],"wp:featuredmedia":[{"embeddable":true,"href":"http:\/\/www.szikorarendezoiroda.hu\/szikora\/wp-json\/wp\/v2\/media\/1580"}],"wp:attachment":[{"href":"http:\/\/www.szikorarendezoiroda.hu\/szikora\/wp-json\/wp\/v2\/media?parent=1579"}],"curies":[{"name":"wp","href":"https:\/\/api.w.org\/{rel}","templated":true}]}}