{"id":1570,"date":"2015-06-03T06:36:55","date_gmt":"2015-06-03T06:36:55","guid":{"rendered":"http:\/\/www.szikorarendezoiroda.hu\/szikora\/?page_id=1570"},"modified":"2018-08-03T03:44:10","modified_gmt":"2018-08-03T03:44:10","slug":"dred-doris","status":"publish","type":"page","link":"http:\/\/www.szikorarendezoiroda.hu\/szikora\/tancdal-retro-pop\/dred-doris\/","title":{"rendered":"DRED &#038; DORIS"},"content":{"rendered":"<p>&nbsp;<\/p>\n<p>A p\u00e1ros az elm\u00falt \u00e9vekben nagy hangs\u00falyt fektetett arra, hogy trendi hangz\u00e1s\u00fa dalokat k\u00e9szitsen. \u00cdgy t\u00f6rt\u00e9nt ez most is , leg\u00fajabb klippj\u00fck, a \u201eCsak egy \u00e9rint\u00e9s&#8221;.<\/p>\n<p><iframe loading=\"lazy\" width=\"800\" height=\"450\" src=\"https:\/\/www.youtube.com\/embed\/LkQpQDBfv6I?feature=oembed\" frameborder=\"0\" allowfullscreen><\/iframe><\/p>\n","protected":false},"excerpt":{"rendered":"<p>&nbsp; A p\u00e1ros az elm\u00falt \u00e9vekben nagy hangs\u00falyt fektetett arra, hogy trendi hangz\u00e1s\u00fa dalokat k\u00e9szitsen. \u00cdgy t\u00f6rt\u00e9nt ez most is , leg\u00fajabb klippj\u00fck, a \u201eCsak egy \u00e9rint\u00e9s&#8221;.<\/p>\n","protected":false},"author":1,"featured_media":1571,"parent":20,"menu_order":0,"comment_status":"open","ping_status":"open","template":"","meta":{"footnotes":""},"aioseo_notices":[],"_links":{"self":[{"href":"http:\/\/www.szikorarendezoiroda.hu\/szikora\/wp-json\/wp\/v2\/pages\/1570"}],"collection":[{"href":"http:\/\/www.szikorarendezoiroda.hu\/szikora\/wp-json\/wp\/v2\/pages"}],"about":[{"href":"http:\/\/www.szikorarendezoiroda.hu\/szikora\/wp-json\/wp\/v2\/types\/page"}],"author":[{"embeddable":true,"href":"http:\/\/www.szikorarendezoiroda.hu\/szikora\/wp-json\/wp\/v2\/users\/1"}],"replies":[{"embeddable":true,"href":"http:\/\/www.szikorarendezoiroda.hu\/szikora\/wp-json\/wp\/v2\/comments?post=1570"}],"version-history":[{"count":3,"href":"http:\/\/www.szikorarendezoiroda.hu\/szikora\/wp-json\/wp\/v2\/pages\/1570\/revisions"}],"predecessor-version":[{"id":2704,"href":"http:\/\/www.szikorarendezoiroda.hu\/szikora\/wp-json\/wp\/v2\/pages\/1570\/revisions\/2704"}],"up":[{"embeddable":true,"href":"http:\/\/www.szikorarendezoiroda.hu\/szikora\/wp-json\/wp\/v2\/pages\/20"}],"wp:featuredmedia":[{"embeddable":true,"href":"http:\/\/www.szikorarendezoiroda.hu\/szikora\/wp-json\/wp\/v2\/media\/1571"}],"wp:attachment":[{"href":"http:\/\/www.szikorarendezoiroda.hu\/szikora\/wp-json\/wp\/v2\/media?parent=1570"}],"curies":[{"name":"wp","href":"https:\/\/api.w.org\/{rel}","templated":true}]}}