{"id":1567,"date":"2015-06-03T06:35:21","date_gmt":"2015-06-03T06:35:21","guid":{"rendered":"http:\/\/www.szikorarendezoiroda.hu\/szikora\/?page_id=1567"},"modified":"2018-08-03T03:43:26","modified_gmt":"2018-08-03T03:43:26","slug":"delhusa-gjon","status":"publish","type":"page","link":"http:\/\/www.szikorarendezoiroda.hu\/szikora\/tancdal-retro-pop\/delhusa-gjon\/","title":{"rendered":"DELHUSA GJON"},"content":{"rendered":"<p>&nbsp;<\/p>\n<p>1971-ben a Hegyek l\u00e1nya c\u00edm\u0171 dallal nyerte el a k\u00f6z\u00f6ns\u00e9g tetsz\u00e9s\u00e9t. Az\u00f3ta sz\u00e1mtalan sl\u00e1gere sz\u00fcletett, amiknek hangz\u00e1sa mindig utal mediterr\u00e1n gy\u00f6kereire(Nika se perimeno). A keleti kult\u00fara titokzatos vil\u00e1g\u00e1t hozta el szeretet medit\u00e1ci\u00f3s koncertjeivel, melyek val\u00f3di megnyugtat\u00f3 kikapcsol\u00f3d\u00e1st adnak.<\/p>\n<p><iframe loading=\"lazy\" width=\"800\" height=\"600\" src=\"https:\/\/www.youtube.com\/embed\/4R9Q9Yb2I0M?feature=oembed\" frameborder=\"0\" allowfullscreen><\/iframe><\/p>\n","protected":false},"excerpt":{"rendered":"<p>&nbsp; 1971-ben a Hegyek l\u00e1nya c\u00edm\u0171 dallal nyerte el a k\u00f6z\u00f6ns\u00e9g tetsz\u00e9s\u00e9t. Az\u00f3ta sz\u00e1mtalan sl\u00e1gere sz\u00fcletett, amiknek hangz\u00e1sa mindig utal mediterr\u00e1n gy\u00f6kereire(Nika se perimeno). A keleti kult\u00fara titokzatos vil\u00e1g\u00e1t hozta <a class=\"more-link\" href=\"http:\/\/www.szikorarendezoiroda.hu\/szikora\/tancdal-retro-pop\/delhusa-gjon\/\">A folytat&aacute;s olvas&aacute;sa &rarr;<\/a><\/p>\n","protected":false},"author":1,"featured_media":1568,"parent":20,"menu_order":0,"comment_status":"open","ping_status":"open","template":"","meta":{"footnotes":""},"aioseo_notices":[],"_links":{"self":[{"href":"http:\/\/www.szikorarendezoiroda.hu\/szikora\/wp-json\/wp\/v2\/pages\/1567"}],"collection":[{"href":"http:\/\/www.szikorarendezoiroda.hu\/szikora\/wp-json\/wp\/v2\/pages"}],"about":[{"href":"http:\/\/www.szikorarendezoiroda.hu\/szikora\/wp-json\/wp\/v2\/types\/page"}],"author":[{"embeddable":true,"href":"http:\/\/www.szikorarendezoiroda.hu\/szikora\/wp-json\/wp\/v2\/users\/1"}],"replies":[{"embeddable":true,"href":"http:\/\/www.szikorarendezoiroda.hu\/szikora\/wp-json\/wp\/v2\/comments?post=1567"}],"version-history":[{"count":3,"href":"http:\/\/www.szikorarendezoiroda.hu\/szikora\/wp-json\/wp\/v2\/pages\/1567\/revisions"}],"predecessor-version":[{"id":2702,"href":"http:\/\/www.szikorarendezoiroda.hu\/szikora\/wp-json\/wp\/v2\/pages\/1567\/revisions\/2702"}],"up":[{"embeddable":true,"href":"http:\/\/www.szikorarendezoiroda.hu\/szikora\/wp-json\/wp\/v2\/pages\/20"}],"wp:featuredmedia":[{"embeddable":true,"href":"http:\/\/www.szikorarendezoiroda.hu\/szikora\/wp-json\/wp\/v2\/media\/1568"}],"wp:attachment":[{"href":"http:\/\/www.szikorarendezoiroda.hu\/szikora\/wp-json\/wp\/v2\/media?parent=1567"}],"curies":[{"name":"wp","href":"https:\/\/api.w.org\/{rel}","templated":true}]}}