{"id":1564,"date":"2015-06-03T06:34:01","date_gmt":"2015-06-03T06:34:01","guid":{"rendered":"http:\/\/www.szikorarendezoiroda.hu\/szikora\/?page_id=1564"},"modified":"2018-08-03T03:42:24","modified_gmt":"2018-08-03T03:42:24","slug":"csonka-andras","status":"publish","type":"page","link":"http:\/\/www.szikorarendezoiroda.hu\/szikora\/tancdal-retro-pop\/csonka-andras\/","title":{"rendered":"CSONKA ANDR\u00c1S"},"content":{"rendered":"<p>&nbsp;<\/p>\n<p><span style=\"font-family: Georgia,Palatino; font-size: 12pt;\">Sz\u00edn\u00e9sz, m\u0171sorvezet\u0151, \u201dt\u00e1nc versenyz\u0151\u201d \u00e9s nem utols\u00f3 sorban \u00e9nekes el\u0151ad\u00f3m\u0171v\u00e9sz. B\u00e1rmilyen t\u00edpusu rendezv\u00e9nyen maxim\u00e1lisan ny\u00fajtja tud\u00e1s\u00e1t, legyen az egy nagyon eleg\u00e1ns b\u00e1l, vagy egy c\u00e9ges csal\u00e1dinap vagy v\u00e1rosnap, falunap.<\/span><\/p>\n<p><iframe loading=\"lazy\" width=\"800\" height=\"600\" src=\"https:\/\/www.youtube.com\/embed\/aBmI4mQXIyo?feature=oembed\" frameborder=\"0\" allow=\"autoplay; encrypted-media\" allowfullscreen><\/iframe><\/p>\n","protected":false},"excerpt":{"rendered":"<p>&nbsp; Sz\u00edn\u00e9sz, m\u0171sorvezet\u0151, \u201dt\u00e1nc versenyz\u0151\u201d \u00e9s nem utols\u00f3 sorban \u00e9nekes el\u0151ad\u00f3m\u0171v\u00e9sz. B\u00e1rmilyen t\u00edpusu rendezv\u00e9nyen maxim\u00e1lisan ny\u00fajtja tud\u00e1s\u00e1t, legyen az egy nagyon eleg\u00e1ns b\u00e1l, vagy egy c\u00e9ges csal\u00e1dinap vagy v\u00e1rosnap, falunap.<\/p>\n","protected":false},"author":1,"featured_media":1565,"parent":20,"menu_order":0,"comment_status":"open","ping_status":"open","template":"","meta":{"footnotes":""},"aioseo_notices":[],"_links":{"self":[{"href":"http:\/\/www.szikorarendezoiroda.hu\/szikora\/wp-json\/wp\/v2\/pages\/1564"}],"collection":[{"href":"http:\/\/www.szikorarendezoiroda.hu\/szikora\/wp-json\/wp\/v2\/pages"}],"about":[{"href":"http:\/\/www.szikorarendezoiroda.hu\/szikora\/wp-json\/wp\/v2\/types\/page"}],"author":[{"embeddable":true,"href":"http:\/\/www.szikorarendezoiroda.hu\/szikora\/wp-json\/wp\/v2\/users\/1"}],"replies":[{"embeddable":true,"href":"http:\/\/www.szikorarendezoiroda.hu\/szikora\/wp-json\/wp\/v2\/comments?post=1564"}],"version-history":[{"count":2,"href":"http:\/\/www.szikorarendezoiroda.hu\/szikora\/wp-json\/wp\/v2\/pages\/1564\/revisions"}],"predecessor-version":[{"id":2700,"href":"http:\/\/www.szikorarendezoiroda.hu\/szikora\/wp-json\/wp\/v2\/pages\/1564\/revisions\/2700"}],"up":[{"embeddable":true,"href":"http:\/\/www.szikorarendezoiroda.hu\/szikora\/wp-json\/wp\/v2\/pages\/20"}],"wp:featuredmedia":[{"embeddable":true,"href":"http:\/\/www.szikorarendezoiroda.hu\/szikora\/wp-json\/wp\/v2\/media\/1565"}],"wp:attachment":[{"href":"http:\/\/www.szikorarendezoiroda.hu\/szikora\/wp-json\/wp\/v2\/media?parent=1564"}],"curies":[{"name":"wp","href":"https:\/\/api.w.org\/{rel}","templated":true}]}}