{"id":1561,"date":"2015-06-03T06:32:45","date_gmt":"2015-06-03T06:32:45","guid":{"rendered":"http:\/\/www.szikorarendezoiroda.hu\/szikora\/?page_id=1561"},"modified":"2018-08-03T03:41:38","modified_gmt":"2018-08-03T03:41:38","slug":"csongradi-kata","status":"publish","type":"page","link":"http:\/\/www.szikorarendezoiroda.hu\/szikora\/tancdal-retro-pop\/csongradi-kata\/","title":{"rendered":"CSONGR\u00c1DI KATA"},"content":{"rendered":"<p>&nbsp;<\/p>\n<p><span style=\"font-family: Georgia,Palatino; font-size: 12pt;\">Sz\u00edn\u00e9szn\u0151, aki a \u201eMilli\u00f3 r\u00f3zsasz\u00e1l\u201d c\u00edm\u0171 dallal els\u0151 hall\u00e1sra belopta mag\u00e1t a k\u00f6z\u00f6ns\u00e9g sz\u00edv\u00e9be. M\u0171sora alaphangj\u00e1t a szeretet \u00e9s b\u00e9kess\u00e9g adja meg, ami sajnos egyre nagyobb hi\u00e1ny.<\/span><\/p>\n<p><iframe loading=\"lazy\" width=\"800\" height=\"600\" src=\"https:\/\/www.youtube.com\/embed\/KBwzB6S-g2I?feature=oembed\" frameborder=\"0\" allowfullscreen><\/iframe><\/p>\n","protected":false},"excerpt":{"rendered":"<p>&nbsp; Sz\u00edn\u00e9szn\u0151, aki a \u201eMilli\u00f3 r\u00f3zsasz\u00e1l\u201d c\u00edm\u0171 dallal els\u0151 hall\u00e1sra belopta mag\u00e1t a k\u00f6z\u00f6ns\u00e9g sz\u00edv\u00e9be. M\u0171sora alaphangj\u00e1t a szeretet \u00e9s b\u00e9kess\u00e9g adja meg, ami sajnos egyre nagyobb hi\u00e1ny.<\/p>\n","protected":false},"author":1,"featured_media":1562,"parent":20,"menu_order":0,"comment_status":"open","ping_status":"open","template":"","meta":{"footnotes":""},"aioseo_notices":[],"_links":{"self":[{"href":"http:\/\/www.szikorarendezoiroda.hu\/szikora\/wp-json\/wp\/v2\/pages\/1561"}],"collection":[{"href":"http:\/\/www.szikorarendezoiroda.hu\/szikora\/wp-json\/wp\/v2\/pages"}],"about":[{"href":"http:\/\/www.szikorarendezoiroda.hu\/szikora\/wp-json\/wp\/v2\/types\/page"}],"author":[{"embeddable":true,"href":"http:\/\/www.szikorarendezoiroda.hu\/szikora\/wp-json\/wp\/v2\/users\/1"}],"replies":[{"embeddable":true,"href":"http:\/\/www.szikorarendezoiroda.hu\/szikora\/wp-json\/wp\/v2\/comments?post=1561"}],"version-history":[{"count":3,"href":"http:\/\/www.szikorarendezoiroda.hu\/szikora\/wp-json\/wp\/v2\/pages\/1561\/revisions"}],"predecessor-version":[{"id":2699,"href":"http:\/\/www.szikorarendezoiroda.hu\/szikora\/wp-json\/wp\/v2\/pages\/1561\/revisions\/2699"}],"up":[{"embeddable":true,"href":"http:\/\/www.szikorarendezoiroda.hu\/szikora\/wp-json\/wp\/v2\/pages\/20"}],"wp:featuredmedia":[{"embeddable":true,"href":"http:\/\/www.szikorarendezoiroda.hu\/szikora\/wp-json\/wp\/v2\/media\/1562"}],"wp:attachment":[{"href":"http:\/\/www.szikorarendezoiroda.hu\/szikora\/wp-json\/wp\/v2\/media?parent=1561"}],"curies":[{"name":"wp","href":"https:\/\/api.w.org\/{rel}","templated":true}]}}