{"id":1558,"date":"2015-06-03T06:31:23","date_gmt":"2015-06-03T06:31:23","guid":{"rendered":"http:\/\/www.szikorarendezoiroda.hu\/szikora\/?page_id=1558"},"modified":"2018-08-03T03:41:29","modified_gmt":"2018-08-03T03:41:29","slug":"cserpes-laura","status":"publish","type":"page","link":"http:\/\/www.szikorarendezoiroda.hu\/szikora\/tancdal-retro-pop\/cserpes-laura\/","title":{"rendered":"CSERPES LAURA"},"content":{"rendered":"<p>&nbsp;<\/p>\n<p><span style=\"font-family: Georgia,Palatino; font-size: 12pt;\">A Dal c\u00edm\u0171 m\u0171sor d\u00f6nt\u0151se. 8 h\u00f3nap alatt n\u00e9gy \u00faj dala jelent meg, h\u00e1romb\u00f3l klipp is k\u00e9sz\u00fclt. Programjai megrendelhet\u0151ek 30 percben CD alappal, vagy 60-90 percben \u00e9l\u0151 koncertk\u00e9nt is nagyon kedvez\u0151 \u00e1rban.<\/span><\/p>\n<p><iframe loading=\"lazy\" width=\"800\" height=\"450\" src=\"https:\/\/www.youtube.com\/embed\/qfcRueKufKo?feature=oembed\" frameborder=\"0\" allowfullscreen><\/iframe><\/p>\n<p>&nbsp;<\/p>\n","protected":false},"excerpt":{"rendered":"<p>&nbsp; A Dal c\u00edm\u0171 m\u0171sor d\u00f6nt\u0151se. 8 h\u00f3nap alatt n\u00e9gy \u00faj dala jelent meg, h\u00e1romb\u00f3l klipp is k\u00e9sz\u00fclt. Programjai megrendelhet\u0151ek 30 percben CD alappal, vagy 60-90 percben \u00e9l\u0151 koncertk\u00e9nt is <a class=\"more-link\" href=\"http:\/\/www.szikorarendezoiroda.hu\/szikora\/tancdal-retro-pop\/cserpes-laura\/\">A folytat&aacute;s olvas&aacute;sa &rarr;<\/a><\/p>\n","protected":false},"author":1,"featured_media":1559,"parent":20,"menu_order":0,"comment_status":"open","ping_status":"open","template":"","meta":{"footnotes":""},"aioseo_notices":[],"_links":{"self":[{"href":"http:\/\/www.szikorarendezoiroda.hu\/szikora\/wp-json\/wp\/v2\/pages\/1558"}],"collection":[{"href":"http:\/\/www.szikorarendezoiroda.hu\/szikora\/wp-json\/wp\/v2\/pages"}],"about":[{"href":"http:\/\/www.szikorarendezoiroda.hu\/szikora\/wp-json\/wp\/v2\/types\/page"}],"author":[{"embeddable":true,"href":"http:\/\/www.szikorarendezoiroda.hu\/szikora\/wp-json\/wp\/v2\/users\/1"}],"replies":[{"embeddable":true,"href":"http:\/\/www.szikorarendezoiroda.hu\/szikora\/wp-json\/wp\/v2\/comments?post=1558"}],"version-history":[{"count":3,"href":"http:\/\/www.szikorarendezoiroda.hu\/szikora\/wp-json\/wp\/v2\/pages\/1558\/revisions"}],"predecessor-version":[{"id":2698,"href":"http:\/\/www.szikorarendezoiroda.hu\/szikora\/wp-json\/wp\/v2\/pages\/1558\/revisions\/2698"}],"up":[{"embeddable":true,"href":"http:\/\/www.szikorarendezoiroda.hu\/szikora\/wp-json\/wp\/v2\/pages\/20"}],"wp:featuredmedia":[{"embeddable":true,"href":"http:\/\/www.szikorarendezoiroda.hu\/szikora\/wp-json\/wp\/v2\/media\/1559"}],"wp:attachment":[{"href":"http:\/\/www.szikorarendezoiroda.hu\/szikora\/wp-json\/wp\/v2\/media?parent=1558"}],"curies":[{"name":"wp","href":"https:\/\/api.w.org\/{rel}","templated":true}]}}