{"id":1549,"date":"2015-06-03T06:25:34","date_gmt":"2015-06-03T06:25:34","guid":{"rendered":"http:\/\/www.szikorarendezoiroda.hu\/szikora\/?page_id=1549"},"modified":"2018-08-03T03:39:43","modified_gmt":"2018-08-03T03:39:43","slug":"charlie","status":"publish","type":"page","link":"http:\/\/www.szikorarendezoiroda.hu\/szikora\/tancdal-retro-pop\/charlie\/","title":{"rendered":"CHARLIE"},"content":{"rendered":"<p>&nbsp;<\/p>\n<p><span style=\"font-family: Georgia,Palatino; font-size: 12pt;\">A kezdeti hazai sikerek ut\u00e1n hossz\u00fa \u00e9vekre k\u00fclf\u00f6ldre vette az ir\u00e1nyt, de id\u0151vel m\u00e9gis visszaj\u00f6tt \u00e9s itthon sikert sikerre halmozott \u00e9s halmoz ma is. Jellegzetes rekedtes hangj\u00e1n sz\u00edvesen hallgatjuk, hogy &#8222;N\u00e9zz, n\u00e9zz az \u00e9g fel\u00e9&#8221; vagy &#8222;Az aki sz\u00e9p, az reggel is sz\u00e9p&#8221; vagy &#8222;J\u00e9g dupla whiskeyvel&#8221;.<\/span><\/p>\n<p><iframe loading=\"lazy\" width=\"800\" height=\"450\" src=\"https:\/\/www.youtube.com\/embed\/2h2PMTP3duY?feature=oembed\" frameborder=\"0\" allowfullscreen><\/iframe><\/p>\n","protected":false},"excerpt":{"rendered":"<p>&nbsp; A kezdeti hazai sikerek ut\u00e1n hossz\u00fa \u00e9vekre k\u00fclf\u00f6ldre vette az ir\u00e1nyt, de id\u0151vel m\u00e9gis visszaj\u00f6tt \u00e9s itthon sikert sikerre halmozott \u00e9s halmoz ma is. Jellegzetes rekedtes hangj\u00e1n sz\u00edvesen hallgatjuk, <a class=\"more-link\" href=\"http:\/\/www.szikorarendezoiroda.hu\/szikora\/tancdal-retro-pop\/charlie\/\">A folytat&aacute;s olvas&aacute;sa &rarr;<\/a><\/p>\n","protected":false},"author":1,"featured_media":1550,"parent":20,"menu_order":0,"comment_status":"open","ping_status":"open","template":"","meta":{"footnotes":""},"aioseo_notices":[],"_links":{"self":[{"href":"http:\/\/www.szikorarendezoiroda.hu\/szikora\/wp-json\/wp\/v2\/pages\/1549"}],"collection":[{"href":"http:\/\/www.szikorarendezoiroda.hu\/szikora\/wp-json\/wp\/v2\/pages"}],"about":[{"href":"http:\/\/www.szikorarendezoiroda.hu\/szikora\/wp-json\/wp\/v2\/types\/page"}],"author":[{"embeddable":true,"href":"http:\/\/www.szikorarendezoiroda.hu\/szikora\/wp-json\/wp\/v2\/users\/1"}],"replies":[{"embeddable":true,"href":"http:\/\/www.szikorarendezoiroda.hu\/szikora\/wp-json\/wp\/v2\/comments?post=1549"}],"version-history":[{"count":3,"href":"http:\/\/www.szikorarendezoiroda.hu\/szikora\/wp-json\/wp\/v2\/pages\/1549\/revisions"}],"predecessor-version":[{"id":2695,"href":"http:\/\/www.szikorarendezoiroda.hu\/szikora\/wp-json\/wp\/v2\/pages\/1549\/revisions\/2695"}],"up":[{"embeddable":true,"href":"http:\/\/www.szikorarendezoiroda.hu\/szikora\/wp-json\/wp\/v2\/pages\/20"}],"wp:featuredmedia":[{"embeddable":true,"href":"http:\/\/www.szikorarendezoiroda.hu\/szikora\/wp-json\/wp\/v2\/media\/1550"}],"wp:attachment":[{"href":"http:\/\/www.szikorarendezoiroda.hu\/szikora\/wp-json\/wp\/v2\/media?parent=1549"}],"curies":[{"name":"wp","href":"https:\/\/api.w.org\/{rel}","templated":true}]}}