{"id":1546,"date":"2015-06-03T06:23:41","date_gmt":"2015-06-03T06:23:41","guid":{"rendered":"http:\/\/www.szikorarendezoiroda.hu\/szikora\/?page_id=1546"},"modified":"2018-08-03T03:37:24","modified_gmt":"2018-08-03T03:37:24","slug":"body-magdi","status":"publish","type":"page","link":"http:\/\/www.szikorarendezoiroda.hu\/szikora\/tancdal-retro-pop\/body-magdi\/","title":{"rendered":"B\u00d3DY MAGDI"},"content":{"rendered":"<p>&nbsp;<\/p>\n<p><span style=\"font-family: Georgia,Palatino; font-size: 12pt;\">20 \u00e9vet t\u00f6lt\u00f6tt Kanad\u00e1ban \u00e9s amerik\u00e1ban, most \u00fajra itthon hallhatjuk egyed\u00fcl\u00e1ll\u00f3 4 okt\u00e1vos, fantasztikus hangj\u00e1t. R\u00e9gi, nagy sl\u00e1gerei mellett (CD 50&#8242;) rendelhet\u0151 egy igaz\u00e1n retr\u00f3s, bulis koncert is olyan kiv\u00e1l\u00f3 zen\u00e9szt\u00e1rsakkal, mint P\u00e1lkmai Zoli &#8211; dob, Marshalk\u00f3 Zolt\u00e1n &#8211; git\u00e1r, Zsoldos Tam\u00e1s &#8211; bass git\u00e1r \u00e9s Jonny &#8211; keyboards.<\/span><\/p>\n<p><iframe loading=\"lazy\" width=\"800\" height=\"600\" src=\"https:\/\/www.youtube.com\/embed\/rNPKRuwPA34?feature=oembed\" frameborder=\"0\" allowfullscreen><\/iframe><\/p>\n","protected":false},"excerpt":{"rendered":"<p>&nbsp; 20 \u00e9vet t\u00f6lt\u00f6tt Kanad\u00e1ban \u00e9s amerik\u00e1ban, most \u00fajra itthon hallhatjuk egyed\u00fcl\u00e1ll\u00f3 4 okt\u00e1vos, fantasztikus hangj\u00e1t. R\u00e9gi, nagy sl\u00e1gerei mellett (CD 50&#8242;) rendelhet\u0151 egy igaz\u00e1n retr\u00f3s, bulis koncert is olyan <a class=\"more-link\" href=\"http:\/\/www.szikorarendezoiroda.hu\/szikora\/tancdal-retro-pop\/body-magdi\/\">A folytat&aacute;s olvas&aacute;sa &rarr;<\/a><\/p>\n","protected":false},"author":1,"featured_media":1547,"parent":20,"menu_order":0,"comment_status":"open","ping_status":"open","template":"","meta":{"footnotes":""},"aioseo_notices":[],"_links":{"self":[{"href":"http:\/\/www.szikorarendezoiroda.hu\/szikora\/wp-json\/wp\/v2\/pages\/1546"}],"collection":[{"href":"http:\/\/www.szikorarendezoiroda.hu\/szikora\/wp-json\/wp\/v2\/pages"}],"about":[{"href":"http:\/\/www.szikorarendezoiroda.hu\/szikora\/wp-json\/wp\/v2\/types\/page"}],"author":[{"embeddable":true,"href":"http:\/\/www.szikorarendezoiroda.hu\/szikora\/wp-json\/wp\/v2\/users\/1"}],"replies":[{"embeddable":true,"href":"http:\/\/www.szikorarendezoiroda.hu\/szikora\/wp-json\/wp\/v2\/comments?post=1546"}],"version-history":[{"count":3,"href":"http:\/\/www.szikorarendezoiroda.hu\/szikora\/wp-json\/wp\/v2\/pages\/1546\/revisions"}],"predecessor-version":[{"id":2691,"href":"http:\/\/www.szikorarendezoiroda.hu\/szikora\/wp-json\/wp\/v2\/pages\/1546\/revisions\/2691"}],"up":[{"embeddable":true,"href":"http:\/\/www.szikorarendezoiroda.hu\/szikora\/wp-json\/wp\/v2\/pages\/20"}],"wp:featuredmedia":[{"embeddable":true,"href":"http:\/\/www.szikorarendezoiroda.hu\/szikora\/wp-json\/wp\/v2\/media\/1547"}],"wp:attachment":[{"href":"http:\/\/www.szikorarendezoiroda.hu\/szikora\/wp-json\/wp\/v2\/media?parent=1546"}],"curies":[{"name":"wp","href":"https:\/\/api.w.org\/{rel}","templated":true}]}}