{"id":1543,"date":"2015-06-03T06:20:27","date_gmt":"2015-06-03T06:20:27","guid":{"rendered":"http:\/\/www.szikorarendezoiroda.hu\/szikora\/?page_id=1543"},"modified":"2018-08-03T03:38:24","modified_gmt":"2018-08-03T03:38:24","slug":"bon-bon","status":"publish","type":"page","link":"http:\/\/www.szikorarendezoiroda.hu\/szikora\/tancdal-retro-pop\/bon-bon\/","title":{"rendered":"BON BON"},"content":{"rendered":"<p>&nbsp;<\/p>\n<p><span style=\"font-family: Georgia,Palatino; font-size: 12pt;\">&#8222;Valami Amerika\u201d, \u201eHaverok, buli, szamba\u201d, teh\u00e1t \u201e\u00c9rezd magad j\u00f3l\u201d. \u00c9s t\u00e9nyleg mindent elk\u00f6vet ez\u00e9rt a k\u00e9t \u00e9nekes. \u00c9l\u0151 koncertj\u00fcket is sz\u00edvb\u0151l aj\u00e1nljuk.<\/span><\/p>\n<p><iframe loading=\"lazy\" width=\"800\" height=\"600\" src=\"https:\/\/www.youtube.com\/embed\/yWPTvokJwjM?feature=oembed\" frameborder=\"0\" allowfullscreen><\/iframe><\/p>\n","protected":false},"excerpt":{"rendered":"<p>&nbsp; &#8222;Valami Amerika\u201d, \u201eHaverok, buli, szamba\u201d, teh\u00e1t \u201e\u00c9rezd magad j\u00f3l\u201d. \u00c9s t\u00e9nyleg mindent elk\u00f6vet ez\u00e9rt a k\u00e9t \u00e9nekes. \u00c9l\u0151 koncertj\u00fcket is sz\u00edvb\u0151l aj\u00e1nljuk.<\/p>\n","protected":false},"author":1,"featured_media":1544,"parent":20,"menu_order":0,"comment_status":"open","ping_status":"open","template":"","meta":{"footnotes":""},"aioseo_notices":[],"_links":{"self":[{"href":"http:\/\/www.szikorarendezoiroda.hu\/szikora\/wp-json\/wp\/v2\/pages\/1543"}],"collection":[{"href":"http:\/\/www.szikorarendezoiroda.hu\/szikora\/wp-json\/wp\/v2\/pages"}],"about":[{"href":"http:\/\/www.szikorarendezoiroda.hu\/szikora\/wp-json\/wp\/v2\/types\/page"}],"author":[{"embeddable":true,"href":"http:\/\/www.szikorarendezoiroda.hu\/szikora\/wp-json\/wp\/v2\/users\/1"}],"replies":[{"embeddable":true,"href":"http:\/\/www.szikorarendezoiroda.hu\/szikora\/wp-json\/wp\/v2\/comments?post=1543"}],"version-history":[{"count":3,"href":"http:\/\/www.szikorarendezoiroda.hu\/szikora\/wp-json\/wp\/v2\/pages\/1543\/revisions"}],"predecessor-version":[{"id":2692,"href":"http:\/\/www.szikorarendezoiroda.hu\/szikora\/wp-json\/wp\/v2\/pages\/1543\/revisions\/2692"}],"up":[{"embeddable":true,"href":"http:\/\/www.szikorarendezoiroda.hu\/szikora\/wp-json\/wp\/v2\/pages\/20"}],"wp:featuredmedia":[{"embeddable":true,"href":"http:\/\/www.szikorarendezoiroda.hu\/szikora\/wp-json\/wp\/v2\/media\/1544"}],"wp:attachment":[{"href":"http:\/\/www.szikorarendezoiroda.hu\/szikora\/wp-json\/wp\/v2\/media?parent=1543"}],"curies":[{"name":"wp","href":"https:\/\/api.w.org\/{rel}","templated":true}]}}