{"id":1534,"date":"2015-06-03T06:15:50","date_gmt":"2015-06-03T06:15:50","guid":{"rendered":"http:\/\/www.szikorarendezoiroda.hu\/szikora\/?page_id=1534"},"modified":"2018-08-02T15:50:42","modified_gmt":"2018-08-02T15:50:42","slug":"auth-csilla","status":"publish","type":"page","link":"http:\/\/www.szikorarendezoiroda.hu\/szikora\/tancdal-retro-pop\/auth-csilla\/","title":{"rendered":"AUTH CSILLA"},"content":{"rendered":"<p>&nbsp;<\/p>\n<p><span style=\"font-family: Georgia,Palatino; font-size: 12pt;\">2000-ben Emerton-d\u00edjas \u201e\u00e9v \u00e9nekese\u201d lett, akinek Szolnoki P\u00e9terrel k\u00f6z\u00f6sen \u00e9nekelt dala, az \u201e\u00dagy f\u00e9ltelek\u201d sok\u00e1ig vezette a hazai toplist\u00e1t, de \u201eEl kell hogy engedj\u201d c.dala is sz\u00edvesen hallgatott sl\u00e1ger.<\/span><\/p>\n<p><iframe loading=\"lazy\" width=\"800\" height=\"600\" src=\"https:\/\/www.youtube.com\/embed\/HZx9xhNspDU?feature=oembed\" frameborder=\"0\" allowfullscreen><\/iframe><\/p>\n","protected":false},"excerpt":{"rendered":"<p>&nbsp; 2000-ben Emerton-d\u00edjas \u201e\u00e9v \u00e9nekese\u201d lett, akinek Szolnoki P\u00e9terrel k\u00f6z\u00f6sen \u00e9nekelt dala, az \u201e\u00dagy f\u00e9ltelek\u201d sok\u00e1ig vezette a hazai toplist\u00e1t, de \u201eEl kell hogy engedj\u201d c.dala is sz\u00edvesen hallgatott sl\u00e1ger.<\/p>\n","protected":false},"author":1,"featured_media":1535,"parent":20,"menu_order":0,"comment_status":"open","ping_status":"open","template":"","meta":{"footnotes":""},"aioseo_notices":[],"_links":{"self":[{"href":"http:\/\/www.szikorarendezoiroda.hu\/szikora\/wp-json\/wp\/v2\/pages\/1534"}],"collection":[{"href":"http:\/\/www.szikorarendezoiroda.hu\/szikora\/wp-json\/wp\/v2\/pages"}],"about":[{"href":"http:\/\/www.szikorarendezoiroda.hu\/szikora\/wp-json\/wp\/v2\/types\/page"}],"author":[{"embeddable":true,"href":"http:\/\/www.szikorarendezoiroda.hu\/szikora\/wp-json\/wp\/v2\/users\/1"}],"replies":[{"embeddable":true,"href":"http:\/\/www.szikorarendezoiroda.hu\/szikora\/wp-json\/wp\/v2\/comments?post=1534"}],"version-history":[{"count":3,"href":"http:\/\/www.szikorarendezoiroda.hu\/szikora\/wp-json\/wp\/v2\/pages\/1534\/revisions"}],"predecessor-version":[{"id":2687,"href":"http:\/\/www.szikorarendezoiroda.hu\/szikora\/wp-json\/wp\/v2\/pages\/1534\/revisions\/2687"}],"up":[{"embeddable":true,"href":"http:\/\/www.szikorarendezoiroda.hu\/szikora\/wp-json\/wp\/v2\/pages\/20"}],"wp:featuredmedia":[{"embeddable":true,"href":"http:\/\/www.szikorarendezoiroda.hu\/szikora\/wp-json\/wp\/v2\/media\/1535"}],"wp:attachment":[{"href":"http:\/\/www.szikorarendezoiroda.hu\/szikora\/wp-json\/wp\/v2\/media?parent=1534"}],"curies":[{"name":"wp","href":"https:\/\/api.w.org\/{rel}","templated":true}]}}