{"id":1483,"date":"2015-06-02T09:49:47","date_gmt":"2015-06-02T09:49:47","guid":{"rendered":"http:\/\/www.szikorarendezoiroda.hu\/szikora\/?page_id=1483"},"modified":"2015-06-02T09:50:08","modified_gmt":"2015-06-02T09:50:08","slug":"mandula-a-mano","status":"publish","type":"page","link":"http:\/\/www.szikorarendezoiroda.hu\/szikora\/gyerekszinhazi-eloadasok\/mandula-a-mano\/","title":{"rendered":"Mandula a Man\u00f3"},"content":{"rendered":"<p><a href=\"http:\/\/www.szikorarendezoiroda.hu\/szikora\/wp-content\/uploads\/2015\/06\/man\u00f3-maci.jpg\"><img loading=\"lazy\" decoding=\"async\" class=\"alignnone  wp-image-1484\" src=\"http:\/\/www.szikorarendezoiroda.hu\/szikora\/wp-content\/uploads\/2015\/06\/man\u00f3-maci-1024x667.jpg\" alt=\"man\u00f3-maci\" width=\"617\" height=\"402\" srcset=\"http:\/\/www.szikorarendezoiroda.hu\/szikora\/wp-content\/uploads\/2015\/06\/man\u00f3-maci-1024x667.jpg 1024w, http:\/\/www.szikorarendezoiroda.hu\/szikora\/wp-content\/uploads\/2015\/06\/man\u00f3-maci-300x195.jpg 300w, http:\/\/www.szikorarendezoiroda.hu\/szikora\/wp-content\/uploads\/2015\/06\/man\u00f3-maci.jpg 1195w\" sizes=\"(max-width: 617px) 100vw, 617px\" \/><\/a><\/p>\n<p><span style=\"font-family: Georgia,Palatino; font-size: 12pt;\">A k\u00f6rnyezettudatos, okos, z\u00f6ld mes\u00e9k f\u0151szerepl\u0151je Mandula a Man\u00f3 aki humoros , sz\u00f3rakoztat\u00f3 tanmes\u00e9kkel \u00e9s n\u00e9pzenei \u00e9s gyermekdalokra \u00e1t\u00edrt versekkel teszi nagyon vid\u00e1mm\u00e1 \u00e9s interaktivv\u00e1 az el\u0151ad\u00e1st.<\/span><\/p>\n","protected":false},"excerpt":{"rendered":"<p>A k\u00f6rnyezettudatos, okos, z\u00f6ld mes\u00e9k f\u0151szerepl\u0151je Mandula a Man\u00f3 aki humoros , sz\u00f3rakoztat\u00f3 tanmes\u00e9kkel \u00e9s n\u00e9pzenei \u00e9s gyermekdalokra \u00e1t\u00edrt versekkel teszi nagyon vid\u00e1mm\u00e1 \u00e9s interaktivv\u00e1 az el\u0151ad\u00e1st.<\/p>\n","protected":false},"author":1,"featured_media":0,"parent":1204,"menu_order":0,"comment_status":"open","ping_status":"open","template":"","meta":{"footnotes":""},"aioseo_notices":[],"_links":{"self":[{"href":"http:\/\/www.szikorarendezoiroda.hu\/szikora\/wp-json\/wp\/v2\/pages\/1483"}],"collection":[{"href":"http:\/\/www.szikorarendezoiroda.hu\/szikora\/wp-json\/wp\/v2\/pages"}],"about":[{"href":"http:\/\/www.szikorarendezoiroda.hu\/szikora\/wp-json\/wp\/v2\/types\/page"}],"author":[{"embeddable":true,"href":"http:\/\/www.szikorarendezoiroda.hu\/szikora\/wp-json\/wp\/v2\/users\/1"}],"replies":[{"embeddable":true,"href":"http:\/\/www.szikorarendezoiroda.hu\/szikora\/wp-json\/wp\/v2\/comments?post=1483"}],"version-history":[{"count":1,"href":"http:\/\/www.szikorarendezoiroda.hu\/szikora\/wp-json\/wp\/v2\/pages\/1483\/revisions"}],"predecessor-version":[{"id":1485,"href":"http:\/\/www.szikorarendezoiroda.hu\/szikora\/wp-json\/wp\/v2\/pages\/1483\/revisions\/1485"}],"up":[{"embeddable":true,"href":"http:\/\/www.szikorarendezoiroda.hu\/szikora\/wp-json\/wp\/v2\/pages\/1204"}],"wp:attachment":[{"href":"http:\/\/www.szikorarendezoiroda.hu\/szikora\/wp-json\/wp\/v2\/media?parent=1483"}],"curies":[{"name":"wp","href":"https:\/\/api.w.org\/{rel}","templated":true}]}}