{"id":1452,"date":"2015-06-02T09:30:16","date_gmt":"2015-06-02T09:30:16","guid":{"rendered":"http:\/\/www.szikorarendezoiroda.hu\/szikora\/?page_id=1452"},"modified":"2018-08-05T07:42:57","modified_gmt":"2018-08-05T07:42:57","slug":"uvegfuvo-bemutato","status":"publish","type":"page","link":"http:\/\/www.szikorarendezoiroda.hu\/szikora\/kulonlegessegek-es-rendezveny-kiegeszitok\/uvegfuvo-bemutato\/","title":{"rendered":"\u00dcVEGF\u00daV\u00d3 BEMUTAT\u00d3"},"content":{"rendered":"<p><span style=\"font-family: Georgia,Palatino; font-size: 12pt;\">\u00a0&#8211; a maga \u00e1ltal k\u00e9sz\u00edtett figur\u00e1kat ki-ki hazaviheti.<\/span><\/p>\n<p>&nbsp;<\/p>\n","protected":false},"excerpt":{"rendered":"<p>\u00a0&#8211; a maga \u00e1ltal k\u00e9sz\u00edtett figur\u00e1kat ki-ki hazaviheti. &nbsp;<\/p>\n","protected":false},"author":1,"featured_media":1453,"parent":42,"menu_order":0,"comment_status":"open","ping_status":"open","template":"","meta":{"footnotes":""},"aioseo_notices":[],"_links":{"self":[{"href":"http:\/\/www.szikorarendezoiroda.hu\/szikora\/wp-json\/wp\/v2\/pages\/1452"}],"collection":[{"href":"http:\/\/www.szikorarendezoiroda.hu\/szikora\/wp-json\/wp\/v2\/pages"}],"about":[{"href":"http:\/\/www.szikorarendezoiroda.hu\/szikora\/wp-json\/wp\/v2\/types\/page"}],"author":[{"embeddable":true,"href":"http:\/\/www.szikorarendezoiroda.hu\/szikora\/wp-json\/wp\/v2\/users\/1"}],"replies":[{"embeddable":true,"href":"http:\/\/www.szikorarendezoiroda.hu\/szikora\/wp-json\/wp\/v2\/comments?post=1452"}],"version-history":[{"count":2,"href":"http:\/\/www.szikorarendezoiroda.hu\/szikora\/wp-json\/wp\/v2\/pages\/1452\/revisions"}],"predecessor-version":[{"id":3169,"href":"http:\/\/www.szikorarendezoiroda.hu\/szikora\/wp-json\/wp\/v2\/pages\/1452\/revisions\/3169"}],"up":[{"embeddable":true,"href":"http:\/\/www.szikorarendezoiroda.hu\/szikora\/wp-json\/wp\/v2\/pages\/42"}],"wp:featuredmedia":[{"embeddable":true,"href":"http:\/\/www.szikorarendezoiroda.hu\/szikora\/wp-json\/wp\/v2\/media\/1453"}],"wp:attachment":[{"href":"http:\/\/www.szikorarendezoiroda.hu\/szikora\/wp-json\/wp\/v2\/media?parent=1452"}],"curies":[{"name":"wp","href":"https:\/\/api.w.org\/{rel}","templated":true}]}}