{"id":1408,"date":"2015-06-02T09:13:34","date_gmt":"2015-06-02T09:13:34","guid":{"rendered":"http:\/\/www.szikorarendezoiroda.hu\/szikora\/?page_id=1408"},"modified":"2018-08-05T07:40:45","modified_gmt":"2018-08-05T07:40:45","slug":"holcz-gabor","status":"publish","type":"page","link":"http:\/\/www.szikorarendezoiroda.hu\/szikora\/kulonlegessegek-es-rendezveny-kiegeszitok\/holcz-gabor\/","title":{"rendered":"HOLCZ G\u00c1BOR"},"content":{"rendered":"<p>&nbsp;<\/p>\n<p>Sz\u00f3rakoztat\u00f3, megh\u00f6kkent\u0151, humoros, b\u0171v\u00e9sz-mentalista.<\/p>\n<p><iframe loading=\"lazy\" width=\"800\" height=\"600\" src=\"https:\/\/www.youtube.com\/embed\/_C2RrYyh_mg?feature=oembed\" frameborder=\"0\" allowfullscreen><\/iframe><\/p>\n","protected":false},"excerpt":{"rendered":"<p>&nbsp; Sz\u00f3rakoztat\u00f3, megh\u00f6kkent\u0151, humoros, b\u0171v\u00e9sz-mentalista.<\/p>\n","protected":false},"author":1,"featured_media":1409,"parent":42,"menu_order":0,"comment_status":"open","ping_status":"open","template":"","meta":{"footnotes":""},"aioseo_notices":[],"_links":{"self":[{"href":"http:\/\/www.szikorarendezoiroda.hu\/szikora\/wp-json\/wp\/v2\/pages\/1408"}],"collection":[{"href":"http:\/\/www.szikorarendezoiroda.hu\/szikora\/wp-json\/wp\/v2\/pages"}],"about":[{"href":"http:\/\/www.szikorarendezoiroda.hu\/szikora\/wp-json\/wp\/v2\/types\/page"}],"author":[{"embeddable":true,"href":"http:\/\/www.szikorarendezoiroda.hu\/szikora\/wp-json\/wp\/v2\/users\/1"}],"replies":[{"embeddable":true,"href":"http:\/\/www.szikorarendezoiroda.hu\/szikora\/wp-json\/wp\/v2\/comments?post=1408"}],"version-history":[{"count":3,"href":"http:\/\/www.szikorarendezoiroda.hu\/szikora\/wp-json\/wp\/v2\/pages\/1408\/revisions"}],"predecessor-version":[{"id":3163,"href":"http:\/\/www.szikorarendezoiroda.hu\/szikora\/wp-json\/wp\/v2\/pages\/1408\/revisions\/3163"}],"up":[{"embeddable":true,"href":"http:\/\/www.szikorarendezoiroda.hu\/szikora\/wp-json\/wp\/v2\/pages\/42"}],"wp:featuredmedia":[{"embeddable":true,"href":"http:\/\/www.szikorarendezoiroda.hu\/szikora\/wp-json\/wp\/v2\/media\/1409"}],"wp:attachment":[{"href":"http:\/\/www.szikorarendezoiroda.hu\/szikora\/wp-json\/wp\/v2\/media?parent=1408"}],"curies":[{"name":"wp","href":"https:\/\/api.w.org\/{rel}","templated":true}]}}