{"id":1405,"date":"2015-06-02T09:12:50","date_gmt":"2015-06-02T09:12:50","guid":{"rendered":"http:\/\/www.szikorarendezoiroda.hu\/szikora\/?page_id=1405"},"modified":"2018-08-05T07:40:37","modified_gmt":"2018-08-05T07:40:37","slug":"nagy-molnar-david","status":"publish","type":"page","link":"http:\/\/www.szikorarendezoiroda.hu\/szikora\/kulonlegessegek-es-rendezveny-kiegeszitok\/nagy-molnar-david\/","title":{"rendered":"NAGY MOLN\u00c1R D\u00c1VID"},"content":{"rendered":"<p><a href=\"http:\/\/www.szikorarendezoiroda.hu\/szikora\/wp-content\/uploads\/2015\/06\/index1.jpg\"><img loading=\"lazy\" decoding=\"async\" class=\"alignnone size-full wp-image-1406\" src=\"http:\/\/www.szikorarendezoiroda.hu\/szikora\/wp-content\/uploads\/2015\/06\/index1.jpg\" alt=\"index\" width=\"215\" height=\"235\" \/><\/a><\/p>\n<p>B\u0171v\u00e9sz, aki vil\u00e1gsz\u00ednvonalon ejti \u00e1mulatba a k\u00f6z\u00f6ns\u00e9get<\/p>\n<p><iframe loading=\"lazy\" width=\"800\" height=\"450\" src=\"https:\/\/www.youtube.com\/embed\/yzi0nP3HHVU?feature=oembed\" frameborder=\"0\" allowfullscreen><\/iframe><\/p>\n","protected":false},"excerpt":{"rendered":"<p>B\u0171v\u00e9sz, aki vil\u00e1gsz\u00ednvonalon ejti \u00e1mulatba a k\u00f6z\u00f6ns\u00e9get<\/p>\n","protected":false},"author":1,"featured_media":171,"parent":42,"menu_order":0,"comment_status":"open","ping_status":"open","template":"","meta":{"footnotes":""},"aioseo_notices":[],"_links":{"self":[{"href":"http:\/\/www.szikorarendezoiroda.hu\/szikora\/wp-json\/wp\/v2\/pages\/1405"}],"collection":[{"href":"http:\/\/www.szikorarendezoiroda.hu\/szikora\/wp-json\/wp\/v2\/pages"}],"about":[{"href":"http:\/\/www.szikorarendezoiroda.hu\/szikora\/wp-json\/wp\/v2\/types\/page"}],"author":[{"embeddable":true,"href":"http:\/\/www.szikorarendezoiroda.hu\/szikora\/wp-json\/wp\/v2\/users\/1"}],"replies":[{"embeddable":true,"href":"http:\/\/www.szikorarendezoiroda.hu\/szikora\/wp-json\/wp\/v2\/comments?post=1405"}],"version-history":[{"count":2,"href":"http:\/\/www.szikorarendezoiroda.hu\/szikora\/wp-json\/wp\/v2\/pages\/1405\/revisions"}],"predecessor-version":[{"id":2055,"href":"http:\/\/www.szikorarendezoiroda.hu\/szikora\/wp-json\/wp\/v2\/pages\/1405\/revisions\/2055"}],"up":[{"embeddable":true,"href":"http:\/\/www.szikorarendezoiroda.hu\/szikora\/wp-json\/wp\/v2\/pages\/42"}],"wp:featuredmedia":[{"embeddable":true,"href":"http:\/\/www.szikorarendezoiroda.hu\/szikora\/wp-json\/wp\/v2\/media\/171"}],"wp:attachment":[{"href":"http:\/\/www.szikorarendezoiroda.hu\/szikora\/wp-json\/wp\/v2\/media?parent=1405"}],"curies":[{"name":"wp","href":"https:\/\/api.w.org\/{rel}","templated":true}]}}