{"id":1401,"date":"2015-06-02T09:11:34","date_gmt":"2015-06-02T09:11:34","guid":{"rendered":"http:\/\/www.szikorarendezoiroda.hu\/szikora\/?page_id=1401"},"modified":"2018-08-05T07:40:22","modified_gmt":"2018-08-05T07:40:22","slug":"ungar-aniko","status":"publish","type":"page","link":"http:\/\/www.szikorarendezoiroda.hu\/szikora\/kulonlegessegek-es-rendezveny-kiegeszitok\/ungar-aniko\/","title":{"rendered":"UNG\u00c1R ANIK\u00d3"},"content":{"rendered":"<p>&nbsp;<\/p>\n<p><span style=\"font-family: Georgia,Palatino; font-size: 12pt;\">Amellett, hogy kiv\u00e1l\u00f3 b\u0171v\u00e9sz, tan\u00e1rnak is &#8222;var\u00e1zslatos&#8221;. B\u0171v\u00e9sziskol\u00e1j\u00e1ban ugyanolyan ig\u00e9nyesen tan\u00edt, mint amilyen maxaimalista a sz\u00ednpadon.<\/span><\/p>\n<p><iframe loading=\"lazy\" width=\"800\" height=\"450\" src=\"https:\/\/www.youtube.com\/embed\/78xQ7w7UyAA?feature=oembed\" frameborder=\"0\" allowfullscreen><\/iframe><\/p>\n","protected":false},"excerpt":{"rendered":"<p>&nbsp; Amellett, hogy kiv\u00e1l\u00f3 b\u0171v\u00e9sz, tan\u00e1rnak is &#8222;var\u00e1zslatos&#8221;. B\u0171v\u00e9sziskol\u00e1j\u00e1ban ugyanolyan ig\u00e9nyesen tan\u00edt, mint amilyen maxaimalista a sz\u00ednpadon.<\/p>\n","protected":false},"author":1,"featured_media":1403,"parent":42,"menu_order":0,"comment_status":"open","ping_status":"open","template":"","meta":{"footnotes":""},"aioseo_notices":[],"_links":{"self":[{"href":"http:\/\/www.szikorarendezoiroda.hu\/szikora\/wp-json\/wp\/v2\/pages\/1401"}],"collection":[{"href":"http:\/\/www.szikorarendezoiroda.hu\/szikora\/wp-json\/wp\/v2\/pages"}],"about":[{"href":"http:\/\/www.szikorarendezoiroda.hu\/szikora\/wp-json\/wp\/v2\/types\/page"}],"author":[{"embeddable":true,"href":"http:\/\/www.szikorarendezoiroda.hu\/szikora\/wp-json\/wp\/v2\/users\/1"}],"replies":[{"embeddable":true,"href":"http:\/\/www.szikorarendezoiroda.hu\/szikora\/wp-json\/wp\/v2\/comments?post=1401"}],"version-history":[{"count":3,"href":"http:\/\/www.szikorarendezoiroda.hu\/szikora\/wp-json\/wp\/v2\/pages\/1401\/revisions"}],"predecessor-version":[{"id":3162,"href":"http:\/\/www.szikorarendezoiroda.hu\/szikora\/wp-json\/wp\/v2\/pages\/1401\/revisions\/3162"}],"up":[{"embeddable":true,"href":"http:\/\/www.szikorarendezoiroda.hu\/szikora\/wp-json\/wp\/v2\/pages\/42"}],"wp:featuredmedia":[{"embeddable":true,"href":"http:\/\/www.szikorarendezoiroda.hu\/szikora\/wp-json\/wp\/v2\/media\/1403"}],"wp:attachment":[{"href":"http:\/\/www.szikorarendezoiroda.hu\/szikora\/wp-json\/wp\/v2\/media?parent=1401"}],"curies":[{"name":"wp","href":"https:\/\/api.w.org\/{rel}","templated":true}]}}