{"id":1398,"date":"2015-06-02T09:06:19","date_gmt":"2015-06-02T09:06:19","guid":{"rendered":"http:\/\/www.szikorarendezoiroda.hu\/szikora\/?page_id=1398"},"modified":"2015-06-02T09:07:40","modified_gmt":"2015-06-02T09:07:40","slug":"hunkun-dance-2","status":"publish","type":"page","link":"http:\/\/www.szikorarendezoiroda.hu\/szikora\/tancosok\/hunkun-dance-2\/","title":{"rendered":"HUNKUN DANCE"},"content":{"rendered":"<p><a href=\"http:\/\/www.szikorarendezoiroda.hu\/szikora\/wp-content\/uploads\/2015\/06\/DSC0288-1.jpg\"><img loading=\"lazy\" decoding=\"async\" class=\"alignnone size-full wp-image-1351\" src=\"http:\/\/www.szikorarendezoiroda.hu\/szikora\/wp-content\/uploads\/2015\/06\/DSC0288-1.jpg\" alt=\"_DSC0288-1\" width=\"500\" height=\"332\" srcset=\"http:\/\/www.szikorarendezoiroda.hu\/szikora\/wp-content\/uploads\/2015\/06\/DSC0288-1.jpg 500w, http:\/\/www.szikorarendezoiroda.hu\/szikora\/wp-content\/uploads\/2015\/06\/DSC0288-1-300x199.jpg 300w, http:\/\/www.szikorarendezoiroda.hu\/szikora\/wp-content\/uploads\/2015\/06\/DSC0288-1-400x267.jpg 400w\" sizes=\"(max-width: 500px) 100vw, 500px\" \/><\/a><\/p>\n<p><span style=\"font-family: Georgia,Palatino; font-size: 12pt;\">A csapat c\u00e9lkit\u0171z\u00e9se a K\u00e1rp\u00e1t-medence t\u00e1ncainak megismertet\u00e9se a vil\u00e1ggal a mai kor k\u00edv\u00e1nalmai szerint, m\u00e9gis h\u0171en az eredethez. 2008-ban Show T\u00e1nc Vil\u00e1gbajnoks\u00e1got nyertek New Yorkban. \u201eHa a t\u00e1ncainkat n\u00e9zed, a sz\u00edv\u00fcnk szavait hallod\u201e-vallj\u00e1k.<\/span><\/p>\n","protected":false},"excerpt":{"rendered":"<p>A csapat c\u00e9lkit\u0171z\u00e9se a K\u00e1rp\u00e1t-medence t\u00e1ncainak megismertet\u00e9se a vil\u00e1ggal a mai kor k\u00edv\u00e1nalmai szerint, m\u00e9gis h\u0171en az eredethez. 2008-ban Show T\u00e1nc Vil\u00e1gbajnoks\u00e1got nyertek New Yorkban. \u201eHa a t\u00e1ncainkat n\u00e9zed, a <a class=\"more-link\" href=\"http:\/\/www.szikorarendezoiroda.hu\/szikora\/tancosok\/hunkun-dance-2\/\">A folytat&aacute;s olvas&aacute;sa &rarr;<\/a><\/p>\n","protected":false},"author":1,"featured_media":1400,"parent":40,"menu_order":0,"comment_status":"open","ping_status":"open","template":"","meta":{"footnotes":""},"aioseo_notices":[],"_links":{"self":[{"href":"http:\/\/www.szikorarendezoiroda.hu\/szikora\/wp-json\/wp\/v2\/pages\/1398"}],"collection":[{"href":"http:\/\/www.szikorarendezoiroda.hu\/szikora\/wp-json\/wp\/v2\/pages"}],"about":[{"href":"http:\/\/www.szikorarendezoiroda.hu\/szikora\/wp-json\/wp\/v2\/types\/page"}],"author":[{"embeddable":true,"href":"http:\/\/www.szikorarendezoiroda.hu\/szikora\/wp-json\/wp\/v2\/users\/1"}],"replies":[{"embeddable":true,"href":"http:\/\/www.szikorarendezoiroda.hu\/szikora\/wp-json\/wp\/v2\/comments?post=1398"}],"version-history":[{"count":1,"href":"http:\/\/www.szikorarendezoiroda.hu\/szikora\/wp-json\/wp\/v2\/pages\/1398\/revisions"}],"predecessor-version":[{"id":1399,"href":"http:\/\/www.szikorarendezoiroda.hu\/szikora\/wp-json\/wp\/v2\/pages\/1398\/revisions\/1399"}],"up":[{"embeddable":true,"href":"http:\/\/www.szikorarendezoiroda.hu\/szikora\/wp-json\/wp\/v2\/pages\/40"}],"wp:featuredmedia":[{"embeddable":true,"href":"http:\/\/www.szikorarendezoiroda.hu\/szikora\/wp-json\/wp\/v2\/media\/1400"}],"wp:attachment":[{"href":"http:\/\/www.szikorarendezoiroda.hu\/szikora\/wp-json\/wp\/v2\/media?parent=1398"}],"curies":[{"name":"wp","href":"https:\/\/api.w.org\/{rel}","templated":true}]}}