{"id":1375,"date":"2015-06-02T08:52:15","date_gmt":"2015-06-02T08:52:15","guid":{"rendered":"http:\/\/www.szikorarendezoiroda.hu\/szikora\/?page_id=1375"},"modified":"2018-08-04T04:20:09","modified_gmt":"2018-08-04T04:20:09","slug":"rutkai-bori-es-a-specko-jedno","status":"publish","type":"page","link":"http:\/\/www.szikorarendezoiroda.hu\/szikora\/zenekarok\/rutkai-bori-es-a-specko-jedno\/","title":{"rendered":"RUTKAI BORI \u00c9S A SPECKO JEDNO"},"content":{"rendered":"<p>&nbsp;<\/p>\n<p><span style=\"font-family: Georgia,Palatino; font-size: 12pt;\">A jelenlegi form\u00e1ci\u00f3 2010 \u00f3ta m\u0171k\u00f6dik. A m\u0171sorban elhangz\u00f3 zen\u00e9kben felismerhet\u0151 a klezmer, a pop, az etno, a jazz, s\u0151t a kem\u00e9ny rock is. Tal\u00e1n pont ett\u0151l a soksz\u00edn\u0171s\u00e9gt\u0151l \u00e9lvezhet\u0151ek annyira a koncertjeik.<\/span><\/p>\n<p><iframe loading=\"lazy\" width=\"800\" height=\"450\" src=\"https:\/\/www.youtube.com\/embed\/twrrFJZBO50?feature=oembed\" frameborder=\"0\" allowfullscreen><\/iframe><\/p>\n","protected":false},"excerpt":{"rendered":"<p>&nbsp; A jelenlegi form\u00e1ci\u00f3 2010 \u00f3ta m\u0171k\u00f6dik. A m\u0171sorban elhangz\u00f3 zen\u00e9kben felismerhet\u0151 a klezmer, a pop, az etno, a jazz, s\u0151t a kem\u00e9ny rock is. Tal\u00e1n pont ett\u0151l a soksz\u00edn\u0171s\u00e9gt\u0151l <a class=\"more-link\" href=\"http:\/\/www.szikorarendezoiroda.hu\/szikora\/zenekarok\/rutkai-bori-es-a-specko-jedno\/\">A folytat&aacute;s olvas&aacute;sa &rarr;<\/a><\/p>\n","protected":false},"author":1,"featured_media":1376,"parent":22,"menu_order":0,"comment_status":"open","ping_status":"open","template":"","meta":{"footnotes":""},"aioseo_notices":[],"_links":{"self":[{"href":"http:\/\/www.szikorarendezoiroda.hu\/szikora\/wp-json\/wp\/v2\/pages\/1375"}],"collection":[{"href":"http:\/\/www.szikorarendezoiroda.hu\/szikora\/wp-json\/wp\/v2\/pages"}],"about":[{"href":"http:\/\/www.szikorarendezoiroda.hu\/szikora\/wp-json\/wp\/v2\/types\/page"}],"author":[{"embeddable":true,"href":"http:\/\/www.szikorarendezoiroda.hu\/szikora\/wp-json\/wp\/v2\/users\/1"}],"replies":[{"embeddable":true,"href":"http:\/\/www.szikorarendezoiroda.hu\/szikora\/wp-json\/wp\/v2\/comments?post=1375"}],"version-history":[{"count":3,"href":"http:\/\/www.szikorarendezoiroda.hu\/szikora\/wp-json\/wp\/v2\/pages\/1375\/revisions"}],"predecessor-version":[{"id":2933,"href":"http:\/\/www.szikorarendezoiroda.hu\/szikora\/wp-json\/wp\/v2\/pages\/1375\/revisions\/2933"}],"up":[{"embeddable":true,"href":"http:\/\/www.szikorarendezoiroda.hu\/szikora\/wp-json\/wp\/v2\/pages\/22"}],"wp:featuredmedia":[{"embeddable":true,"href":"http:\/\/www.szikorarendezoiroda.hu\/szikora\/wp-json\/wp\/v2\/media\/1376"}],"wp:attachment":[{"href":"http:\/\/www.szikorarendezoiroda.hu\/szikora\/wp-json\/wp\/v2\/media?parent=1375"}],"curies":[{"name":"wp","href":"https:\/\/api.w.org\/{rel}","templated":true}]}}