{"id":1350,"date":"2015-06-02T08:37:38","date_gmt":"2015-06-02T08:37:38","guid":{"rendered":"http:\/\/www.szikorarendezoiroda.hu\/szikora\/?page_id=1350"},"modified":"2018-08-05T07:35:40","modified_gmt":"2018-08-05T07:35:40","slug":"hunkun-dance","status":"publish","type":"page","link":"http:\/\/www.szikorarendezoiroda.hu\/szikora\/tancosok\/hunkun-dance\/","title":{"rendered":"HUNKUN DANCE"},"content":{"rendered":"<p>&nbsp;<\/p>\n<p><span style=\"font-family: Georgia,Palatino; font-size: 12pt;\">A modern hagyom\u00e1ny\u0151rz\u00e9s csapata, akik szeretik a t\u00e1ncot, ez a hivat\u00e1suk. \u0150k a &#8222;Modern kor s\u00e1m\u00e1njai, a K\u00e1rp\u00e1tok t\u00e1ncos t\u00e1ltosai.&#8221;<\/span><\/p>\n<p><iframe loading=\"lazy\" width=\"800\" height=\"600\" src=\"https:\/\/www.youtube.com\/embed\/gXxgovC-198?feature=oembed\" frameborder=\"0\" allow=\"autoplay; encrypted-media\" allowfullscreen><\/iframe><\/p>\n<p>&nbsp;<\/p>\n","protected":false},"excerpt":{"rendered":"<p>&nbsp; A modern hagyom\u00e1ny\u0151rz\u00e9s csapata, akik szeretik a t\u00e1ncot, ez a hivat\u00e1suk. \u0150k a &#8222;Modern kor s\u00e1m\u00e1njai, a K\u00e1rp\u00e1tok t\u00e1ncos t\u00e1ltosai.&#8221; &nbsp;<\/p>\n","protected":false},"author":1,"featured_media":1351,"parent":40,"menu_order":0,"comment_status":"open","ping_status":"open","template":"","meta":{"footnotes":""},"aioseo_notices":[],"_links":{"self":[{"href":"http:\/\/www.szikorarendezoiroda.hu\/szikora\/wp-json\/wp\/v2\/pages\/1350"}],"collection":[{"href":"http:\/\/www.szikorarendezoiroda.hu\/szikora\/wp-json\/wp\/v2\/pages"}],"about":[{"href":"http:\/\/www.szikorarendezoiroda.hu\/szikora\/wp-json\/wp\/v2\/types\/page"}],"author":[{"embeddable":true,"href":"http:\/\/www.szikorarendezoiroda.hu\/szikora\/wp-json\/wp\/v2\/users\/1"}],"replies":[{"embeddable":true,"href":"http:\/\/www.szikorarendezoiroda.hu\/szikora\/wp-json\/wp\/v2\/comments?post=1350"}],"version-history":[{"count":3,"href":"http:\/\/www.szikorarendezoiroda.hu\/szikora\/wp-json\/wp\/v2\/pages\/1350\/revisions"}],"predecessor-version":[{"id":3156,"href":"http:\/\/www.szikorarendezoiroda.hu\/szikora\/wp-json\/wp\/v2\/pages\/1350\/revisions\/3156"}],"up":[{"embeddable":true,"href":"http:\/\/www.szikorarendezoiroda.hu\/szikora\/wp-json\/wp\/v2\/pages\/40"}],"wp:featuredmedia":[{"embeddable":true,"href":"http:\/\/www.szikorarendezoiroda.hu\/szikora\/wp-json\/wp\/v2\/media\/1351"}],"wp:attachment":[{"href":"http:\/\/www.szikorarendezoiroda.hu\/szikora\/wp-json\/wp\/v2\/media?parent=1350"}],"curies":[{"name":"wp","href":"https:\/\/api.w.org\/{rel}","templated":true}]}}