{"id":1340,"date":"2015-06-02T08:34:18","date_gmt":"2015-06-02T08:34:18","guid":{"rendered":"http:\/\/www.szikorarendezoiroda.hu\/szikora\/?page_id=1340"},"modified":"2018-08-05T07:32:19","modified_gmt":"2018-08-05T07:32:19","slug":"brazil-szamba-tancosok","status":"publish","type":"page","link":"http:\/\/www.szikorarendezoiroda.hu\/szikora\/tancosok\/brazil-szamba-tancosok\/","title":{"rendered":"BRAZIL SZAMBA T\u00c1NCOSOK"},"content":{"rendered":"<p>&nbsp;<\/p>\n<p><span style=\"font-family: Georgia,Palatino; font-size: 12pt;\">CD alappal sz\u00ednpadi produkci\u00f3k\u00e9nt vagy 10-12 f\u0151s dobcsapattal felvonulva, mint a karnev\u00e1lokon.<\/span><\/p>\n","protected":false},"excerpt":{"rendered":"<p>&nbsp; CD alappal sz\u00ednpadi produkci\u00f3k\u00e9nt vagy 10-12 f\u0151s dobcsapattal felvonulva, mint a karnev\u00e1lokon.<\/p>\n","protected":false},"author":1,"featured_media":1342,"parent":40,"menu_order":0,"comment_status":"open","ping_status":"open","template":"","meta":{"footnotes":""},"aioseo_notices":[],"_links":{"self":[{"href":"http:\/\/www.szikorarendezoiroda.hu\/szikora\/wp-json\/wp\/v2\/pages\/1340"}],"collection":[{"href":"http:\/\/www.szikorarendezoiroda.hu\/szikora\/wp-json\/wp\/v2\/pages"}],"about":[{"href":"http:\/\/www.szikorarendezoiroda.hu\/szikora\/wp-json\/wp\/v2\/types\/page"}],"author":[{"embeddable":true,"href":"http:\/\/www.szikorarendezoiroda.hu\/szikora\/wp-json\/wp\/v2\/users\/1"}],"replies":[{"embeddable":true,"href":"http:\/\/www.szikorarendezoiroda.hu\/szikora\/wp-json\/wp\/v2\/comments?post=1340"}],"version-history":[{"count":2,"href":"http:\/\/www.szikorarendezoiroda.hu\/szikora\/wp-json\/wp\/v2\/pages\/1340\/revisions"}],"predecessor-version":[{"id":3147,"href":"http:\/\/www.szikorarendezoiroda.hu\/szikora\/wp-json\/wp\/v2\/pages\/1340\/revisions\/3147"}],"up":[{"embeddable":true,"href":"http:\/\/www.szikorarendezoiroda.hu\/szikora\/wp-json\/wp\/v2\/pages\/40"}],"wp:featuredmedia":[{"embeddable":true,"href":"http:\/\/www.szikorarendezoiroda.hu\/szikora\/wp-json\/wp\/v2\/media\/1342"}],"wp:attachment":[{"href":"http:\/\/www.szikorarendezoiroda.hu\/szikora\/wp-json\/wp\/v2\/media?parent=1340"}],"curies":[{"name":"wp","href":"https:\/\/api.w.org\/{rel}","templated":true}]}}