{"id":1325,"date":"2015-06-02T08:25:11","date_gmt":"2015-06-02T08:25:11","guid":{"rendered":"http:\/\/www.szikorarendezoiroda.hu\/szikora\/?page_id=1325"},"modified":"2018-08-05T07:28:14","modified_gmt":"2018-08-05T07:28:14","slug":"strokes","status":"publish","type":"page","link":"http:\/\/www.szikorarendezoiroda.hu\/szikora\/hangszerek-muveszei\/strokes\/","title":{"rendered":"STROKES"},"content":{"rendered":"<p>&nbsp;<\/p>\n<p>\u00dct\u0151s\u00f6k kuk\u00e1n, hord\u00f3n, v\u00f6dr\u00f6k\u00f6n botokkal &#8211; cs\u00f6vekkel. Egysz\u00f3val minden lehet hangszer.<\/p>\n<p><iframe loading=\"lazy\" width=\"800\" height=\"600\" src=\"https:\/\/www.youtube.com\/embed\/TyMgEXF4cxo?feature=oembed\" frameborder=\"0\" allowfullscreen><\/iframe><\/p>\n","protected":false},"excerpt":{"rendered":"<p>&nbsp; \u00dct\u0151s\u00f6k kuk\u00e1n, hord\u00f3n, v\u00f6dr\u00f6k\u00f6n botokkal &#8211; cs\u00f6vekkel. Egysz\u00f3val minden lehet hangszer.<\/p>\n","protected":false},"author":1,"featured_media":1326,"parent":37,"menu_order":0,"comment_status":"open","ping_status":"open","template":"","meta":{"footnotes":""},"aioseo_notices":[],"_links":{"self":[{"href":"http:\/\/www.szikorarendezoiroda.hu\/szikora\/wp-json\/wp\/v2\/pages\/1325"}],"collection":[{"href":"http:\/\/www.szikorarendezoiroda.hu\/szikora\/wp-json\/wp\/v2\/pages"}],"about":[{"href":"http:\/\/www.szikorarendezoiroda.hu\/szikora\/wp-json\/wp\/v2\/types\/page"}],"author":[{"embeddable":true,"href":"http:\/\/www.szikorarendezoiroda.hu\/szikora\/wp-json\/wp\/v2\/users\/1"}],"replies":[{"embeddable":true,"href":"http:\/\/www.szikorarendezoiroda.hu\/szikora\/wp-json\/wp\/v2\/comments?post=1325"}],"version-history":[{"count":3,"href":"http:\/\/www.szikorarendezoiroda.hu\/szikora\/wp-json\/wp\/v2\/pages\/1325\/revisions"}],"predecessor-version":[{"id":3139,"href":"http:\/\/www.szikorarendezoiroda.hu\/szikora\/wp-json\/wp\/v2\/pages\/1325\/revisions\/3139"}],"up":[{"embeddable":true,"href":"http:\/\/www.szikorarendezoiroda.hu\/szikora\/wp-json\/wp\/v2\/pages\/37"}],"wp:featuredmedia":[{"embeddable":true,"href":"http:\/\/www.szikorarendezoiroda.hu\/szikora\/wp-json\/wp\/v2\/media\/1326"}],"wp:attachment":[{"href":"http:\/\/www.szikorarendezoiroda.hu\/szikora\/wp-json\/wp\/v2\/media?parent=1325"}],"curies":[{"name":"wp","href":"https:\/\/api.w.org\/{rel}","templated":true}]}}