{"id":1295,"date":"2015-06-02T08:13:09","date_gmt":"2015-06-02T08:13:09","guid":{"rendered":"http:\/\/www.szikorarendezoiroda.hu\/szikora\/?page_id=1295"},"modified":"2018-08-05T07:24:26","modified_gmt":"2018-08-05T07:24:26","slug":"glasso","status":"publish","type":"page","link":"http:\/\/www.szikorarendezoiroda.hu\/szikora\/hangszerek-muveszei\/glasso\/","title":{"rendered":"GLASSO"},"content":{"rendered":"<p><em><span style=\"font-family: Georgia,Palatino; font-size: 12pt;\">\u2013 az \u00e9nekl\u0151 poharak<\/span><\/em><\/p>\n<p>&nbsp;<\/p>\n<p><span style=\"font-family: Georgia,Palatino; font-size: 12pt;\">Egy egyed\u00fcl\u00e1ll\u00f3 produkci\u00f3, melynek hangszerei a poharak.<\/span><\/p>\n<p><iframe loading=\"lazy\" width=\"800\" height=\"450\" src=\"https:\/\/www.youtube.com\/embed\/jg_xbtcJsn0?feature=oembed\" frameborder=\"0\" allowfullscreen><\/iframe><\/p>\n","protected":false},"excerpt":{"rendered":"<p>\u2013 az \u00e9nekl\u0151 poharak &nbsp; Egy egyed\u00fcl\u00e1ll\u00f3 produkci\u00f3, melynek hangszerei a poharak.<\/p>\n","protected":false},"author":1,"featured_media":122,"parent":37,"menu_order":0,"comment_status":"open","ping_status":"open","template":"","meta":{"footnotes":""},"aioseo_notices":[],"_links":{"self":[{"href":"http:\/\/www.szikorarendezoiroda.hu\/szikora\/wp-json\/wp\/v2\/pages\/1295"}],"collection":[{"href":"http:\/\/www.szikorarendezoiroda.hu\/szikora\/wp-json\/wp\/v2\/pages"}],"about":[{"href":"http:\/\/www.szikorarendezoiroda.hu\/szikora\/wp-json\/wp\/v2\/types\/page"}],"author":[{"embeddable":true,"href":"http:\/\/www.szikorarendezoiroda.hu\/szikora\/wp-json\/wp\/v2\/users\/1"}],"replies":[{"embeddable":true,"href":"http:\/\/www.szikorarendezoiroda.hu\/szikora\/wp-json\/wp\/v2\/comments?post=1295"}],"version-history":[{"count":3,"href":"http:\/\/www.szikorarendezoiroda.hu\/szikora\/wp-json\/wp\/v2\/pages\/1295\/revisions"}],"predecessor-version":[{"id":3132,"href":"http:\/\/www.szikorarendezoiroda.hu\/szikora\/wp-json\/wp\/v2\/pages\/1295\/revisions\/3132"}],"up":[{"embeddable":true,"href":"http:\/\/www.szikorarendezoiroda.hu\/szikora\/wp-json\/wp\/v2\/pages\/37"}],"wp:featuredmedia":[{"embeddable":true,"href":"http:\/\/www.szikorarendezoiroda.hu\/szikora\/wp-json\/wp\/v2\/media\/122"}],"wp:attachment":[{"href":"http:\/\/www.szikorarendezoiroda.hu\/szikora\/wp-json\/wp\/v2\/media?parent=1295"}],"curies":[{"name":"wp","href":"https:\/\/api.w.org\/{rel}","templated":true}]}}