{"id":1286,"date":"2015-06-02T08:09:30","date_gmt":"2015-06-02T08:09:30","guid":{"rendered":"http:\/\/www.szikorarendezoiroda.hu\/szikora\/?page_id=1286"},"modified":"2018-08-05T07:23:00","modified_gmt":"2018-08-05T07:23:00","slug":"duo-deliciosa","status":"publish","type":"page","link":"http:\/\/www.szikorarendezoiroda.hu\/szikora\/hangszerek-muveszei\/duo-deliciosa\/","title":{"rendered":"DUO DELIZIOSA"},"content":{"rendered":"<p>&nbsp;<\/p>\n<p><span style=\"font-family: Georgia,Palatino; font-size: 12pt;\">H\u00e1rfa \u00e9s fuvola rendk\u00edv\u00fcl kellemes \u00e9s eleg\u00e1ns hangz\u00e1s\u00fa kett\u0151se.<\/span><\/p>\n","protected":false},"excerpt":{"rendered":"<p>&nbsp; H\u00e1rfa \u00e9s fuvola rendk\u00edv\u00fcl kellemes \u00e9s eleg\u00e1ns hangz\u00e1s\u00fa kett\u0151se.<\/p>\n","protected":false},"author":1,"featured_media":3129,"parent":37,"menu_order":0,"comment_status":"open","ping_status":"open","template":"","meta":{"footnotes":""},"aioseo_notices":[],"_links":{"self":[{"href":"http:\/\/www.szikorarendezoiroda.hu\/szikora\/wp-json\/wp\/v2\/pages\/1286"}],"collection":[{"href":"http:\/\/www.szikorarendezoiroda.hu\/szikora\/wp-json\/wp\/v2\/pages"}],"about":[{"href":"http:\/\/www.szikorarendezoiroda.hu\/szikora\/wp-json\/wp\/v2\/types\/page"}],"author":[{"embeddable":true,"href":"http:\/\/www.szikorarendezoiroda.hu\/szikora\/wp-json\/wp\/v2\/users\/1"}],"replies":[{"embeddable":true,"href":"http:\/\/www.szikorarendezoiroda.hu\/szikora\/wp-json\/wp\/v2\/comments?post=1286"}],"version-history":[{"count":4,"href":"http:\/\/www.szikorarendezoiroda.hu\/szikora\/wp-json\/wp\/v2\/pages\/1286\/revisions"}],"predecessor-version":[{"id":3130,"href":"http:\/\/www.szikorarendezoiroda.hu\/szikora\/wp-json\/wp\/v2\/pages\/1286\/revisions\/3130"}],"up":[{"embeddable":true,"href":"http:\/\/www.szikorarendezoiroda.hu\/szikora\/wp-json\/wp\/v2\/pages\/37"}],"wp:featuredmedia":[{"embeddable":true,"href":"http:\/\/www.szikorarendezoiroda.hu\/szikora\/wp-json\/wp\/v2\/media\/3129"}],"wp:attachment":[{"href":"http:\/\/www.szikorarendezoiroda.hu\/szikora\/wp-json\/wp\/v2\/media?parent=1286"}],"curies":[{"name":"wp","href":"https:\/\/api.w.org\/{rel}","templated":true}]}}