{"id":1247,"date":"2015-06-02T07:29:37","date_gmt":"2015-06-02T07:29:37","guid":{"rendered":"http:\/\/www.szikorarendezoiroda.hu\/szikora\/?page_id=1247"},"modified":"2018-08-05T07:16:52","modified_gmt":"2018-08-05T07:16:52","slug":"mesek-matyas-kiralyrol","status":"publish","type":"page","link":"http:\/\/www.szikorarendezoiroda.hu\/szikora\/gyerekszinhazi-eloadasok\/mesek-matyas-kiralyrol\/","title":{"rendered":"MES\u00c9K M\u00c1TY\u00c1S KIR\u00c1LYR\u00d3L"},"content":{"rendered":"<p><span style=\"font-family: Georgia,Palatino; font-size: 12pt;\"><em>\u00a0&#8211; 5 szerepl\u0151vel<\/em><\/span><\/p>\n<p>&nbsp;<\/p>\n<p><span style=\"font-family: Georgia,Palatino; font-size: 12pt;\">A magyarok legend\u00e1s kir\u00e1ly\u00e1r\u00f3l, az igazs\u00e1gos M\u00e1ty\u00e1sr\u00f3l sz\u00f3l\u00f3 t\u00f6rt\u00e9neteket gy\u0171jt\u00f6tt\u00fck egy csokorba. A zene a korabeli udvari muzsik\u00e1t id\u00e9zi, a jelmezek, d\u00edszletek nagyon l\u00e1tv\u00e1nyosak. Igazi renesz\u00e1nsz hangulatot teremtenek.<\/span><\/p>\n","protected":false},"excerpt":{"rendered":"<p>\u00a0&#8211; 5 szerepl\u0151vel &nbsp; A magyarok legend\u00e1s kir\u00e1ly\u00e1r\u00f3l, az igazs\u00e1gos M\u00e1ty\u00e1sr\u00f3l sz\u00f3l\u00f3 t\u00f6rt\u00e9neteket gy\u0171jt\u00f6tt\u00fck egy csokorba. A zene a korabeli udvari muzsik\u00e1t id\u00e9zi, a jelmezek, d\u00edszletek nagyon l\u00e1tv\u00e1nyosak. Igazi renesz\u00e1nsz <a class=\"more-link\" href=\"http:\/\/www.szikorarendezoiroda.hu\/szikora\/gyerekszinhazi-eloadasok\/mesek-matyas-kiralyrol\/\">A folytat&aacute;s olvas&aacute;sa &rarr;<\/a><\/p>\n","protected":false},"author":1,"featured_media":3123,"parent":1204,"menu_order":0,"comment_status":"open","ping_status":"open","template":"","meta":{"footnotes":""},"aioseo_notices":[],"_links":{"self":[{"href":"http:\/\/www.szikorarendezoiroda.hu\/szikora\/wp-json\/wp\/v2\/pages\/1247"}],"collection":[{"href":"http:\/\/www.szikorarendezoiroda.hu\/szikora\/wp-json\/wp\/v2\/pages"}],"about":[{"href":"http:\/\/www.szikorarendezoiroda.hu\/szikora\/wp-json\/wp\/v2\/types\/page"}],"author":[{"embeddable":true,"href":"http:\/\/www.szikorarendezoiroda.hu\/szikora\/wp-json\/wp\/v2\/users\/1"}],"replies":[{"embeddable":true,"href":"http:\/\/www.szikorarendezoiroda.hu\/szikora\/wp-json\/wp\/v2\/comments?post=1247"}],"version-history":[{"count":2,"href":"http:\/\/www.szikorarendezoiroda.hu\/szikora\/wp-json\/wp\/v2\/pages\/1247\/revisions"}],"predecessor-version":[{"id":3124,"href":"http:\/\/www.szikorarendezoiroda.hu\/szikora\/wp-json\/wp\/v2\/pages\/1247\/revisions\/3124"}],"up":[{"embeddable":true,"href":"http:\/\/www.szikorarendezoiroda.hu\/szikora\/wp-json\/wp\/v2\/pages\/1204"}],"wp:featuredmedia":[{"embeddable":true,"href":"http:\/\/www.szikorarendezoiroda.hu\/szikora\/wp-json\/wp\/v2\/media\/3123"}],"wp:attachment":[{"href":"http:\/\/www.szikorarendezoiroda.hu\/szikora\/wp-json\/wp\/v2\/media?parent=1247"}],"curies":[{"name":"wp","href":"https:\/\/api.w.org\/{rel}","templated":true}]}}