{"id":1244,"date":"2015-06-02T07:27:18","date_gmt":"2015-06-02T07:27:18","guid":{"rendered":"http:\/\/www.szikorarendezoiroda.hu\/szikora\/?page_id=1244"},"modified":"2018-08-05T07:16:55","modified_gmt":"2018-08-05T07:16:55","slug":"tapsifules-a-varazslatos-husveti-nyul","status":"publish","type":"page","link":"http:\/\/www.szikorarendezoiroda.hu\/szikora\/gyerekszinhazi-eloadasok\/tapsifules-a-varazslatos-husveti-nyul\/","title":{"rendered":"TAPSIF\u00dcLES, A VAR\u00c1ZSLATOS H\u00daSV\u00c9TI NY\u00daL"},"content":{"rendered":"<p><em><span style=\"font-family: Georgia,Palatino; font-size: 12pt;\">5 szerepl\u0151vel<\/span><\/em><\/p>\n<p>&nbsp;<\/p>\n<p><span style=\"font-family: Georgia,Palatino; font-size: 12pt;\">Lala boh\u00f3c \u00e9s Lili boh\u00f3c \u00f6sszevesznek \u00e9s sz\u00e9tv\u00e1lnak \u00fatjaik. Lili levelet kap bar\u00e1tj\u00e1t\u00f3l Tapsif\u00fclest\u0151l, \u00e9s r\u00e1j\u00f6n, hogyan seg\u00edthetne neki. A nagy h\u00fasv\u00e9ti kavalk\u00e1dban Lali boh\u00f3c is j\u00f3 \u00fatra t\u00e9r.<\/span><\/p>\n","protected":false},"excerpt":{"rendered":"<p>5 szerepl\u0151vel &nbsp; Lala boh\u00f3c \u00e9s Lili boh\u00f3c \u00f6sszevesznek \u00e9s sz\u00e9tv\u00e1lnak \u00fatjaik. Lili levelet kap bar\u00e1tj\u00e1t\u00f3l Tapsif\u00fclest\u0151l, \u00e9s r\u00e1j\u00f6n, hogyan seg\u00edthetne neki. A nagy h\u00fasv\u00e9ti kavalk\u00e1dban Lali boh\u00f3c is j\u00f3 <a class=\"more-link\" href=\"http:\/\/www.szikorarendezoiroda.hu\/szikora\/gyerekszinhazi-eloadasok\/tapsifules-a-varazslatos-husveti-nyul\/\">A folytat&aacute;s olvas&aacute;sa &rarr;<\/a><\/p>\n","protected":false},"author":1,"featured_media":1245,"parent":1204,"menu_order":0,"comment_status":"open","ping_status":"open","template":"","meta":{"footnotes":""},"aioseo_notices":[],"_links":{"self":[{"href":"http:\/\/www.szikorarendezoiroda.hu\/szikora\/wp-json\/wp\/v2\/pages\/1244"}],"collection":[{"href":"http:\/\/www.szikorarendezoiroda.hu\/szikora\/wp-json\/wp\/v2\/pages"}],"about":[{"href":"http:\/\/www.szikorarendezoiroda.hu\/szikora\/wp-json\/wp\/v2\/types\/page"}],"author":[{"embeddable":true,"href":"http:\/\/www.szikorarendezoiroda.hu\/szikora\/wp-json\/wp\/v2\/users\/1"}],"replies":[{"embeddable":true,"href":"http:\/\/www.szikorarendezoiroda.hu\/szikora\/wp-json\/wp\/v2\/comments?post=1244"}],"version-history":[{"count":2,"href":"http:\/\/www.szikorarendezoiroda.hu\/szikora\/wp-json\/wp\/v2\/pages\/1244\/revisions"}],"predecessor-version":[{"id":3116,"href":"http:\/\/www.szikorarendezoiroda.hu\/szikora\/wp-json\/wp\/v2\/pages\/1244\/revisions\/3116"}],"up":[{"embeddable":true,"href":"http:\/\/www.szikorarendezoiroda.hu\/szikora\/wp-json\/wp\/v2\/pages\/1204"}],"wp:featuredmedia":[{"embeddable":true,"href":"http:\/\/www.szikorarendezoiroda.hu\/szikora\/wp-json\/wp\/v2\/media\/1245"}],"wp:attachment":[{"href":"http:\/\/www.szikorarendezoiroda.hu\/szikora\/wp-json\/wp\/v2\/media?parent=1244"}],"curies":[{"name":"wp","href":"https:\/\/api.w.org\/{rel}","templated":true}]}}