{"id":1240,"date":"2015-06-02T07:26:09","date_gmt":"2015-06-02T07:26:09","guid":{"rendered":"http:\/\/www.szikorarendezoiroda.hu\/szikora\/?page_id=1240"},"modified":"2015-06-02T07:26:09","modified_gmt":"2015-06-02T07:26:09","slug":"meselnek-az-allatok","status":"publish","type":"page","link":"http:\/\/www.szikorarendezoiroda.hu\/szikora\/gyerekszinhazi-eloadasok\/meselnek-az-allatok\/","title":{"rendered":"MES\u00c9LNEK AZ \u00c1LLATOK"},"content":{"rendered":"<p><span style=\"font-family: Georgia,Palatino; font-size: 12pt;\">2 szerepl\u0151vel<\/span><\/p>\n<p><span style=\"font-family: Georgia,Palatino; font-size: 12pt;\">Sok-sok ismert dallal \u00e9s nagyszer\u0171 j\u00e1t\u00e9kokkal var\u00e1zsolja el Cicamic \u00e9s Kand\u00far Bandi a k\u00e9t \u00e1lland\u00f3an veszeked\u0151 macska a gyerekeket.<\/span><\/p>\n","protected":false},"excerpt":{"rendered":"<p>2 szerepl\u0151vel Sok-sok ismert dallal \u00e9s nagyszer\u0171 j\u00e1t\u00e9kokkal var\u00e1zsolja el Cicamic \u00e9s Kand\u00far Bandi a k\u00e9t \u00e1lland\u00f3an veszeked\u0151 macska a gyerekeket.<\/p>\n","protected":false},"author":1,"featured_media":0,"parent":1204,"menu_order":0,"comment_status":"open","ping_status":"open","template":"","meta":{"footnotes":""},"aioseo_notices":[],"_links":{"self":[{"href":"http:\/\/www.szikorarendezoiroda.hu\/szikora\/wp-json\/wp\/v2\/pages\/1240"}],"collection":[{"href":"http:\/\/www.szikorarendezoiroda.hu\/szikora\/wp-json\/wp\/v2\/pages"}],"about":[{"href":"http:\/\/www.szikorarendezoiroda.hu\/szikora\/wp-json\/wp\/v2\/types\/page"}],"author":[{"embeddable":true,"href":"http:\/\/www.szikorarendezoiroda.hu\/szikora\/wp-json\/wp\/v2\/users\/1"}],"replies":[{"embeddable":true,"href":"http:\/\/www.szikorarendezoiroda.hu\/szikora\/wp-json\/wp\/v2\/comments?post=1240"}],"version-history":[{"count":1,"href":"http:\/\/www.szikorarendezoiroda.hu\/szikora\/wp-json\/wp\/v2\/pages\/1240\/revisions"}],"predecessor-version":[{"id":1241,"href":"http:\/\/www.szikorarendezoiroda.hu\/szikora\/wp-json\/wp\/v2\/pages\/1240\/revisions\/1241"}],"up":[{"embeddable":true,"href":"http:\/\/www.szikorarendezoiroda.hu\/szikora\/wp-json\/wp\/v2\/pages\/1204"}],"wp:attachment":[{"href":"http:\/\/www.szikorarendezoiroda.hu\/szikora\/wp-json\/wp\/v2\/media?parent=1240"}],"curies":[{"name":"wp","href":"https:\/\/api.w.org\/{rel}","templated":true}]}}