{"id":1237,"date":"2015-06-02T07:23:41","date_gmt":"2015-06-02T07:23:41","guid":{"rendered":"http:\/\/www.szikorarendezoiroda.hu\/szikora\/?page_id=1237"},"modified":"2018-08-05T07:00:53","modified_gmt":"2018-08-05T07:00:53","slug":"utazas-a-vilag-korul-mircivel-es-bolhassal","status":"publish","type":"page","link":"http:\/\/www.szikorarendezoiroda.hu\/szikora\/gyerekszinhazi-eloadasok\/utazas-a-vilag-korul-mircivel-es-bolhassal\/","title":{"rendered":"UTAZ\u00c1S A VIL\u00c1G K\u00d6R\u00dcL MIRCIVEL \u00c9S BOLH\u00c1SSAL"},"content":{"rendered":"<p><span style=\"font-family: Georgia,Palatino; font-size: 12pt;\"><em>&#8211; 3 szerepl\u0151vel<\/em><\/span><\/p>\n<p>&nbsp;<\/p>\n<p><span style=\"font-family: Georgia,Palatino; font-size: 12pt;\"><em>Marco Polo, a nagy utaz\u00f3 elindul, hogy \u00fajra felfedezze a vil\u00e1got a gyerekekkel \u00e9s k\u00e9t h\u0171 t\u00e1rs\u00e1val, Mircivel \u00e9s Bolh\u00e1ssal. Megismerik a k\u00fcl\u00f6nb\u00f6z\u0151 \u00e1llatokat \u00e9s n\u00f6v\u00e9nyeket, s az ott \u00e9l\u0151 sokf\u00e9le embert mindezt kieg\u00e9sz\u00edtve zen\u00e9vel \u00e9s j\u00e1t\u00e9kkal.<\/em><\/span><\/p>\n","protected":false},"excerpt":{"rendered":"<p>&#8211; 3 szerepl\u0151vel &nbsp; Marco Polo, a nagy utaz\u00f3 elindul, hogy \u00fajra felfedezze a vil\u00e1got a gyerekekkel \u00e9s k\u00e9t h\u0171 t\u00e1rs\u00e1val, Mircivel \u00e9s Bolh\u00e1ssal. Megismerik a k\u00fcl\u00f6nb\u00f6z\u0151 \u00e1llatokat \u00e9s n\u00f6v\u00e9nyeket, <a class=\"more-link\" href=\"http:\/\/www.szikorarendezoiroda.hu\/szikora\/gyerekszinhazi-eloadasok\/utazas-a-vilag-korul-mircivel-es-bolhassal\/\">A folytat&aacute;s olvas&aacute;sa &rarr;<\/a><\/p>\n","protected":false},"author":1,"featured_media":1238,"parent":1204,"menu_order":0,"comment_status":"open","ping_status":"open","template":"","meta":{"footnotes":""},"aioseo_notices":[],"_links":{"self":[{"href":"http:\/\/www.szikorarendezoiroda.hu\/szikora\/wp-json\/wp\/v2\/pages\/1237"}],"collection":[{"href":"http:\/\/www.szikorarendezoiroda.hu\/szikora\/wp-json\/wp\/v2\/pages"}],"about":[{"href":"http:\/\/www.szikorarendezoiroda.hu\/szikora\/wp-json\/wp\/v2\/types\/page"}],"author":[{"embeddable":true,"href":"http:\/\/www.szikorarendezoiroda.hu\/szikora\/wp-json\/wp\/v2\/users\/1"}],"replies":[{"embeddable":true,"href":"http:\/\/www.szikorarendezoiroda.hu\/szikora\/wp-json\/wp\/v2\/comments?post=1237"}],"version-history":[{"count":2,"href":"http:\/\/www.szikorarendezoiroda.hu\/szikora\/wp-json\/wp\/v2\/pages\/1237\/revisions"}],"predecessor-version":[{"id":3111,"href":"http:\/\/www.szikorarendezoiroda.hu\/szikora\/wp-json\/wp\/v2\/pages\/1237\/revisions\/3111"}],"up":[{"embeddable":true,"href":"http:\/\/www.szikorarendezoiroda.hu\/szikora\/wp-json\/wp\/v2\/pages\/1204"}],"wp:featuredmedia":[{"embeddable":true,"href":"http:\/\/www.szikorarendezoiroda.hu\/szikora\/wp-json\/wp\/v2\/media\/1238"}],"wp:attachment":[{"href":"http:\/\/www.szikorarendezoiroda.hu\/szikora\/wp-json\/wp\/v2\/media?parent=1237"}],"curies":[{"name":"wp","href":"https:\/\/api.w.org\/{rel}","templated":true}]}}