{"id":1233,"date":"2015-06-02T07:22:29","date_gmt":"2015-06-02T07:22:29","guid":{"rendered":"http:\/\/www.szikorarendezoiroda.hu\/szikora\/?page_id=1233"},"modified":"2018-08-05T07:03:22","modified_gmt":"2018-08-05T07:03:22","slug":"ludas-matyi","status":"publish","type":"page","link":"http:\/\/www.szikorarendezoiroda.hu\/szikora\/gyerekszinhazi-eloadasok\/ludas-matyi\/","title":{"rendered":"LUDAS MATYI"},"content":{"rendered":"<p><em><span style=\"font-family: Georgia,Palatino; font-size: 12pt;\">\u00a04 szerepl\u0151vel<\/span><\/em><\/p>\n<p>&nbsp;<\/p>\n<p><span style=\"font-family: Georgia,Palatino; font-size: 12pt;\">Tal\u00e1n ez a legismertebb magyar mese. Megtudjuk hogyan j\u00e1rt t\u00fal a gonosz D\u00f6br\u00f6gi f\u00f6ldes\u00far esz\u00e9n az egyszer\u0171 parasztleg\u00e9ny, Ludas Matyi.<\/span><\/p>\n","protected":false},"excerpt":{"rendered":"<p>\u00a04 szerepl\u0151vel &nbsp; Tal\u00e1n ez a legismertebb magyar mese. Megtudjuk hogyan j\u00e1rt t\u00fal a gonosz D\u00f6br\u00f6gi f\u00f6ldes\u00far esz\u00e9n az egyszer\u0171 parasztleg\u00e9ny, Ludas Matyi.<\/p>\n","protected":false},"author":1,"featured_media":3115,"parent":1204,"menu_order":0,"comment_status":"open","ping_status":"open","template":"","meta":{"footnotes":""},"aioseo_notices":[],"_links":{"self":[{"href":"http:\/\/www.szikorarendezoiroda.hu\/szikora\/wp-json\/wp\/v2\/pages\/1233"}],"collection":[{"href":"http:\/\/www.szikorarendezoiroda.hu\/szikora\/wp-json\/wp\/v2\/pages"}],"about":[{"href":"http:\/\/www.szikorarendezoiroda.hu\/szikora\/wp-json\/wp\/v2\/types\/page"}],"author":[{"embeddable":true,"href":"http:\/\/www.szikorarendezoiroda.hu\/szikora\/wp-json\/wp\/v2\/users\/1"}],"replies":[{"embeddable":true,"href":"http:\/\/www.szikorarendezoiroda.hu\/szikora\/wp-json\/wp\/v2\/comments?post=1233"}],"version-history":[{"count":2,"href":"http:\/\/www.szikorarendezoiroda.hu\/szikora\/wp-json\/wp\/v2\/pages\/1233\/revisions"}],"predecessor-version":[{"id":3113,"href":"http:\/\/www.szikorarendezoiroda.hu\/szikora\/wp-json\/wp\/v2\/pages\/1233\/revisions\/3113"}],"up":[{"embeddable":true,"href":"http:\/\/www.szikorarendezoiroda.hu\/szikora\/wp-json\/wp\/v2\/pages\/1204"}],"wp:featuredmedia":[{"embeddable":true,"href":"http:\/\/www.szikorarendezoiroda.hu\/szikora\/wp-json\/wp\/v2\/media\/3115"}],"wp:attachment":[{"href":"http:\/\/www.szikorarendezoiroda.hu\/szikora\/wp-json\/wp\/v2\/media?parent=1233"}],"curies":[{"name":"wp","href":"https:\/\/api.w.org\/{rel}","templated":true}]}}