{"id":1227,"date":"2015-06-02T07:17:56","date_gmt":"2015-06-02T07:17:56","guid":{"rendered":"http:\/\/www.szikorarendezoiroda.hu\/szikora\/?page_id=1227"},"modified":"2018-08-05T06:58:34","modified_gmt":"2018-08-05T06:58:34","slug":"elvarazsolt-kiralyfi","status":"publish","type":"page","link":"http:\/\/www.szikorarendezoiroda.hu\/szikora\/gyerekszinhazi-eloadasok\/elvarazsolt-kiralyfi\/","title":{"rendered":"ELVAR\u00c1ZSOLT KIR\u00c1LYFI"},"content":{"rendered":"<p><span style=\"font-family: Georgia,Palatino; font-size: 12pt;\"><em>3 szerepl\u0151vel<\/em><\/span><\/p>\n<p>&nbsp;<\/p>\n<p><span style=\"font-family: Georgia,Palatino; font-size: 12pt;\">A f\u0151szerepl\u0151 kisl\u00e1ny Juliska, aki elindul vil\u00e1gg\u00e1, hogy megtal\u00e1lja a boldogs\u00e1g\u00e1t. Tal\u00e1lkozik az \u00d6rd\u00f6ggel, a Boszork\u00e1nnyal \u00e9s a Kal\u00f3zzal, akiknek a pr\u00f3bat\u00e9teleit mind ki\u00e1llja \u00e9s a v\u00e9g\u00e9n megtal\u00e1lja boldogs\u00e1g\u00e1t.<\/span><\/p>\n","protected":false},"excerpt":{"rendered":"<p>3 szerepl\u0151vel &nbsp; A f\u0151szerepl\u0151 kisl\u00e1ny Juliska, aki elindul vil\u00e1gg\u00e1, hogy megtal\u00e1lja a boldogs\u00e1g\u00e1t. Tal\u00e1lkozik az \u00d6rd\u00f6ggel, a Boszork\u00e1nnyal \u00e9s a Kal\u00f3zzal, akiknek a pr\u00f3bat\u00e9teleit mind ki\u00e1llja \u00e9s a v\u00e9g\u00e9n <a class=\"more-link\" href=\"http:\/\/www.szikorarendezoiroda.hu\/szikora\/gyerekszinhazi-eloadasok\/elvarazsolt-kiralyfi\/\">A folytat&aacute;s olvas&aacute;sa &rarr;<\/a><\/p>\n","protected":false},"author":1,"featured_media":3108,"parent":1204,"menu_order":0,"comment_status":"open","ping_status":"open","template":"","meta":{"footnotes":""},"aioseo_notices":[],"_links":{"self":[{"href":"http:\/\/www.szikorarendezoiroda.hu\/szikora\/wp-json\/wp\/v2\/pages\/1227"}],"collection":[{"href":"http:\/\/www.szikorarendezoiroda.hu\/szikora\/wp-json\/wp\/v2\/pages"}],"about":[{"href":"http:\/\/www.szikorarendezoiroda.hu\/szikora\/wp-json\/wp\/v2\/types\/page"}],"author":[{"embeddable":true,"href":"http:\/\/www.szikorarendezoiroda.hu\/szikora\/wp-json\/wp\/v2\/users\/1"}],"replies":[{"embeddable":true,"href":"http:\/\/www.szikorarendezoiroda.hu\/szikora\/wp-json\/wp\/v2\/comments?post=1227"}],"version-history":[{"count":2,"href":"http:\/\/www.szikorarendezoiroda.hu\/szikora\/wp-json\/wp\/v2\/pages\/1227\/revisions"}],"predecessor-version":[{"id":3106,"href":"http:\/\/www.szikorarendezoiroda.hu\/szikora\/wp-json\/wp\/v2\/pages\/1227\/revisions\/3106"}],"up":[{"embeddable":true,"href":"http:\/\/www.szikorarendezoiroda.hu\/szikora\/wp-json\/wp\/v2\/pages\/1204"}],"wp:featuredmedia":[{"embeddable":true,"href":"http:\/\/www.szikorarendezoiroda.hu\/szikora\/wp-json\/wp\/v2\/media\/3108"}],"wp:attachment":[{"href":"http:\/\/www.szikorarendezoiroda.hu\/szikora\/wp-json\/wp\/v2\/media?parent=1227"}],"curies":[{"name":"wp","href":"https:\/\/api.w.org\/{rel}","templated":true}]}}