{"id":1224,"date":"2015-06-02T07:16:24","date_gmt":"2015-06-02T07:16:24","guid":{"rendered":"http:\/\/www.szikorarendezoiroda.hu\/szikora\/?page_id=1224"},"modified":"2018-08-05T06:59:07","modified_gmt":"2018-08-05T06:59:07","slug":"csodafurulya","status":"publish","type":"page","link":"http:\/\/www.szikorarendezoiroda.hu\/szikora\/gyerekszinhazi-eloadasok\/csodafurulya\/","title":{"rendered":"CSODAFURULYA"},"content":{"rendered":"<p><em><span style=\"font-family: Georgia,Palatino; font-size: 12pt;\">Sz\u00e9kely n\u00e9pmese alapj\u00e1n 4 szerepl\u0151vel<\/span><\/em><\/p>\n<p>&nbsp;<\/p>\n<p><span style=\"font-family: Georgia,Palatino; font-size: 12pt;\">Az \u00f6reg kir\u00e1ly elk\u00fcldi l\u00e1nyait az erd\u0151be m\u00e1ln\u00e1t szedni. \u00cdgy akarja megtudni, hogy ki a leg\u00fcgyesebb, legszorgalmasabb, \u00e9s ki\u00e9 legyen a korona. Egyik l\u00e1nya nem t\u00e9r vissza, de a csodafurulya seg\u00edts\u00e9g\u00e9vel visszakapja a l\u00e1ny\u00e1t.<\/span><\/p>\n","protected":false},"excerpt":{"rendered":"<p>Sz\u00e9kely n\u00e9pmese alapj\u00e1n 4 szerepl\u0151vel &nbsp; Az \u00f6reg kir\u00e1ly elk\u00fcldi l\u00e1nyait az erd\u0151be m\u00e1ln\u00e1t szedni. \u00cdgy akarja megtudni, hogy ki a leg\u00fcgyesebb, legszorgalmasabb, \u00e9s ki\u00e9 legyen a korona. Egyik l\u00e1nya <a class=\"more-link\" href=\"http:\/\/www.szikorarendezoiroda.hu\/szikora\/gyerekszinhazi-eloadasok\/csodafurulya\/\">A folytat&aacute;s olvas&aacute;sa &rarr;<\/a><\/p>\n","protected":false},"author":1,"featured_media":1225,"parent":1204,"menu_order":0,"comment_status":"open","ping_status":"open","template":"","meta":{"footnotes":""},"aioseo_notices":[],"_links":{"self":[{"href":"http:\/\/www.szikorarendezoiroda.hu\/szikora\/wp-json\/wp\/v2\/pages\/1224"}],"collection":[{"href":"http:\/\/www.szikorarendezoiroda.hu\/szikora\/wp-json\/wp\/v2\/pages"}],"about":[{"href":"http:\/\/www.szikorarendezoiroda.hu\/szikora\/wp-json\/wp\/v2\/types\/page"}],"author":[{"embeddable":true,"href":"http:\/\/www.szikorarendezoiroda.hu\/szikora\/wp-json\/wp\/v2\/users\/1"}],"replies":[{"embeddable":true,"href":"http:\/\/www.szikorarendezoiroda.hu\/szikora\/wp-json\/wp\/v2\/comments?post=1224"}],"version-history":[{"count":2,"href":"http:\/\/www.szikorarendezoiroda.hu\/szikora\/wp-json\/wp\/v2\/pages\/1224\/revisions"}],"predecessor-version":[{"id":3109,"href":"http:\/\/www.szikorarendezoiroda.hu\/szikora\/wp-json\/wp\/v2\/pages\/1224\/revisions\/3109"}],"up":[{"embeddable":true,"href":"http:\/\/www.szikorarendezoiroda.hu\/szikora\/wp-json\/wp\/v2\/pages\/1204"}],"wp:featuredmedia":[{"embeddable":true,"href":"http:\/\/www.szikorarendezoiroda.hu\/szikora\/wp-json\/wp\/v2\/media\/1225"}],"wp:attachment":[{"href":"http:\/\/www.szikorarendezoiroda.hu\/szikora\/wp-json\/wp\/v2\/media?parent=1224"}],"curies":[{"name":"wp","href":"https:\/\/api.w.org\/{rel}","templated":true}]}}